{"id":94544,"date":"2023-08-18T10:12:53","date_gmt":"2023-08-18T10:12:53","guid":{"rendered":"https:\/\/staging.joyn.eu\/?page_id=94544"},"modified":"2025-04-25T14:03:05","modified_gmt":"2025-04-25T14:03:05","slug":"joyn-business-apps","status":"publish","type":"page","link":"https:\/\/staging.joyn.eu\/fr-fr\/merchant-helpcenter\/joyn-business-apps\/","title":{"rendered":"Joyn Business Apps\u200b"},"content":{"rendered":"\t\t<div data-elementor-type=\"wp-page\" data-elementor-id=\"94544\" class=\"elementor elementor-94544\" data-elementor-post-type=\"page\">\n\t\t\t\t<div class=\"elementor-element elementor-element-2acb5af e-flex e-con-boxed e-con e-parent\" data-id=\"2acb5af\" data-element_type=\"container\" data-e-type=\"container\">\n\t\t\t\t\t<div class=\"e-con-inner\">\n\t\t\t\t<div class=\"elementor-element elementor-element-b646997 elementor-widget elementor-widget-qi_addons_for_elementor_blog_list\" data-id=\"b646997\" data-element_type=\"widget\" data-e-type=\"widget\" data-widget_type=\"qi_addons_for_elementor_blog_list.default\">\n\t\t\t\t<div class=\"elementor-widget-container\">\n\t\t\t\t\t<div class=\"qodef-shortcode qodef-m qodef-addons-blog-list qodef-info-no-icons qodef-image--hover-zoom qodef-qi-grid qodef-layout--qi-columns qodef-col-num--3 qodef-item-layout--boxed qodef-responsive--predefined\" >\n\t<div class=\"qodef-grid-inner\">\n\t\t<article class=\"qodef-e qodef-blog-item qodef-grid-item qodef-item--square post-93878 post type-post status-publish format-standard hentry category-joyn-business-apps category-merchant-helpcenter-fr\">\n\t<div class=\"qodef-e-inner\">\n\t\t<div class=\"qodef-e-media-holder\">\n\t\t\t<div class=\"qodef-e-media\">\n\t<\/div>\n<div itemprop=\"dateCreated\" class=\"qodef-e-info-item qodef-e-info-date entry-date \">\n\t<a itemprop=\"url\" href=\"https:\/\/staging.joyn.eu\/fr-fr\/2023\/08\/\">\n\t\t18 Ao\u00fbt\t<\/a>\n<\/div>\n\t\t<\/div>\n\t\t<div class=\"qodef-e-content\">\n\t\t\t\t\t\t\t<div class=\"qodef-e-info qodef-info--top\">\n\t\t\t\t\t<div class=\"qodef-e-info-item qodef-e-info-author\">\n\t<a itemprop=\"author\" class=\"qodef-e-info-author-link\" href=\"https:\/\/staging.joyn.eu\/fr-fr\/author\/rian-tavares\/\">\n\t\t\t\tRian Tavares\t<\/a>\n<\/div>\n\t\t\t\t<\/div>\n\t\t\t\t\t\t<div class=\"qodef-e-text\">\n\t\t\t\t<h5 itemprop=\"name\" class=\"qodef-e-title entry-title\">\n\t<a itemprop=\"url\" class=\"qodef-e-title-link\" href=\"https:\/\/staging.joyn.eu\/fr-fr\/un-client-peut-il-enregistrer-une-nouvelle-carte-avec-la-joyn-business-app-pour-smartphone\/\">\n\t\tUn client peut-il enregistrer une nouvelle carte avec la Joyn Business App pour smartphone\u00a0?\t<\/a>\n<\/h5>\n\t\t<p itemprop=\"description\" class=\"qodef-e-excerpt\">\n\t\t\tVos clients ne peuvent pas enregistrer de nouvelle carte via la Joyn Business App pour smartphone. Carte Joyn pas encore enregistr\u00e9e&nbsp;? Proposez \u00e0 votre client de t\u00e9l\u00e9charg\t\t<\/p>\n\t\t\t\t<\/div>\n\t\t\t\t\t<\/div>\n\t<\/div>\n<\/article>\n<article class=\"qodef-e qodef-blog-item qodef-grid-item qodef-item--square post-93863 post type-post status-publish format-standard hentry category-joyn-business-apps category-merchant-helpcenter-fr\">\n\t<div class=\"qodef-e-inner\">\n\t\t<div class=\"qodef-e-media-holder\">\n\t\t\t<div class=\"qodef-e-media\">\n\t<\/div>\n<div itemprop=\"dateCreated\" class=\"qodef-e-info-item qodef-e-info-date entry-date \">\n\t<a itemprop=\"url\" href=\"https:\/\/staging.joyn.eu\/fr-fr\/2023\/08\/\">\n\t\t18 Ao\u00fbt\t<\/a>\n<\/div>\n\t\t<\/div>\n\t\t<div class=\"qodef-e-content\">\n\t\t\t\t\t\t\t<div class=\"qodef-e-info qodef-info--top\">\n\t\t\t\t\t<div class=\"qodef-e-info-item qodef-e-info-author\">\n\t<a itemprop=\"author\" class=\"qodef-e-info-author-link\" href=\"https:\/\/staging.joyn.eu\/fr-fr\/author\/rian-tavares\/\">\n\t\t\t\tRian Tavares\t<\/a>\n<\/div>\n\t\t\t\t<\/div>\n\t\t\t\t\t\t<div class=\"qodef-e-text\">\n\t\t\t\t<h5 itemprop=\"name\" class=\"qodef-e-title entry-title\">\n\t<a itemprop=\"url\" class=\"qodef-e-title-link\" href=\"https:\/\/staging.joyn.eu\/fr-fr\/quest-ce-que-la-joyn-business-app\/\">\n\t\tQu\u2019est-ce que la Joyn Business App\u00a0?\t<\/a>\n<\/h5>\n\t\t<p itemprop=\"description\" class=\"qodef-e-excerpt\">\n\t\t\tLa Joyn Business App est un outil indispensable pour vous en tant que commer\u00e7ant. Gr\u00e2ce \u00e0 l\u2019application, vous pouvez tr\u00e8s facilement octroyer des points et vos clients peuven\t\t<\/p>\n\t\t\t\t<\/div>\n\t\t\t\t\t<\/div>\n\t<\/div>\n<\/article>\n<article class=\"qodef-e qodef-blog-item qodef-grid-item qodef-item--square post-93879 post type-post status-publish format-standard hentry category-joyn-business-apps category-merchant-helpcenter-fr\">\n\t<div class=\"qodef-e-inner\">\n\t\t<div class=\"qodef-e-media-holder\">\n\t\t\t<div class=\"qodef-e-media\">\n\t<\/div>\n<div itemprop=\"dateCreated\" class=\"qodef-e-info-item qodef-e-info-date entry-date \">\n\t<a itemprop=\"url\" href=\"https:\/\/staging.joyn.eu\/fr-fr\/2023\/08\/\">\n\t\t18 Ao\u00fbt\t<\/a>\n<\/div>\n\t\t<\/div>\n\t\t<div class=\"qodef-e-content\">\n\t\t\t\t\t\t\t<div class=\"qodef-e-info qodef-info--top\">\n\t\t\t\t\t<div class=\"qodef-e-info-item qodef-e-info-author\">\n\t<a itemprop=\"author\" class=\"qodef-e-info-author-link\" href=\"https:\/\/staging.joyn.eu\/fr-fr\/author\/rian-tavares\/\">\n\t\t\t\tRian Tavares\t<\/a>\n<\/div>\n\t\t\t\t<\/div>\n\t\t\t\t\t\t<div class=\"qodef-e-text\">\n\t\t\t\t<h5 itemprop=\"name\" class=\"qodef-e-title entry-title\">\n\t<a itemprop=\"url\" class=\"qodef-e-title-link\" href=\"https:\/\/staging.joyn.eu\/fr-fr\/puis-je-telecharger-la-nouvelle-application-joyn-business-app\/\">\n\t\tPuis-je t\u00e9l\u00e9charger la nouvelle application Joyn Business App\u00a0?\t<\/a>\n<\/h5>\n\t\t<p itemprop=\"description\" class=\"qodef-e-excerpt\">\n\t\t\tVous pouvez toujours t\u00e9l\u00e9charger la nouvelle Joyn Business App. Allez dans l\u2019App store ou Google Play Store et t\u00e9l\u00e9chargez la nouvelle application ou mettez votre version \u00e0\t\t<\/p>\n\t\t\t\t<\/div>\n\t\t\t\t\t<\/div>\n\t<\/div>\n<\/article>\n<article class=\"qodef-e qodef-blog-item qodef-grid-item qodef-item--square post-93864 post type-post status-publish format-standard hentry category-joyn-business-apps category-merchant-helpcenter-fr\">\n\t<div class=\"qodef-e-inner\">\n\t\t<div class=\"qodef-e-media-holder\">\n\t\t\t<div class=\"qodef-e-media\">\n\t<\/div>\n<div itemprop=\"dateCreated\" class=\"qodef-e-info-item qodef-e-info-date entry-date \">\n\t<a itemprop=\"url\" href=\"https:\/\/staging.joyn.eu\/fr-fr\/2023\/08\/\">\n\t\t18 Ao\u00fbt\t<\/a>\n<\/div>\n\t\t<\/div>\n\t\t<div class=\"qodef-e-content\">\n\t\t\t\t\t\t\t<div class=\"qodef-e-info qodef-info--top\">\n\t\t\t\t\t<div class=\"qodef-e-info-item qodef-e-info-author\">\n\t<a itemprop=\"author\" class=\"qodef-e-info-author-link\" href=\"https:\/\/staging.joyn.eu\/fr-fr\/author\/rian-tavares\/\">\n\t\t\t\tRian Tavares\t<\/a>\n<\/div>\n\t\t\t\t<\/div>\n\t\t\t\t\t\t<div class=\"qodef-e-text\">\n\t\t\t\t<h5 itemprop=\"name\" class=\"qodef-e-title entry-title\">\n\t<a itemprop=\"url\" class=\"qodef-e-title-link\" href=\"https:\/\/staging.joyn.eu\/fr-fr\/quelles-sont-les-differentes-apps-disponibles-pour-les-commercants\/\">\n\t\tQuelles sont les diff\u00e9rentes apps disponibles pour les commer\u00e7ants ?\t<\/a>\n<\/h5>\n\t\t<p itemprop=\"description\" class=\"qodef-e-excerpt\">\n\t\t\t\t\t<\/p>\n\t\t\t\t<\/div>\n\t\t\t\t\t<\/div>\n\t<\/div>\n<\/article>\n<article class=\"qodef-e qodef-blog-item qodef-grid-item qodef-item--square post-93880 post type-post status-publish format-standard hentry category-joyn-business-apps category-merchant-helpcenter-fr\">\n\t<div class=\"qodef-e-inner\">\n\t\t<div class=\"qodef-e-media-holder\">\n\t\t\t<div class=\"qodef-e-media\">\n\t<\/div>\n<div itemprop=\"dateCreated\" class=\"qodef-e-info-item qodef-e-info-date entry-date \">\n\t<a itemprop=\"url\" href=\"https:\/\/staging.joyn.eu\/fr-fr\/2023\/08\/\">\n\t\t18 Ao\u00fbt\t<\/a>\n<\/div>\n\t\t<\/div>\n\t\t<div class=\"qodef-e-content\">\n\t\t\t\t\t\t\t<div class=\"qodef-e-info qodef-info--top\">\n\t\t\t\t\t<div class=\"qodef-e-info-item qodef-e-info-author\">\n\t<a itemprop=\"author\" class=\"qodef-e-info-author-link\" href=\"https:\/\/staging.joyn.eu\/fr-fr\/author\/rian-tavares\/\">\n\t\t\t\tRian Tavares\t<\/a>\n<\/div>\n\t\t\t\t<\/div>\n\t\t\t\t\t\t<div class=\"qodef-e-text\">\n\t\t\t\t<h5 itemprop=\"name\" class=\"qodef-e-title entry-title\">\n\t<a itemprop=\"url\" class=\"qodef-e-title-link\" href=\"https:\/\/staging.joyn.eu\/fr-fr\/puis-je-modifier-la-duree-entre-les-scans-dun-meme-client\/\">\n\t\tPuis-je modifier la dur\u00e9e entre les scans d\u2019un m\u00eame client\u00a0?\t<\/a>\n<\/h5>\n\t\t<p itemprop=\"description\" class=\"qodef-e-excerpt\">\n\t\t\tTous les points n\u2019ont pas \u00e9t\u00e9 octroy\u00e9s&nbsp;? Ou votre client a-t-il rapidement pass\u00e9 une nouvelle commande&nbsp;? Dans ce cas, votre client proc\u00e8de \u00e0 deux scans cons\u00e9cuti\t\t<\/p>\n\t\t\t\t<\/div>\n\t\t\t\t\t<\/div>\n\t<\/div>\n<\/article>\n<article class=\"qodef-e qodef-blog-item qodef-grid-item qodef-item--square post-93865 post type-post status-publish format-standard hentry category-joyn-business-apps category-merchant-helpcenter-fr\">\n\t<div class=\"qodef-e-inner\">\n\t\t<div class=\"qodef-e-media-holder\">\n\t\t\t<div class=\"qodef-e-media\">\n\t<\/div>\n<div itemprop=\"dateCreated\" class=\"qodef-e-info-item qodef-e-info-date entry-date \">\n\t<a itemprop=\"url\" href=\"https:\/\/staging.joyn.eu\/fr-fr\/2023\/08\/\">\n\t\t18 Ao\u00fbt\t<\/a>\n<\/div>\n\t\t<\/div>\n\t\t<div class=\"qodef-e-content\">\n\t\t\t\t\t\t\t<div class=\"qodef-e-info qodef-info--top\">\n\t\t\t\t\t<div class=\"qodef-e-info-item qodef-e-info-author\">\n\t<a itemprop=\"author\" class=\"qodef-e-info-author-link\" href=\"https:\/\/staging.joyn.eu\/fr-fr\/author\/rian-tavares\/\">\n\t\t\t\tRian Tavares\t<\/a>\n<\/div>\n\t\t\t\t<\/div>\n\t\t\t\t\t\t<div class=\"qodef-e-text\">\n\t\t\t\t<h5 itemprop=\"name\" class=\"qodef-e-title entry-title\">\n\t<a itemprop=\"url\" class=\"qodef-e-title-link\" href=\"https:\/\/staging.joyn.eu\/fr-fr\/quelles-sont-les-differentes-fonctionnalites-des-apps\/\">\n\t\tQuelles sont les diff\u00e9rentes fonctionnalit\u00e9s des apps ?\t<\/a>\n<\/h5>\n\t\t<p itemprop=\"description\" class=\"qodef-e-excerpt\">\n\t\t\tVotre portail commer\u00e7ants, l\u2019application Joyn Business sur tablette et sur smartphone \u2026 tous sont l\u00e9g\u00e8rement diff\u00e9rents. Voyez le portail commer\u00e7ants Joyn comme la platefo\t\t<\/p>\n\t\t\t\t<\/div>\n\t\t\t\t\t<\/div>\n\t<\/div>\n<\/article>\n<article class=\"qodef-e qodef-blog-item qodef-grid-item qodef-item--square post-93881 post type-post status-publish format-standard hentry category-joyn-business-apps category-merchant-helpcenter-fr\">\n\t<div class=\"qodef-e-inner\">\n\t\t<div class=\"qodef-e-media-holder\">\n\t\t\t<div class=\"qodef-e-media\">\n\t<\/div>\n<div itemprop=\"dateCreated\" class=\"qodef-e-info-item qodef-e-info-date entry-date \">\n\t<a itemprop=\"url\" href=\"https:\/\/staging.joyn.eu\/fr-fr\/2023\/08\/\">\n\t\t18 Ao\u00fbt\t<\/a>\n<\/div>\n\t\t<\/div>\n\t\t<div class=\"qodef-e-content\">\n\t\t\t\t\t\t\t<div class=\"qodef-e-info qodef-info--top\">\n\t\t\t\t\t<div class=\"qodef-e-info-item qodef-e-info-author\">\n\t<a itemprop=\"author\" class=\"qodef-e-info-author-link\" href=\"https:\/\/staging.joyn.eu\/fr-fr\/author\/rian-tavares\/\">\n\t\t\t\tRian Tavares\t<\/a>\n<\/div>\n\t\t\t\t<\/div>\n\t\t\t\t\t\t<div class=\"qodef-e-text\">\n\t\t\t\t<h5 itemprop=\"name\" class=\"qodef-e-title entry-title\">\n\t<a itemprop=\"url\" class=\"qodef-e-title-link\" href=\"https:\/\/staging.joyn.eu\/fr-fr\/un-client-peut-il-scanner-sa-carte-via-la-joyn-business-app-pour-smartphone\/\">\n\t\tUn client peut-il scanner sa carte via la Joyn Business App pour smartphone\u00a0?\t<\/a>\n<\/h5>\n\t\t<p itemprop=\"description\" class=\"qodef-e-excerpt\">\n\t\t\tVotre client peut scanner sa carte via la Joyn Business App pour smartphone. Vous indiquez le montant \u00e0 payer, votre client scanne le QR code ou la carte et le tour est jou\u00e9&amp;nbsp\t\t<\/p>\n\t\t\t\t<\/div>\n\t\t\t\t\t<\/div>\n\t<\/div>\n<\/article>\n<article class=\"qodef-e qodef-blog-item qodef-grid-item qodef-item--square post-93866 post type-post status-publish format-standard hentry category-joyn-business-apps category-merchant-helpcenter-fr\">\n\t<div class=\"qodef-e-inner\">\n\t\t<div class=\"qodef-e-media-holder\">\n\t\t\t<div class=\"qodef-e-media\">\n\t<\/div>\n<div itemprop=\"dateCreated\" class=\"qodef-e-info-item qodef-e-info-date entry-date \">\n\t<a itemprop=\"url\" href=\"https:\/\/staging.joyn.eu\/fr-fr\/2023\/08\/\">\n\t\t18 Ao\u00fbt\t<\/a>\n<\/div>\n\t\t<\/div>\n\t\t<div class=\"qodef-e-content\">\n\t\t\t\t\t\t\t<div class=\"qodef-e-info qodef-info--top\">\n\t\t\t\t\t<div class=\"qodef-e-info-item qodef-e-info-author\">\n\t<a itemprop=\"author\" class=\"qodef-e-info-author-link\" href=\"https:\/\/staging.joyn.eu\/fr-fr\/author\/rian-tavares\/\">\n\t\t\t\tRian Tavares\t<\/a>\n<\/div>\n\t\t\t\t<\/div>\n\t\t\t\t\t\t<div class=\"qodef-e-text\">\n\t\t\t\t<h5 itemprop=\"name\" class=\"qodef-e-title entry-title\">\n\t<a itemprop=\"url\" class=\"qodef-e-title-link\" href=\"https:\/\/staging.joyn.eu\/fr-fr\/que-puis-je-faire-avec-la-joyn-business-app\/\">\n\t\tQue puis-je faire avec la Joyn Business App\u00a0?\t<\/a>\n<\/h5>\n\t\t<p itemprop=\"description\" class=\"qodef-e-excerpt\">\n\t\t\tLa Joyn Business App est votre meilleure amie, o\u00f9 que vous soyez. Les applications sur tablette et smartphone diff\u00e8rent l\u00e9g\u00e8rement, mais nous sommes \u00e0 pied d\u2019\u0153uvre pour har\t\t<\/p>\n\t\t\t\t<\/div>\n\t\t\t\t\t<\/div>\n\t<\/div>\n<\/article>\n<article class=\"qodef-e qodef-blog-item qodef-grid-item qodef-item--square post-93882 post type-post status-publish format-standard hentry category-joyn-business-apps category-merchant-helpcenter-fr\">\n\t<div class=\"qodef-e-inner\">\n\t\t<div class=\"qodef-e-media-holder\">\n\t\t\t<div class=\"qodef-e-media\">\n\t<\/div>\n<div itemprop=\"dateCreated\" class=\"qodef-e-info-item qodef-e-info-date entry-date \">\n\t<a itemprop=\"url\" href=\"https:\/\/staging.joyn.eu\/fr-fr\/2023\/08\/\">\n\t\t18 Ao\u00fbt\t<\/a>\n<\/div>\n\t\t<\/div>\n\t\t<div class=\"qodef-e-content\">\n\t\t\t\t\t\t\t<div class=\"qodef-e-info qodef-info--top\">\n\t\t\t\t\t<div class=\"qodef-e-info-item qodef-e-info-author\">\n\t<a itemprop=\"author\" class=\"qodef-e-info-author-link\" href=\"https:\/\/staging.joyn.eu\/fr-fr\/author\/rian-tavares\/\">\n\t\t\t\tRian Tavares\t<\/a>\n<\/div>\n\t\t\t\t<\/div>\n\t\t\t\t\t\t<div class=\"qodef-e-text\">\n\t\t\t\t<h5 itemprop=\"name\" class=\"qodef-e-title entry-title\">\n\t<a itemprop=\"url\" class=\"qodef-e-title-link\" href=\"https:\/\/staging.joyn.eu\/fr-fr\/un-client-peut-il-enregistrer-un-coupon-via-la-joyn-business-app-pour-smartphone\/\">\n\t\tUn client peut-il enregistrer un coupon via la Joyn Business App pour smartphone\u00a0?\t<\/a>\n<\/h5>\n\t\t<p itemprop=\"description\" class=\"qodef-e-excerpt\">\n\t\t\tActuellement, vos clients ne peuvent pas encore recevoir de coupon via la Joyn Business App pour smartphone. Chez Joyn, nous sommes \u00e0 pied d\u2019\u0153uvre pour am\u00e9liorer et harmoniser\t\t<\/p>\n\t\t\t\t<\/div>\n\t\t\t\t\t<\/div>\n\t<\/div>\n<\/article>\n\t<\/div>\n\t\t<div class=\"qodef-addons-m-pagination qodef--standard\">\n\t\t<nav class=\"navigation pagination\" role=\"navigation\" aria-label=\"Articles\">\n\t\t\t<h2 class=\"screen-reader-text\">Navigation d\u2019articles<\/h2>\n\t\t\t<div class=\"nav-links\">\n\t\t\t\t<span aria-current=\"page\" class=\"page-numbers current\">1<\/span>\n<a class=\"page-numbers\" href=\"https:\/\/staging.joyn.eu\/fr-fr\/wp-json\/wp\/v2\/pages\/94544\/page\/2\/\">2<\/a>\n<a class=\"page-numbers\" href=\"https:\/\/staging.joyn.eu\/fr-fr\/wp-json\/wp\/v2\/pages\/94544\/page\/3\/\">3<\/a>\n<a class=\"next page-numbers\" href=\"https:\/\/staging.joyn.eu\/fr-fr\/wp-json\/wp\/v2\/pages\/94544\/page\/2\/\"><svg class=\"qodef-m-pagination-icon\" xmlns=\"http:\/\/www.w3.org\/2000\/svg\" x=\"0px\" y=\"0px\" viewBox=\"0 0 34.2 32.3\" xml:space=\"preserve\" style=\"stroke-width: 2;\"><line x1=\"0\" y1=\"16\" x2=\"33\" y2=\"16\"\/><line x1=\"17.3\" y1=\"0.7\" x2=\"33.2\" y2=\"16.5\"\/><line x1=\"17.3\" y1=\"31.6\" x2=\"33.5\" y2=\"15.4\"\/><\/svg><\/a>\t\t\t<\/div>\n\t\t<\/nav>\n\t<\/div>\n<\/div>\n\t\t\t\t<\/div>\n\t\t\t\t<\/div>\n\t\t\t\t\t<\/div>\n\t\t\t\t<\/div>\n\t\t\t\t<\/div>\n\t\t","protected":false},"excerpt":{"rendered":"<p>18 Aug Rian Tavares Un client peut-il enregistrer une nouvelle carte avec la Joyn Business App pour smartphone\u00a0? Vos clients ne peuvent pas enregistrer de nouvelle carte via la Joyn Business App pour smartphone. Carte Joyn pas encore enregistr\u00e9e&nbsp;? Proposez \u00e0 votre client de t\u00e9l\u00e9charg 18 Aug Rian Tavares Qu\u2019est-ce que la Joyn Business App\u00a0? [&hellip;]<\/p>\n","protected":false},"author":32,"featured_media":0,"parent":90446,"menu_order":0,"comment_status":"closed","ping_status":"closed","template":"","meta":{"_acf_changed":false,"inline_featured_image":false,"footnotes":""},"class_list":["post-94544","page","type-page","status-publish","hentry"],"acf":[],"yoast_head":"<!-- This site is optimized with the Yoast SEO plugin v27.4 - https:\/\/yoast.com\/product\/yoast-seo-wordpress\/ -->\n<title>Joyn Business Apps\u200b - Joyn<\/title>\n<meta name=\"robots\" content=\"noindex, follow, max-snippet:-1, max-image-preview:large, max-video-preview:-1\" \/>\n<meta property=\"og:locale\" content=\"fr_FR\" \/>\n<meta property=\"og:type\" content=\"article\" \/>\n<meta property=\"og:title\" content=\"Joyn Business Apps\u200b - Joyn\" \/>\n<meta property=\"og:description\" content=\"18 Aug Rian Tavares Un client peut-il enregistrer une nouvelle carte avec la Joyn Business App pour smartphone\u00a0? Vos clients ne peuvent pas enregistrer de nouvelle carte via la Joyn Business App pour smartphone. Carte Joyn pas encore enregistr\u00e9e&nbsp;? Proposez \u00e0 votre client de t\u00e9l\u00e9charg 18 Aug Rian Tavares Qu\u2019est-ce que la Joyn Business App\u00a0? [&hellip;]\" \/>\n<meta property=\"og:url\" content=\"https:\/\/staging.joyn.eu\/fr-fr\/merchant-helpcenter\/joyn-business-apps\/\" \/>\n<meta property=\"og:site_name\" content=\"Joyn\" \/>\n<meta property=\"article:modified_time\" content=\"2025-04-25T14:03:05+00:00\" \/>\n<meta name=\"twitter:card\" content=\"summary_large_image\" \/>\n<meta name=\"twitter:label1\" content=\"Dur\u00e9e de lecture estim\u00e9e\" \/>\n\t<meta name=\"twitter:data1\" content=\"2 minutes\" \/>\n<script type=\"application\/ld+json\" class=\"yoast-schema-graph\">{\"@context\":\"https:\\\/\\\/schema.org\",\"@graph\":[{\"@type\":\"WebPage\",\"@id\":\"https:\\\/\\\/staging.joyn.eu\\\/fr-fr\\\/merchant-helpcenter\\\/joyn-business-apps\\\/\",\"url\":\"https:\\\/\\\/staging.joyn.eu\\\/fr-fr\\\/merchant-helpcenter\\\/joyn-business-apps\\\/\",\"name\":\"Joyn Business Apps\u200b - Joyn\",\"isPartOf\":{\"@id\":\"https:\\\/\\\/staging.joyn.eu\\\/fr-fr\\\/#website\"},\"datePublished\":\"2023-08-18T10:12:53+00:00\",\"dateModified\":\"2025-04-25T14:03:05+00:00\",\"breadcrumb\":{\"@id\":\"https:\\\/\\\/staging.joyn.eu\\\/fr-fr\\\/merchant-helpcenter\\\/joyn-business-apps\\\/#breadcrumb\"},\"inLanguage\":\"fr-FR\",\"potentialAction\":[{\"@type\":\"ReadAction\",\"target\":[\"https:\\\/\\\/staging.joyn.eu\\\/fr-fr\\\/merchant-helpcenter\\\/joyn-business-apps\\\/\"]}]},{\"@type\":\"BreadcrumbList\",\"@id\":\"https:\\\/\\\/staging.joyn.eu\\\/fr-fr\\\/merchant-helpcenter\\\/joyn-business-apps\\\/#breadcrumb\",\"itemListElement\":[{\"@type\":\"ListItem\",\"position\":1,\"name\":\"Home\",\"item\":\"https:\\\/\\\/staging.joyn.eu\\\/fr-fr\\\/home-merchant-new\\\/\"},{\"@type\":\"ListItem\",\"position\":2,\"name\":\"Merchant Helpcenter\",\"item\":\"https:\\\/\\\/staging.joyn.eu\\\/fr-fr\\\/merchant-helpcenter\\\/\"},{\"@type\":\"ListItem\",\"position\":3,\"name\":\"Joyn Business Apps\u200b\"}]},{\"@type\":\"WebSite\",\"@id\":\"https:\\\/\\\/staging.joyn.eu\\\/fr-fr\\\/#website\",\"url\":\"https:\\\/\\\/staging.joyn.eu\\\/fr-fr\\\/\",\"name\":\"Joyn\",\"description\":\"Just another WordPress site\",\"publisher\":{\"@id\":\"https:\\\/\\\/staging.joyn.eu\\\/fr-fr\\\/#organization\"},\"potentialAction\":[{\"@type\":\"SearchAction\",\"target\":{\"@type\":\"EntryPoint\",\"urlTemplate\":\"https:\\\/\\\/staging.joyn.eu\\\/fr-fr\\\/?s={search_term_string}\"},\"query-input\":{\"@type\":\"PropertyValueSpecification\",\"valueRequired\":true,\"valueName\":\"search_term_string\"}}],\"inLanguage\":\"fr-FR\"},{\"@type\":\"Organization\",\"@id\":\"https:\\\/\\\/staging.joyn.eu\\\/fr-fr\\\/#organization\",\"name\":\"Joyn\",\"url\":\"https:\\\/\\\/staging.joyn.eu\\\/fr-fr\\\/\",\"logo\":{\"@type\":\"ImageObject\",\"inLanguage\":\"fr-FR\",\"@id\":\"https:\\\/\\\/staging.joyn.eu\\\/fr-fr\\\/#\\\/schema\\\/logo\\\/image\\\/\",\"url\":\"https:\\\/\\\/staging.joyn.eu\\\/wp-content\\\/uploads\\\/2021\\\/02\\\/Blue-green-h40.png\",\"contentUrl\":\"https:\\\/\\\/staging.joyn.eu\\\/wp-content\\\/uploads\\\/2021\\\/02\\\/Blue-green-h40.png\",\"width\":83,\"height\":40,\"caption\":\"Joyn\"},\"image\":{\"@id\":\"https:\\\/\\\/staging.joyn.eu\\\/fr-fr\\\/#\\\/schema\\\/logo\\\/image\\\/\"}}]}<\/script>\n<!-- \/ Yoast SEO plugin. -->","yoast_head_json":{"title":"Joyn Business Apps\u200b - Joyn","robots":{"index":"noindex","follow":"follow","max-snippet":"max-snippet:-1","max-image-preview":"max-image-preview:large","max-video-preview":"max-video-preview:-1"},"og_locale":"fr_FR","og_type":"article","og_title":"Joyn Business Apps\u200b - Joyn","og_description":"18 Aug Rian Tavares Un client peut-il enregistrer une nouvelle carte avec la Joyn Business App pour smartphone\u00a0? Vos clients ne peuvent pas enregistrer de nouvelle carte via la Joyn Business App pour smartphone. Carte Joyn pas encore enregistr\u00e9e&nbsp;? Proposez \u00e0 votre client de t\u00e9l\u00e9charg 18 Aug Rian Tavares Qu\u2019est-ce que la Joyn Business App\u00a0? [&hellip;]","og_url":"https:\/\/staging.joyn.eu\/fr-fr\/merchant-helpcenter\/joyn-business-apps\/","og_site_name":"Joyn","article_modified_time":"2025-04-25T14:03:05+00:00","twitter_card":"summary_large_image","twitter_misc":{"Dur\u00e9e de lecture estim\u00e9e":"2 minutes"},"schema":{"@context":"https:\/\/schema.org","@graph":[{"@type":"WebPage","@id":"https:\/\/staging.joyn.eu\/fr-fr\/merchant-helpcenter\/joyn-business-apps\/","url":"https:\/\/staging.joyn.eu\/fr-fr\/merchant-helpcenter\/joyn-business-apps\/","name":"Joyn Business Apps\u200b - Joyn","isPartOf":{"@id":"https:\/\/staging.joyn.eu\/fr-fr\/#website"},"datePublished":"2023-08-18T10:12:53+00:00","dateModified":"2025-04-25T14:03:05+00:00","breadcrumb":{"@id":"https:\/\/staging.joyn.eu\/fr-fr\/merchant-helpcenter\/joyn-business-apps\/#breadcrumb"},"inLanguage":"fr-FR","potentialAction":[{"@type":"ReadAction","target":["https:\/\/staging.joyn.eu\/fr-fr\/merchant-helpcenter\/joyn-business-apps\/"]}]},{"@type":"BreadcrumbList","@id":"https:\/\/staging.joyn.eu\/fr-fr\/merchant-helpcenter\/joyn-business-apps\/#breadcrumb","itemListElement":[{"@type":"ListItem","position":1,"name":"Home","item":"https:\/\/staging.joyn.eu\/fr-fr\/home-merchant-new\/"},{"@type":"ListItem","position":2,"name":"Merchant Helpcenter","item":"https:\/\/staging.joyn.eu\/fr-fr\/merchant-helpcenter\/"},{"@type":"ListItem","position":3,"name":"Joyn Business Apps\u200b"}]},{"@type":"WebSite","@id":"https:\/\/staging.joyn.eu\/fr-fr\/#website","url":"https:\/\/staging.joyn.eu\/fr-fr\/","name":"Joyn","description":"Just another WordPress site","publisher":{"@id":"https:\/\/staging.joyn.eu\/fr-fr\/#organization"},"potentialAction":[{"@type":"SearchAction","target":{"@type":"EntryPoint","urlTemplate":"https:\/\/staging.joyn.eu\/fr-fr\/?s={search_term_string}"},"query-input":{"@type":"PropertyValueSpecification","valueRequired":true,"valueName":"search_term_string"}}],"inLanguage":"fr-FR"},{"@type":"Organization","@id":"https:\/\/staging.joyn.eu\/fr-fr\/#organization","name":"Joyn","url":"https:\/\/staging.joyn.eu\/fr-fr\/","logo":{"@type":"ImageObject","inLanguage":"fr-FR","@id":"https:\/\/staging.joyn.eu\/fr-fr\/#\/schema\/logo\/image\/","url":"https:\/\/staging.joyn.eu\/wp-content\/uploads\/2021\/02\/Blue-green-h40.png","contentUrl":"https:\/\/staging.joyn.eu\/wp-content\/uploads\/2021\/02\/Blue-green-h40.png","width":83,"height":40,"caption":"Joyn"},"image":{"@id":"https:\/\/staging.joyn.eu\/fr-fr\/#\/schema\/logo\/image\/"}}]}},"_links":{"self":[{"href":"https:\/\/staging.joyn.eu\/fr-fr\/wp-json\/wp\/v2\/pages\/94544","targetHints":{"allow":["GET"]}}],"collection":[{"href":"https:\/\/staging.joyn.eu\/fr-fr\/wp-json\/wp\/v2\/pages"}],"about":[{"href":"https:\/\/staging.joyn.eu\/fr-fr\/wp-json\/wp\/v2\/types\/page"}],"author":[{"embeddable":true,"href":"https:\/\/staging.joyn.eu\/fr-fr\/wp-json\/wp\/v2\/users\/32"}],"replies":[{"embeddable":true,"href":"https:\/\/staging.joyn.eu\/fr-fr\/wp-json\/wp\/v2\/comments?post=94544"}],"version-history":[{"count":4,"href":"https:\/\/staging.joyn.eu\/fr-fr\/wp-json\/wp\/v2\/pages\/94544\/revisions"}],"predecessor-version":[{"id":106283,"href":"https:\/\/staging.joyn.eu\/fr-fr\/wp-json\/wp\/v2\/pages\/94544\/revisions\/106283"}],"up":[{"embeddable":true,"href":"https:\/\/staging.joyn.eu\/fr-fr\/wp-json\/wp\/v2\/pages\/90446"}],"wp:attachment":[{"href":"https:\/\/staging.joyn.eu\/fr-fr\/wp-json\/wp\/v2\/media?parent=94544"}],"curies":[{"name":"wp","href":"https:\/\/api.w.org\/{rel}","templated":true}]}}