{"id":51387,"date":"2022-01-13T15:11:22","date_gmt":"2022-01-13T15:11:22","guid":{"rendered":"https:\/\/staging.joyn.eu\/legal\/politique-dutilisation-des-cookies-de-joyn\/"},"modified":"2025-02-11T13:51:50","modified_gmt":"2025-02-11T13:51:50","slug":"politique-dutilisation-des-cookies-de-joyn","status":"publish","type":"page","link":"https:\/\/staging.joyn.eu\/fr-be\/legal\/politique-dutilisation-des-cookies-de-joyn\/","title":{"rendered":"Politique d\u2019utilisation des cookies de Joyn"},"content":{"rendered":"\t\t<div data-elementor-type=\"wp-page\" data-elementor-id=\"51387\" class=\"elementor elementor-51387 elementor-51332\" data-elementor-post-type=\"page\">\n\t\t\t\t\t\t<section class=\"elementor-section elementor-top-section elementor-element elementor-element-25ecfc84 elementor-section-boxed elementor-section-height-default elementor-section-height-default\" data-id=\"25ecfc84\" data-element_type=\"section\" data-e-type=\"section\">\n\t\t\t\t\t\t<div class=\"elementor-container elementor-column-gap-default\">\n\t\t\t\t\t<div class=\"elementor-column elementor-col-100 elementor-top-column elementor-element elementor-element-5aad2d85\" data-id=\"5aad2d85\" data-element_type=\"column\" data-e-type=\"column\">\n\t\t\t<div class=\"elementor-widget-wrap elementor-element-populated\">\n\t\t\t\t\t\t<div class=\"elementor-element elementor-element-5bff2056 elementor-widget elementor-widget-text-editor\" data-id=\"5bff2056\" data-element_type=\"widget\" data-e-type=\"widget\" data-widget_type=\"text-editor.default\">\n\t\t\t\t<div class=\"elementor-widget-container\">\n\t\t\t\t\t\t\t\t\t<h1 class=\"c-mod__content__title heading__line\">Politique d\u2019utilisation des cookies de Joyn SA<\/h1><p>Vous surfez sur le site www.joyn.be ? Dans ce cas, notre site Internet peut installer automatiquement des \u00ab cookies \u00bb sur le disque dur de votre ordinateur. Nous pouvons ainsi am\u00e9liorer votre exp\u00e9rience de navigation : les cookies permettent \u00e0 notre site web de mieux fonctionner et font en sorte qu&rsquo;il corresponde \u00e0 vos souhaits et pr\u00e9f\u00e9rences.<\/p><p>Le pr\u00e9sent document, d\u00e9nomm\u00e9 ci-apr\u00e8s \u00ab Politique d\u2019utilisation des cookies \u00bb, d\u00e9crit ce que sont les cookies et comment ils sont utilis\u00e9s par Joyn SA.<\/p><p>Cette Politique d\u2019utilisation des cookies s\u2019applique \u00e0 tous les sites web, et en particulier \u00e0 www.joyn.be, qui sont g\u00e9r\u00e9s par Joyn SA, dont le si\u00e8ge social est situ\u00e9 Ilgatlaan 9 box 3, 3500 Hasselt et inscrite sous le num\u00e9ro d\u2019entreprise BE 0665.683.284, ci-apr\u00e8s d\u00e9nomm\u00e9e \u00ab Joyn \u00bb.<\/p><p>Si vous visitez notre site web pour la premi\u00e8re fois, un pop-up apparaitra et vous demandera de marquer votre accord sur la mani\u00e8re dont nous utilisons les cookies. Ce pop-up contient un lien vers la Politique d\u2019utilisation des cookies.<\/p><p>En visitant notre site Internet, vous acceptez la mani\u00e8re dont nous utilisons les cookies conform\u00e9ment \u00e0 la pr\u00e9sente Politique d\u2019utilisation des cookies.<\/p><p>Nous nous r\u00e9servons le droit de modifier \u00e0 tout moment la pr\u00e9sente Politique d\u2019utilisation des cookies. Nous vous recommandons de consulter r\u00e9guli\u00e8rement la Politique d\u2019utilisation des cookies afin de rester inform\u00e9 des changements \u00e9ventuels.<\/p><p>Si vous avez des questions sur la pr\u00e9sente Politique d&rsquo;utilisation des cookies, n\u2019h\u00e9sitez pas \u00e0 nous contacter \u00e0 l\u2019adresse <a data-cke-saved-href=\"mailto:privacy@joyn.be\">privacy@joyn.be<\/a>.<\/p><p>Cette politique d\u2019utilisation des cookies a \u00e9t\u00e9 modifi\u00e9e la derni\u00e8re fois le : <strong>18 d\u00e9cembre 2017<\/strong>.<\/p><h2>QU&rsquo;ENTEND-ON PAR COOKIES ?<\/h2><p>Les cookies sont des petits fichiers textes qui sont enregistr\u00e9s sur votre ordinateur lorsque vous visitez un site web. Cela permet au site web de m\u00e9moriser vos actions et pr\u00e9f\u00e9rences (par exemple le choix de la langue, la police de caract\u00e8res, les options d\u2019affichage, etc.) pendant un certain temps. L\u2019avantage est que vous ne devez pas param\u00e9trer vos pr\u00e9f\u00e9rences chaque fois que vous revenez sur le site ou lorsque vous naviguez d\u2019une page \u00e0 l\u2019autre.<\/p><p>Les cookies sont utilis\u00e9s pour faciliter et am\u00e9liorer votre exp\u00e9rience de navigation. Lorsque vous visitez le site web, les cookies font en sorte de se souvenir de vos param\u00e8tres personnels. De plus, des donn\u00e9es sont collect\u00e9es sur la mani\u00e8re dont le site a \u00e9t\u00e9 consult\u00e9, ce qui nous permet d\u2019am\u00e9liorer la performance globale du site en termes de rapidit\u00e9 et de fonctionnalit\u00e9.<\/p><p>Les cookies ne fonctionnent jamais ind\u00e9pendamment du site web, ils y sont toujours associ\u00e9s. Les cookies n&rsquo;acc\u00e8dent en aucune mani\u00e8re aux donn\u00e9es qui se trouvent sur votre ordinateur ou t\u00e9l\u00e9phone.<\/p><p>Si vous ne voulez pas qu\u2019un site web installe des cookies sur votre ordinateur, vous pouvez modifier les param\u00e8tres de votre navigateur en ce sens.<\/p><h2>GESTION DES COOKIES<\/h2><p>La plupart des navigateurs acceptent automatiquement les cookies. Vous pouvez param\u00e9trer votre navigateur afin d\u2019\u00eatre averti avant qu\u2019un cookie soit install\u00e9 ou pour refuser les cookies. Vous trouverez plus d&rsquo;informations sur la mani\u00e8re de configurer votre navigateur en cliquant sur les liens suivants.<\/p><p><strong>Google Chrome<\/strong><\/p><p><a href=\"https:\/\/support.google.com\/chrome\/answer\/95647?hl=nl\" target=\"_blank\" rel=\"noopener\" data-cke-saved-href=\"https:\/\/support.google.com\/chrome\/answer\/95647?hl=nl\">https:\/\/support.google.com\/chrome\/answer\/95647?hl=nl<\/a><\/p><p><strong>Internet Explorer<\/strong><\/p><p><a href=\"https:\/\/support.microsoft.com\/nl-nl\/help\/17442\/windows-internet-explorer-delete-manage-cookies\" target=\"_blank\" rel=\"noopener\" data-cke-saved-href=\"https:\/\/support.microsoft.com\/nl-nl\/help\/17442\/windows-internet-explorer-delete-manage-cookies\">https:\/\/support.microsoft.com\/nl-nl\/help\/17442\/windows-internet-explorer-delete-manage-cookies<\/a><\/p><p><strong>Mozilla Firefox<\/strong><\/p><p><a href=\"https:\/\/support.mozilla.org\/nl\/kb\/cookies-in-en-uitschakelen-websites-voorkeuren?redirectlocale=nl&amp;redirectslug=Cookies+in-+en+uitschakelen\" target=\"_blank\" rel=\"noopener\" data-cke-saved-href=\"https:\/\/support.mozilla.org\/nl\/kb\/cookies-in-en-uitschakelen-websites-voorkeuren?redirectlocale=nl&amp;redirectslug=Cookies+in-+en+uitschakelen\">https:\/\/support.mozilla.org\/nl\/kb\/cookies-in-en-uitschakelen-websites-voorkeuren?redirectlocale=nl&amp;redirectslug=Cookies+in-+en+uitschakelen<\/a><\/p><p><strong>Safari<\/strong><\/p><p><a href=\"https:\/\/support.apple.com\/kb\/PH19214?locale=en_US\" target=\"_blank\" rel=\"noopener\" data-cke-saved-href=\"https:\/\/support.apple.com\/kb\/PH19214?locale=en_US\">https:\/\/support.apple.com\/kb\/PH19214?locale=en_US<\/a><\/p><p>Tenez compte du fait qu\u2019en modifiant des param\u00e8tres, il se peut qu\u2019un site web ne fonctionne plus comme il devrait.<\/p><p>Si vous utilisez plusieurs appareils pour visiter un site web, vous devez veiller \u00e0 ce que vos pr\u00e9f\u00e9rences en mati\u00e8re de cookies soient param\u00e9tr\u00e9es sur le navigateur de chaque appareil.<\/p><p>Vous trouverez plus d&rsquo;informations sur la gestion des cookies sur <a href=\"http:\/\/www.allaboutcookies.org\/manage-cookies\/\" target=\"_blank\" rel=\"noopener\" data-cke-saved-href=\"http:\/\/www.allaboutcookies.org\/manage-cookies\/\">http:\/\/www.allaboutcookies.org\/manage-cookies\/<\/a>. Par ailleurs, vous d\u00e9finissez sur les sites suivants les entreprises dont vous ne voulez plus recevoir de cookies : <a href=\"http:\/\/www.aboutads.info\/choices\/#completed\" target=\"_blank\" rel=\"noopener\" data-cke-saved-href=\"http:\/\/www.aboutads.info\/choices\/#completed\">http:\/\/www.aboutads.info\/choices\/#completed<\/a> et <a href=\"http:\/\/www.youronlinechoices.com\/\" target=\"_blank\" rel=\"noopener\" data-cke-saved-href=\"http:\/\/www.youronlinechoices.com\/\">http:\/\/www.youronlinechoices.com\/<\/a>.<\/p><h2>QUELS COOKIES UTILISE JOYN ?<\/h2><p><strong>Les cookies strictement n\u00e9cessaires <\/strong>sont indispensables pour naviguer sur le site et utiliser les fonctionnalit\u00e9s li\u00e9es \u00e0 cette navigation. Ces cookies ne vous identifient pas personnellement. Si vous refusez ces cookies, cela peut perturber totalement ou partiellement diff\u00e9rentes fonctionnalit\u00e9s du site.<\/p><p><strong>Les cookies fonctionnels <\/strong>augmentent la convivialit\u00e9 du site web en se souvenant de vos choix (par exemple, la pr\u00e9f\u00e9rence de la langue). Ils permettent de personnaliser certaines fonctionnalit\u00e9s \u00e0 votre demande. Si vous n\u2019acceptez pas ces cookies, cela peut avoir un impact sur la performance et la fonctionnalit\u00e9 du site et peut limiter l\u2019acc\u00e8s au contenu du site.<\/p><p><strong>Les cookies de performance\/analytiques <\/strong>collectent des donn\u00e9es sur l\u2019utilisation d&rsquo;un site web comme le nombre de visiteurs, le temps que les visiteurs passent sur une page web et les messages d\u2019erreur \u00e9ventuels. ls aident Joyn \u00e0 am\u00e9liorer la performance du site web. Ces cookies ne vous identifient pas personnellement.<\/p><p><strong>Les cookies de publicit\u00e9 <\/strong>sont utilis\u00e9s pour vous proposer un contenu plus pertinent pour vous. Ils peuvent \u00eatre utilis\u00e9s pour fournir des publicit\u00e9s cibl\u00e9es ou pour limiter le nombre de fois que vous voyez une publicit\u00e9. Ils nous aident \u00e0 mesurer l\u2019efficacit\u00e9 des campagnes de publicit\u00e9 sur les sites de Joyn. Nous pouvons utiliser ces cookies pour retenir les sites que vous avez visit\u00e9s et nous pouvons partager ces informations avec des tiers, dont les annonceurs et nos bureaux.<\/p><p><strong>Les Third party cookies. <\/strong>Les \u00ab first party cookies \u00bb ou cookies directs sont des cookies qui sont envoy\u00e9s \u00e0 partir de nos serveurs ou domaines et qui offrent le service demand\u00e9. Les \u00ab third party cookies \u00bb ou cookies tiers sont envoy\u00e9s sur votre navigateur \u00e0 partir d&rsquo;un serveur ou d\u2019un domaine qui n\u2019est pas g\u00e9r\u00e9 par Joyn, mais par une organisation avec laquelle nous collaborons. Seuls ces tiers ont acc\u00e8s \u00e0 ces cookies et aux informations qui sont collect\u00e9es par ceux-ci.<\/p><table style=\"border-width: 1px; border-style: solid;\" width=\"100%\" cellspacing=\"0\"><tbody><tr><td style=\"border-width: 1px; border-style: solid; padding: 0px;\"><strong>NOM DU COOKIE<\/strong><\/td><td style=\"border-width: 1px; border-style: solid; padding: 0px;\"><strong>TYPE DE COOKIE<\/strong><\/td><td style=\"border-width: 1px; border-style: solid; padding: 0px;\"><strong>BUT DU COOKIE<\/strong><\/td><td style=\"border-width: 1px; border-style: solid; padding: 0px;\"><strong>POLITIQUE DE CONFIDENTIALIT\u00c9<\/strong><\/td><\/tr><tr><td style=\"border-width: 1px; border-style: solid; padding: 0px;\">cookie-agreed<\/td><td style=\"border-width: 1px; border-style: solid; padding: 0px;\">Cookie strictement n\u00e9cessaire<\/td><td style=\"border-width: 1px; border-style: solid; padding: 0px;\">Gr\u00e2ce \u00e0 ce cookie, le site web retient si vous avez accept\u00e9 ou non la politique d&rsquo;utilisation des cookies.<\/td><td style=\"border-width: 1px; border-style: solid; padding: 0px;\">\u00a0<\/td><\/tr><tr><td style=\"border-width: 1px; border-style: solid; padding: 0px;\">language<\/td><td style=\"border-width: 1px; border-style: solid; padding: 0px;\">Cookie fonctionnel<\/td><td style=\"border-width: 1px; border-style: solid; padding: 0px;\">Gr\u00e2ce \u00e0 ce cookie, le site retient vos pr\u00e9f\u00e9rences linguistiques. De cette mani\u00e8re, nous pouvons, lors de chaque visite, charger automatiquement la page d\u2019accueil dans la langue choisie.<\/td><td style=\"border-width: 1px; border-style: solid; padding: 0px;\">\u00a0<\/td><\/tr><tr><td style=\"border-width: 1px; border-style: solid; padding: 0px;\">DSID, IDE<\/td><td style=\"border-width: 1px; border-style: solid; padding: 0px;\">Cookies de publicit\u00e9<\/td><td style=\"border-width: 1px; border-style: solid; padding: 0px;\">Ces cookies sont install\u00e9s par <strong>Google DoubleClick<\/strong> et collectent des donn\u00e9es sur la consultation des pages et des publicit\u00e9s et peuvent \u00e9tablir un profil d&rsquo;utilisateur.<\/td><td style=\"border-width: 1px; border-style: solid; padding: 0px;\"><p align=\"center\"><a href=\"https:\/\/www.google.com\/policies\/\" target=\"_blank\" rel=\"noopener\" data-cke-saved-href=\"https:\/\/www.google.com\/policies\/\">Privacy Policy<\/a><\/p><\/td><\/tr><tr><td style=\"border-width: 1px; border-style: solid; padding: 0px;\">presence, sb, pl, xs, fr, dpr, wd, c_user, datr, act<\/td><td style=\"border-width: 1px; border-style: solid; padding: 0px;\">Cookies de publicit\u00e9<\/td><td style=\"border-width: 1px; border-style: solid; padding: 0px;\">Ces cookies sont param\u00e9tr\u00e9s par <strong>Facebook<\/strong>. Nous utilisons ce service pour montrer que vous avez \u00ab aim\u00e9 \u00bb notre site web sur le r\u00e9seau social Facebook. Facebook peut utiliser cette information pour pr\u00e9senter nos publicit\u00e9s sur leur plateforme.<\/td><td style=\"border-width: 1px; border-style: solid; padding: 0px;\"><p align=\"center\"><a href=\"https:\/\/www.facebook.com\/policies\/cookies\/\" target=\"_blank\" rel=\"noopener\" data-cke-saved-href=\"https:\/\/www.facebook.com\/policies\/cookies\/\">Privacy Policy<\/a><\/p><\/td><\/tr><tr><td style=\"border-width: 1px; border-style: solid; padding: 0px;\">__utma, __utmc, __utmc, _ga, _gid, _dc_gtm<\/td><td style=\"border-width: 1px; border-style: solid; padding: 0px;\">Cookies de performance<\/td><td style=\"border-width: 1px; border-style: solid; padding: 0px;\">Google Analytics : nous utilisons <strong>Google Analytics<\/strong> pour collecter des informations sur le comportement des visiteurs de notre site web et nous en servir pour optimiser notre site. Google Analytics enregistre des informations sur les pages que vous visitez, par exemple le temps que vous restez sur le site, comment vous y \u00eates arriv\u00e9 et sur quoi vous cliquez.<\/td><td style=\"border-width: 1px; border-style: solid; padding: 0px;\"><p align=\"center\"><a href=\"https:\/\/www.google.com\/policies\/privacy\/\" target=\"_blank\" rel=\"noopener\" data-cke-saved-href=\"https:\/\/www.google.com\/policies\/privacy\/\">Privacy Policy<\/a><\/p><\/td><\/tr><tr><td style=\"border-width: 1px; border-style: solid; padding: 0px;\"><p><a id=\"_30j0zll\" name=\"_30j0zll\" data-cke-saved-name=\"_30j0zll\" data-hs-anchor=\"true\"><\/a><\/p><p>_cfduid, uvc, __utmb, __utmc, __utmt, __utmz, page_services, , __utma, __utmz, __utmc, __utmb, __utma<\/p><\/td><td style=\"border-width: 1px; border-style: solid; padding: 0px;\">Cookies tiers<\/td><td style=\"border-width: 1px; border-style: solid; padding: 0px;\"><strong>AddToAny Share<\/strong> offre la possibilit\u00e9 aux utilisateurs du site de partager facilement des articles avec leurs amis via plusieurs r\u00e9seaux sociaux populaires (Facebook, Twitter, Google plus, Instagram, etc.). Ces cookies collectent des informations sur les activit\u00e9s des utilisateurs, mais pas sur leur identit\u00e9 personnelle.<\/td><td style=\"border-width: 1px; border-style: solid; padding: 0px;\"><p align=\"center\"><a href=\"https:\/\/www.addtoany.com\/privacy\" target=\"_blank\" rel=\"noopener\" data-cke-saved-href=\"https:\/\/www.addtoany.com\/privacy\">Privacy Policy<\/a><\/p><\/td><\/tr><\/tbody><\/table>\t\t\t\t\t\t\t\t<\/div>\n\t\t\t\t<\/div>\n\t\t\t\t\t<\/div>\n\t\t<\/div>\n\t\t\t\t\t<\/div>\n\t\t<\/section>\n\t\t\t\t<\/div>\n\t\t","protected":false},"excerpt":{"rendered":"<p>Politique d\u2019utilisation des cookies de Joyn SA Vous surfez sur le site www.joyn.be ? Dans ce cas, notre site Internet peut installer automatiquement des \u00ab cookies \u00bb sur le disque dur de votre ordinateur. Nous pouvons ainsi am\u00e9liorer votre exp\u00e9rience de navigation : les cookies permettent \u00e0 notre site web de mieux fonctionner et font [&hellip;]<\/p>\n","protected":false},"author":1,"featured_media":0,"parent":51382,"menu_order":0,"comment_status":"closed","ping_status":"closed","template":"","meta":{"_acf_changed":false,"inline_featured_image":false,"footnotes":""},"class_list":["post-51387","page","type-page","status-publish","hentry"],"acf":[],"yoast_head":"<!-- This site is optimized with the Yoast SEO plugin v27.4 - https:\/\/yoast.com\/product\/yoast-seo-wordpress\/ -->\n<title>Politique d\u2019utilisation des cookies de Joyn - Joyn<\/title>\n<meta name=\"robots\" content=\"noindex, follow, max-snippet:-1, max-image-preview:large, max-video-preview:-1\" \/>\n<meta property=\"og:locale\" content=\"fr_FR\" \/>\n<meta property=\"og:type\" content=\"article\" \/>\n<meta property=\"og:title\" content=\"Politique d\u2019utilisation des cookies de Joyn - Joyn\" \/>\n<meta property=\"og:description\" content=\"Politique d\u2019utilisation des cookies de Joyn SA Vous surfez sur le site www.joyn.be ? Dans ce cas, notre site Internet peut installer automatiquement des \u00ab cookies \u00bb sur le disque dur de votre ordinateur. Nous pouvons ainsi am\u00e9liorer votre exp\u00e9rience de navigation : les cookies permettent \u00e0 notre site web de mieux fonctionner et font [&hellip;]\" \/>\n<meta property=\"og:url\" content=\"https:\/\/staging.joyn.eu\/fr-be\/legal\/politique-dutilisation-des-cookies-de-joyn\/\" \/>\n<meta property=\"og:site_name\" content=\"Joyn\" \/>\n<meta property=\"article:modified_time\" content=\"2025-02-11T13:51:50+00:00\" \/>\n<meta name=\"twitter:card\" content=\"summary_large_image\" \/>\n<meta name=\"twitter:label1\" content=\"Dur\u00e9e de lecture est.\" \/>\n\t<meta name=\"twitter:data1\" content=\"7 minutes\" \/>\n<script type=\"application\/ld+json\" class=\"yoast-schema-graph\">{\"@context\":\"https:\\\/\\\/schema.org\",\"@graph\":[{\"@type\":\"WebPage\",\"@id\":\"https:\\\/\\\/staging.joyn.eu\\\/fr-be\\\/legal\\\/politique-dutilisation-des-cookies-de-joyn\\\/\",\"url\":\"https:\\\/\\\/staging.joyn.eu\\\/fr-be\\\/legal\\\/politique-dutilisation-des-cookies-de-joyn\\\/\",\"name\":\"Politique d\u2019utilisation des cookies de Joyn - Joyn\",\"isPartOf\":{\"@id\":\"https:\\\/\\\/staging.joyn.eu\\\/fr-be\\\/#website\"},\"datePublished\":\"2022-01-13T15:11:22+00:00\",\"dateModified\":\"2025-02-11T13:51:50+00:00\",\"breadcrumb\":{\"@id\":\"https:\\\/\\\/staging.joyn.eu\\\/fr-be\\\/legal\\\/politique-dutilisation-des-cookies-de-joyn\\\/#breadcrumb\"},\"inLanguage\":\"fr-BE\",\"potentialAction\":[{\"@type\":\"ReadAction\",\"target\":[\"https:\\\/\\\/staging.joyn.eu\\\/fr-be\\\/legal\\\/politique-dutilisation-des-cookies-de-joyn\\\/\"]}]},{\"@type\":\"BreadcrumbList\",\"@id\":\"https:\\\/\\\/staging.joyn.eu\\\/fr-be\\\/legal\\\/politique-dutilisation-des-cookies-de-joyn\\\/#breadcrumb\",\"itemListElement\":[{\"@type\":\"ListItem\",\"position\":1,\"name\":\"Home\",\"item\":\"https:\\\/\\\/staging.joyn.eu\\\/fr-be\\\/home-merchant-new-fr\\\/\"},{\"@type\":\"ListItem\",\"position\":2,\"name\":\"legal\",\"item\":\"https:\\\/\\\/staging.joyn.eu\\\/fr-be\\\/legal\\\/\"},{\"@type\":\"ListItem\",\"position\":3,\"name\":\"Politique d\u2019utilisation des cookies de Joyn\"}]},{\"@type\":\"WebSite\",\"@id\":\"https:\\\/\\\/staging.joyn.eu\\\/fr-be\\\/#website\",\"url\":\"https:\\\/\\\/staging.joyn.eu\\\/fr-be\\\/\",\"name\":\"Joyn\",\"description\":\"Quand vos clients deviennent des fans\",\"publisher\":{\"@id\":\"https:\\\/\\\/staging.joyn.eu\\\/fr-be\\\/#organization\"},\"potentialAction\":[{\"@type\":\"SearchAction\",\"target\":{\"@type\":\"EntryPoint\",\"urlTemplate\":\"https:\\\/\\\/staging.joyn.eu\\\/fr-be\\\/?s={search_term_string}\"},\"query-input\":{\"@type\":\"PropertyValueSpecification\",\"valueRequired\":true,\"valueName\":\"search_term_string\"}}],\"inLanguage\":\"fr-BE\"},{\"@type\":\"Organization\",\"@id\":\"https:\\\/\\\/staging.joyn.eu\\\/fr-be\\\/#organization\",\"name\":\"Joyn\",\"url\":\"https:\\\/\\\/staging.joyn.eu\\\/fr-be\\\/\",\"logo\":{\"@type\":\"ImageObject\",\"inLanguage\":\"fr-BE\",\"@id\":\"https:\\\/\\\/staging.joyn.eu\\\/fr-be\\\/#\\\/schema\\\/logo\\\/image\\\/\",\"url\":\"https:\\\/\\\/staging.joyn.eu\\\/wp-content\\\/uploads\\\/2021\\\/02\\\/Blue-green-h40.png\",\"contentUrl\":\"https:\\\/\\\/staging.joyn.eu\\\/wp-content\\\/uploads\\\/2021\\\/02\\\/Blue-green-h40.png\",\"width\":83,\"height\":40,\"caption\":\"Joyn\"},\"image\":{\"@id\":\"https:\\\/\\\/staging.joyn.eu\\\/fr-be\\\/#\\\/schema\\\/logo\\\/image\\\/\"}}]}<\/script>\n<!-- \/ Yoast SEO plugin. -->","yoast_head_json":{"title":"Politique d\u2019utilisation des cookies de Joyn - Joyn","robots":{"index":"noindex","follow":"follow","max-snippet":"max-snippet:-1","max-image-preview":"max-image-preview:large","max-video-preview":"max-video-preview:-1"},"og_locale":"fr_FR","og_type":"article","og_title":"Politique d\u2019utilisation des cookies de Joyn - Joyn","og_description":"Politique d\u2019utilisation des cookies de Joyn SA Vous surfez sur le site www.joyn.be ? Dans ce cas, notre site Internet peut installer automatiquement des \u00ab cookies \u00bb sur le disque dur de votre ordinateur. Nous pouvons ainsi am\u00e9liorer votre exp\u00e9rience de navigation : les cookies permettent \u00e0 notre site web de mieux fonctionner et font [&hellip;]","og_url":"https:\/\/staging.joyn.eu\/fr-be\/legal\/politique-dutilisation-des-cookies-de-joyn\/","og_site_name":"Joyn","article_modified_time":"2025-02-11T13:51:50+00:00","twitter_card":"summary_large_image","twitter_misc":{"Dur\u00e9e de lecture est.":"7 minutes"},"schema":{"@context":"https:\/\/schema.org","@graph":[{"@type":"WebPage","@id":"https:\/\/staging.joyn.eu\/fr-be\/legal\/politique-dutilisation-des-cookies-de-joyn\/","url":"https:\/\/staging.joyn.eu\/fr-be\/legal\/politique-dutilisation-des-cookies-de-joyn\/","name":"Politique d\u2019utilisation des cookies de Joyn - Joyn","isPartOf":{"@id":"https:\/\/staging.joyn.eu\/fr-be\/#website"},"datePublished":"2022-01-13T15:11:22+00:00","dateModified":"2025-02-11T13:51:50+00:00","breadcrumb":{"@id":"https:\/\/staging.joyn.eu\/fr-be\/legal\/politique-dutilisation-des-cookies-de-joyn\/#breadcrumb"},"inLanguage":"fr-BE","potentialAction":[{"@type":"ReadAction","target":["https:\/\/staging.joyn.eu\/fr-be\/legal\/politique-dutilisation-des-cookies-de-joyn\/"]}]},{"@type":"BreadcrumbList","@id":"https:\/\/staging.joyn.eu\/fr-be\/legal\/politique-dutilisation-des-cookies-de-joyn\/#breadcrumb","itemListElement":[{"@type":"ListItem","position":1,"name":"Home","item":"https:\/\/staging.joyn.eu\/fr-be\/home-merchant-new-fr\/"},{"@type":"ListItem","position":2,"name":"legal","item":"https:\/\/staging.joyn.eu\/fr-be\/legal\/"},{"@type":"ListItem","position":3,"name":"Politique d\u2019utilisation des cookies de Joyn"}]},{"@type":"WebSite","@id":"https:\/\/staging.joyn.eu\/fr-be\/#website","url":"https:\/\/staging.joyn.eu\/fr-be\/","name":"Joyn","description":"Quand vos clients deviennent des fans","publisher":{"@id":"https:\/\/staging.joyn.eu\/fr-be\/#organization"},"potentialAction":[{"@type":"SearchAction","target":{"@type":"EntryPoint","urlTemplate":"https:\/\/staging.joyn.eu\/fr-be\/?s={search_term_string}"},"query-input":{"@type":"PropertyValueSpecification","valueRequired":true,"valueName":"search_term_string"}}],"inLanguage":"fr-BE"},{"@type":"Organization","@id":"https:\/\/staging.joyn.eu\/fr-be\/#organization","name":"Joyn","url":"https:\/\/staging.joyn.eu\/fr-be\/","logo":{"@type":"ImageObject","inLanguage":"fr-BE","@id":"https:\/\/staging.joyn.eu\/fr-be\/#\/schema\/logo\/image\/","url":"https:\/\/staging.joyn.eu\/wp-content\/uploads\/2021\/02\/Blue-green-h40.png","contentUrl":"https:\/\/staging.joyn.eu\/wp-content\/uploads\/2021\/02\/Blue-green-h40.png","width":83,"height":40,"caption":"Joyn"},"image":{"@id":"https:\/\/staging.joyn.eu\/fr-be\/#\/schema\/logo\/image\/"}}]}},"_links":{"self":[{"href":"https:\/\/staging.joyn.eu\/fr-be\/wp-json\/wp\/v2\/pages\/51387","targetHints":{"allow":["GET"]}}],"collection":[{"href":"https:\/\/staging.joyn.eu\/fr-be\/wp-json\/wp\/v2\/pages"}],"about":[{"href":"https:\/\/staging.joyn.eu\/fr-be\/wp-json\/wp\/v2\/types\/page"}],"author":[{"embeddable":true,"href":"https:\/\/staging.joyn.eu\/fr-be\/wp-json\/wp\/v2\/users\/1"}],"replies":[{"embeddable":true,"href":"https:\/\/staging.joyn.eu\/fr-be\/wp-json\/wp\/v2\/comments?post=51387"}],"version-history":[{"count":16,"href":"https:\/\/staging.joyn.eu\/fr-be\/wp-json\/wp\/v2\/pages\/51387\/revisions"}],"predecessor-version":[{"id":105779,"href":"https:\/\/staging.joyn.eu\/fr-be\/wp-json\/wp\/v2\/pages\/51387\/revisions\/105779"}],"up":[{"embeddable":true,"href":"https:\/\/staging.joyn.eu\/fr-be\/wp-json\/wp\/v2\/pages\/51382"}],"wp:attachment":[{"href":"https:\/\/staging.joyn.eu\/fr-be\/wp-json\/wp\/v2\/media?parent=51387"}],"curies":[{"name":"wp","href":"https:\/\/api.w.org\/{rel}","templated":true}]}}