{"id":49230,"date":"2021-09-07T15:43:57","date_gmt":"2021-09-07T15:43:57","guid":{"rendered":"https:\/\/staging.joyn.eu\/utilisateur\/centre-daide\/joyn-app\/"},"modified":"2025-04-30T10:26:16","modified_gmt":"2025-04-30T10:26:16","slug":"app-joyn","status":"publish","type":"page","link":"https:\/\/staging.joyn.eu\/fr-be\/consument-old\/centre-daide\/app-joyn\/","title":{"rendered":"App Joyn"},"content":{"rendered":"\t\t<div data-elementor-type=\"wp-page\" data-elementor-id=\"49230\" class=\"elementor elementor-49230 elementor-42704\" data-elementor-post-type=\"page\">\n\t\t\t\t\t\t<section class=\"elementor-section elementor-top-section elementor-element elementor-element-4c18798 elementor-section-boxed elementor-section-height-default elementor-section-height-default\" data-id=\"4c18798\" data-element_type=\"section\" data-e-type=\"section\">\n\t\t\t\t\t\t<div class=\"elementor-container elementor-column-gap-default\">\n\t\t\t\t\t<div class=\"elementor-column elementor-col-100 elementor-top-column elementor-element elementor-element-d1eb1cb\" data-id=\"d1eb1cb\" data-element_type=\"column\" data-e-type=\"column\">\n\t\t\t<div class=\"elementor-widget-wrap elementor-element-populated\">\n\t\t\t\t\t\t<div class=\"elementor-element elementor-element-1bdf930 elementor-widget elementor-widget-qi_addons_for_elementor_blog_list\" data-id=\"1bdf930\" data-element_type=\"widget\" data-e-type=\"widget\" data-widget_type=\"qi_addons_for_elementor_blog_list.default\">\n\t\t\t\t<div class=\"elementor-widget-container\">\n\t\t\t\t\t<div class=\"qodef-shortcode qodef-m qodef-addons-blog-list qodef-info-no-icons qodef-image--hover-zoom qodef-qi-grid qodef-layout--qi-columns qodef-col-num--3 qodef-item-layout--boxed qodef-responsive--predefined\" >\n\t<div class=\"qodef-grid-inner\">\n\t\t<article class=\"qodef-e qodef-blog-item qodef-grid-item qodef-item--square post-42095 post type-post status-publish format-standard hentry category-application-joyn category-centre-daide\">\n\t<div class=\"qodef-e-inner\">\n\t\t<div class=\"qodef-e-media-holder\">\n\t\t\t<div class=\"qodef-e-media\">\n\t<\/div>\n<div itemprop=\"dateCreated\" class=\"qodef-e-info-item qodef-e-info-date entry-date \">\n\t<a itemprop=\"url\" href=\"https:\/\/staging.joyn.eu\/fr-be\/2021\/09\/\">\n\t\t2 Sep\t<\/a>\n<\/div>\n\t\t<\/div>\n\t\t<div class=\"qodef-e-content\">\n\t\t\t\t\t\t\t<div class=\"qodef-e-info qodef-info--top\">\n\t\t\t\t\t<div class=\"qodef-e-info-item qodef-e-info-author\">\n\t<a itemprop=\"author\" class=\"qodef-e-info-author-link\" href=\"https:\/\/staging.joyn.eu\/fr-be\/author\/joyn-admin\/\">\n\t\t\t\tAdmin\t<\/a>\n<\/div>\n\t\t\t\t<\/div>\n\t\t\t\t\t\t<div class=\"qodef-e-text\">\n\t\t\t\t<h5 itemprop=\"name\" class=\"qodef-e-title entry-title\">\n\t<a itemprop=\"url\" class=\"qodef-e-title-link\" href=\"https:\/\/staging.joyn.eu\/fr-be\/pourquoi-lapplication-joyn-demande-t-elle-acces-a-mon-appareil-photo\/\">\n\t\tPourquoi l\u2019application Joyn demande-t-elle acc\u00e8s \u00e0 mon appareil photo ?\t<\/a>\n<\/h5>\n\t\t<p itemprop=\"description\" class=\"qodef-e-excerpt\">\n\t\t\tAfin de pouvoir scanner le QR code sur la tablette ou le smartphone du commer\u00e7ant, l\u2019application a besoin d\u2019acc\u00e9der \u00e0 votre appareil photo. Vous devez pour cela donner votre\t\t<\/p>\n\t\t\t\t<\/div>\n\t\t\t\t\t<\/div>\n\t<\/div>\n<\/article>\n<article class=\"qodef-e qodef-blog-item qodef-grid-item qodef-item--square post-42121 post type-post status-publish format-standard hentry category-application-joyn category-centre-daide\">\n\t<div class=\"qodef-e-inner\">\n\t\t<div class=\"qodef-e-media-holder\">\n\t\t\t<div class=\"qodef-e-media\">\n\t<\/div>\n<div itemprop=\"dateCreated\" class=\"qodef-e-info-item qodef-e-info-date entry-date \">\n\t<a itemprop=\"url\" href=\"https:\/\/staging.joyn.eu\/fr-be\/2021\/09\/\">\n\t\t2 Sep\t<\/a>\n<\/div>\n\t\t<\/div>\n\t\t<div class=\"qodef-e-content\">\n\t\t\t\t\t\t\t<div class=\"qodef-e-info qodef-info--top\">\n\t\t\t\t\t<div class=\"qodef-e-info-item qodef-e-info-author\">\n\t<a itemprop=\"author\" class=\"qodef-e-info-author-link\" href=\"https:\/\/staging.joyn.eu\/fr-be\/author\/joyn-admin\/\">\n\t\t\t\tAdmin\t<\/a>\n<\/div>\n\t\t\t\t<\/div>\n\t\t\t\t\t\t<div class=\"qodef-e-text\">\n\t\t\t\t<h5 itemprop=\"name\" class=\"qodef-e-title entry-title\">\n\t<a itemprop=\"url\" class=\"qodef-e-title-link\" href=\"https:\/\/staging.joyn.eu\/fr-be\/pourquoi-lapplication-joyn-demande-t-elle-acces-a-ma-localisation\/\">\n\t\tPourquoi l\u2019application Joyn demande-t-elle acc\u00e8s \u00e0 ma localisation ?\t<\/a>\n<\/h5>\n\t\t<p itemprop=\"description\" class=\"qodef-e-excerpt\">\n\t\t\tLorsque vous cherchez des commer\u00e7ants dans l\u2019app Joyn, nous souhaitons \u00e9videmment vous indiquer les commer\u00e7ants les plus proches. C\u2019est pour cette raison que l\u2019application\t\t<\/p>\n\t\t\t\t<\/div>\n\t\t\t\t\t<\/div>\n\t<\/div>\n<\/article>\n<article class=\"qodef-e qodef-blog-item qodef-grid-item qodef-item--square post-42185 post type-post status-publish format-standard hentry category-application-joyn category-centre-daide\">\n\t<div class=\"qodef-e-inner\">\n\t\t<div class=\"qodef-e-media-holder\">\n\t\t\t<div class=\"qodef-e-media\">\n\t<\/div>\n<div itemprop=\"dateCreated\" class=\"qodef-e-info-item qodef-e-info-date entry-date \">\n\t<a itemprop=\"url\" href=\"https:\/\/staging.joyn.eu\/fr-be\/2021\/09\/\">\n\t\t2 Sep\t<\/a>\n<\/div>\n\t\t<\/div>\n\t\t<div class=\"qodef-e-content\">\n\t\t\t\t\t\t\t<div class=\"qodef-e-info qodef-info--top\">\n\t\t\t\t\t<div class=\"qodef-e-info-item qodef-e-info-author\">\n\t<a itemprop=\"author\" class=\"qodef-e-info-author-link\" href=\"https:\/\/staging.joyn.eu\/fr-be\/author\/joyn-admin\/\">\n\t\t\t\tAdmin\t<\/a>\n<\/div>\n\t\t\t\t<\/div>\n\t\t\t\t\t\t<div class=\"qodef-e-text\">\n\t\t\t\t<h5 itemprop=\"name\" class=\"qodef-e-title entry-title\">\n\t<a itemprop=\"url\" class=\"qodef-e-title-link\" href=\"https:\/\/staging.joyn.eu\/fr-be\/quest-ce-que-lapp-joyn\/\">\n\t\tQu\u2019est-ce que l\u2019app Joyn ?\t<\/a>\n<\/h5>\n\t\t<p itemprop=\"description\" class=\"qodef-e-excerpt\">\n\t\t\tL\u2019app Joyn est une application que vous pouvez tr\u00e8s facilement t\u00e9l\u00e9charger sur votre smartphone, sur iOS ou Android. L\u2019app Joyn surpasse la carte de fid\u00e9lit\u00e9 traditionnell\t\t<\/p>\n\t\t\t\t<\/div>\n\t\t\t\t\t<\/div>\n\t<\/div>\n<\/article>\n<article class=\"qodef-e qodef-blog-item qodef-grid-item qodef-item--square post-42243 post type-post status-publish format-standard hentry category-application-joyn category-centre-daide\">\n\t<div class=\"qodef-e-inner\">\n\t\t<div class=\"qodef-e-media-holder\">\n\t\t\t<div class=\"qodef-e-media\">\n\t<\/div>\n<div itemprop=\"dateCreated\" class=\"qodef-e-info-item qodef-e-info-date entry-date \">\n\t<a itemprop=\"url\" href=\"https:\/\/staging.joyn.eu\/fr-be\/2021\/09\/\">\n\t\t2 Sep\t<\/a>\n<\/div>\n\t\t<\/div>\n\t\t<div class=\"qodef-e-content\">\n\t\t\t\t\t\t\t<div class=\"qodef-e-info qodef-info--top\">\n\t\t\t\t\t<div class=\"qodef-e-info-item qodef-e-info-author\">\n\t<a itemprop=\"author\" class=\"qodef-e-info-author-link\" href=\"https:\/\/staging.joyn.eu\/fr-be\/author\/joyn-admin\/\">\n\t\t\t\tAdmin\t<\/a>\n<\/div>\n\t\t\t\t<\/div>\n\t\t\t\t\t\t<div class=\"qodef-e-text\">\n\t\t\t\t<h5 itemprop=\"name\" class=\"qodef-e-title entry-title\">\n\t<a itemprop=\"url\" class=\"qodef-e-title-link\" href=\"https:\/\/staging.joyn.eu\/fr-be\/comment-telecharger-et-installer-lapp-joyn-sur-mon-iphone\/\">\n\t\tComment t\u00e9l\u00e9charger et installer l\u2019app Joyn sur mon iPhone ?\t<\/a>\n<\/h5>\n\t\t<p itemprop=\"description\" class=\"qodef-e-excerpt\">\n\t\t\tProc\u00e9dez comme suit pour t\u00e9l\u00e9charger l\u2019app Joyn sur votre iPhone : 1. Ouvrez l\u2019App Store sur votre iPhone. 2. Compl\u00e9tez \u00ab Joyn &#8211; Live the city \u00bb comme terme de rech\t\t<\/p>\n\t\t\t\t<\/div>\n\t\t\t\t\t<\/div>\n\t<\/div>\n<\/article>\n<article class=\"qodef-e qodef-blog-item qodef-grid-item qodef-item--square post-42303 post type-post status-publish format-standard hentry category-application-joyn category-centre-daide\">\n\t<div class=\"qodef-e-inner\">\n\t\t<div class=\"qodef-e-media-holder\">\n\t\t\t<div class=\"qodef-e-media\">\n\t<\/div>\n<div itemprop=\"dateCreated\" class=\"qodef-e-info-item qodef-e-info-date entry-date \">\n\t<a itemprop=\"url\" href=\"https:\/\/staging.joyn.eu\/fr-be\/2021\/09\/\">\n\t\t2 Sep\t<\/a>\n<\/div>\n\t\t<\/div>\n\t\t<div class=\"qodef-e-content\">\n\t\t\t\t\t\t\t<div class=\"qodef-e-info qodef-info--top\">\n\t\t\t\t\t<div class=\"qodef-e-info-item qodef-e-info-author\">\n\t<a itemprop=\"author\" class=\"qodef-e-info-author-link\" href=\"https:\/\/staging.joyn.eu\/fr-be\/author\/joyn-admin\/\">\n\t\t\t\tAdmin\t<\/a>\n<\/div>\n\t\t\t\t<\/div>\n\t\t\t\t\t\t<div class=\"qodef-e-text\">\n\t\t\t\t<h5 itemprop=\"name\" class=\"qodef-e-title entry-title\">\n\t<a itemprop=\"url\" class=\"qodef-e-title-link\" href=\"https:\/\/staging.joyn.eu\/fr-be\/comment-puis-je-installer-la-derniere-mise-a-jour-de-lapp-joyn-sur-mon-iphone\/\">\n\t\tComment puis-je installer la derni\u00e8re mise \u00e0 jour de l\u2019app Joyn sur mon iPhone ?\t<\/a>\n<\/h5>\n\t\t<p itemprop=\"description\" class=\"qodef-e-excerpt\">\n\t\t\tVous pouvez mettre \u00e0 jour les apps manuellement ou configurer les mises \u00e0 jour automatiques sur votre iPhone. Si vous choisissez les mises \u00e0 jour automatiques, inutile de mettre\t\t<\/p>\n\t\t\t\t<\/div>\n\t\t\t\t\t<\/div>\n\t<\/div>\n<\/article>\n<article class=\"qodef-e qodef-blog-item qodef-grid-item qodef-item--square post-42317 post type-post status-publish format-standard hentry category-application-joyn category-centre-daide\">\n\t<div class=\"qodef-e-inner\">\n\t\t<div class=\"qodef-e-media-holder\">\n\t\t\t<div class=\"qodef-e-media\">\n\t<\/div>\n<div itemprop=\"dateCreated\" class=\"qodef-e-info-item qodef-e-info-date entry-date \">\n\t<a itemprop=\"url\" href=\"https:\/\/staging.joyn.eu\/fr-be\/2021\/09\/\">\n\t\t2 Sep\t<\/a>\n<\/div>\n\t\t<\/div>\n\t\t<div class=\"qodef-e-content\">\n\t\t\t\t\t\t\t<div class=\"qodef-e-info qodef-info--top\">\n\t\t\t\t\t<div class=\"qodef-e-info-item qodef-e-info-author\">\n\t<a itemprop=\"author\" class=\"qodef-e-info-author-link\" href=\"https:\/\/staging.joyn.eu\/fr-be\/author\/joyn-admin\/\">\n\t\t\t\tAdmin\t<\/a>\n<\/div>\n\t\t\t\t<\/div>\n\t\t\t\t\t\t<div class=\"qodef-e-text\">\n\t\t\t\t<h5 itemprop=\"name\" class=\"qodef-e-title entry-title\">\n\t<a itemprop=\"url\" class=\"qodef-e-title-link\" href=\"https:\/\/staging.joyn.eu\/fr-be\/comment-puis-je-telecharger-lapp-joyn-sur-mon-smartphone-android\/\">\n\t\tComment puis-je t\u00e9l\u00e9charger l\u2019app Joyn sur mon smartphone Android ?\t<\/a>\n<\/h5>\n\t\t<p itemprop=\"description\" class=\"qodef-e-excerpt\">\n\t\t\tFaites comme suit pour installer l\u2019app Joyn sur votre smartphone Android 1. Allez dans Google Play Store. 2. Cherchez \u00ab Joyn \u00bb dans la barre de recherche. 3. Cliquez sur \u00ab Ins\t\t<\/p>\n\t\t\t\t<\/div>\n\t\t\t\t\t<\/div>\n\t<\/div>\n<\/article>\n<article class=\"qodef-e qodef-blog-item qodef-grid-item qodef-item--square post-42321 post type-post status-publish format-standard hentry category-application-joyn category-centre-daide\">\n\t<div class=\"qodef-e-inner\">\n\t\t<div class=\"qodef-e-media-holder\">\n\t\t\t<div class=\"qodef-e-media\">\n\t<\/div>\n<div itemprop=\"dateCreated\" class=\"qodef-e-info-item qodef-e-info-date entry-date \">\n\t<a itemprop=\"url\" href=\"https:\/\/staging.joyn.eu\/fr-be\/2021\/09\/\">\n\t\t2 Sep\t<\/a>\n<\/div>\n\t\t<\/div>\n\t\t<div class=\"qodef-e-content\">\n\t\t\t\t\t\t\t<div class=\"qodef-e-info qodef-info--top\">\n\t\t\t\t\t<div class=\"qodef-e-info-item qodef-e-info-author\">\n\t<a itemprop=\"author\" class=\"qodef-e-info-author-link\" href=\"https:\/\/staging.joyn.eu\/fr-be\/author\/joyn-admin\/\">\n\t\t\t\tAdmin\t<\/a>\n<\/div>\n\t\t\t\t<\/div>\n\t\t\t\t\t\t<div class=\"qodef-e-text\">\n\t\t\t\t<h5 itemprop=\"name\" class=\"qodef-e-title entry-title\">\n\t<a itemprop=\"url\" class=\"qodef-e-title-link\" href=\"https:\/\/staging.joyn.eu\/fr-be\/comment-puis-je-installer-la-derniere-mise-a-jour-de-lapp-joyn-sur-mon-smartphone-android\/\">\n\t\tComment puis-je installer la derni\u00e8re mise \u00e0 jour de l\u2019app Joyn sur mon smartphone Android ?\t<\/a>\n<\/h5>\n\t\t<p itemprop=\"description\" class=\"qodef-e-excerpt\">\n\t\t\tVous pouvez choisir si vous voulez mettre \u00e0 jour l\u2019app Joyn automatiquement, individuellement ou manuellement. Mettre \u00e0 jour votre app Joyn automatiquement ? 1. Allez dans Goog\t\t<\/p>\n\t\t\t\t<\/div>\n\t\t\t\t\t<\/div>\n\t<\/div>\n<\/article>\n<article class=\"qodef-e qodef-blog-item qodef-grid-item qodef-item--square post-42325 post type-post status-publish format-standard hentry category-application-joyn category-centre-daide\">\n\t<div class=\"qodef-e-inner\">\n\t\t<div class=\"qodef-e-media-holder\">\n\t\t\t<div class=\"qodef-e-media\">\n\t<\/div>\n<div itemprop=\"dateCreated\" class=\"qodef-e-info-item qodef-e-info-date entry-date \">\n\t<a itemprop=\"url\" href=\"https:\/\/staging.joyn.eu\/fr-be\/2021\/09\/\">\n\t\t2 Sep\t<\/a>\n<\/div>\n\t\t<\/div>\n\t\t<div class=\"qodef-e-content\">\n\t\t\t\t\t\t\t<div class=\"qodef-e-info qodef-info--top\">\n\t\t\t\t\t<div class=\"qodef-e-info-item qodef-e-info-author\">\n\t<a itemprop=\"author\" class=\"qodef-e-info-author-link\" href=\"https:\/\/staging.joyn.eu\/fr-be\/author\/joyn-admin\/\">\n\t\t\t\tAdmin\t<\/a>\n<\/div>\n\t\t\t\t<\/div>\n\t\t\t\t\t\t<div class=\"qodef-e-text\">\n\t\t\t\t<h5 itemprop=\"name\" class=\"qodef-e-title entry-title\">\n\t<a itemprop=\"url\" class=\"qodef-e-title-link\" href=\"https:\/\/staging.joyn.eu\/fr-be\/puis-je-telecharger-lapp-sur-ma-tablette\/\">\n\t\tPuis-je t\u00e9l\u00e9charger l\u2019app sur ma tablette ?\t<\/a>\n<\/h5>\n\t\t<p itemprop=\"description\" class=\"qodef-e-excerpt\">\n\t\t\tEn th\u00e9orie, c\u2019est possible mais en pratique ce n\u2019est pas si \u00e9vident. Certaines versions ne sont en effet pas prises en charge. Mais vous sortez plus souvent avec votre smartp\t\t<\/p>\n\t\t\t\t<\/div>\n\t\t\t\t\t<\/div>\n\t<\/div>\n<\/article>\n<article class=\"qodef-e qodef-blog-item qodef-grid-item qodef-item--square post-42335 post type-post status-publish format-standard hentry category-application-joyn category-centre-daide\">\n\t<div class=\"qodef-e-inner\">\n\t\t<div class=\"qodef-e-media-holder\">\n\t\t\t<div class=\"qodef-e-media\">\n\t<\/div>\n<div itemprop=\"dateCreated\" class=\"qodef-e-info-item qodef-e-info-date entry-date \">\n\t<a itemprop=\"url\" href=\"https:\/\/staging.joyn.eu\/fr-be\/2021\/09\/\">\n\t\t2 Sep\t<\/a>\n<\/div>\n\t\t<\/div>\n\t\t<div class=\"qodef-e-content\">\n\t\t\t\t\t\t\t<div class=\"qodef-e-info qodef-info--top\">\n\t\t\t\t\t<div class=\"qodef-e-info-item qodef-e-info-author\">\n\t<a itemprop=\"author\" class=\"qodef-e-info-author-link\" href=\"https:\/\/staging.joyn.eu\/fr-be\/author\/joyn-admin\/\">\n\t\t\t\tAdmin\t<\/a>\n<\/div>\n\t\t\t\t<\/div>\n\t\t\t\t\t\t<div class=\"qodef-e-text\">\n\t\t\t\t<h5 itemprop=\"name\" class=\"qodef-e-title entry-title\">\n\t<a itemprop=\"url\" class=\"qodef-e-title-link\" href=\"https:\/\/staging.joyn.eu\/fr-be\/jutilise-une-autre-app-par-exemple-stocard-fidme-myshopi-apple-wallet-pour-mes-cartes-de-fidelite-puis-je-utiliser-ma-carte-joyn-via-ces-apps\/\">\n\t\tJ\u2019utilise une autre app (par exemple, Stocard, Fidme, Myshopi, Apple Wallet,&#8230;) pour mes cartes de fid\u00e9lit\u00e9. Puis-je utiliser ma carte Joyn via ces apps ?\t<\/a>\n<\/h5>\n\t\t<p itemprop=\"description\" class=\"qodef-e-excerpt\">\n\t\t\tMieux vaut \u00e9viter d\u2019utiliser une application externe telle que Stocard, Fidme, MyShopi, &#8230; Pour suivre votre compte Joyn. En effet, vous courrez le risque que votre QR code\t\t<\/p>\n\t\t\t\t<\/div>\n\t\t\t\t\t<\/div>\n\t<\/div>\n<\/article>\n\t<\/div>\n\t\t<div class=\"qodef-addons-m-pagination qodef--standard\">\n\t\t<nav class=\"navigation pagination\" role=\"navigation\" aria-label=\"Posts\">\n\t\t\t<h2 class=\"screen-reader-text\">Posts navigation<\/h2>\n\t\t\t<div class=\"nav-links\">\n\t\t\t\t<span aria-current=\"page\" class=\"page-numbers current\">1<\/span>\n<a class=\"page-numbers\" href=\"https:\/\/staging.joyn.eu\/fr-be\/wp-json\/wp\/v2\/pages\/49230\/page\/2\/\">2<\/a>\n<a class=\"next page-numbers\" href=\"https:\/\/staging.joyn.eu\/fr-be\/wp-json\/wp\/v2\/pages\/49230\/page\/2\/\"><svg class=\"qodef-m-pagination-icon\" xmlns=\"http:\/\/www.w3.org\/2000\/svg\" x=\"0px\" y=\"0px\" viewBox=\"0 0 34.2 32.3\" xml:space=\"preserve\" style=\"stroke-width: 2;\"><line x1=\"0\" y1=\"16\" x2=\"33\" y2=\"16\"\/><line x1=\"17.3\" y1=\"0.7\" x2=\"33.2\" y2=\"16.5\"\/><line x1=\"17.3\" y1=\"31.6\" x2=\"33.5\" y2=\"15.4\"\/><\/svg><\/a>\t\t\t<\/div>\n\t\t<\/nav>\n\t<\/div>\n<\/div>\n\t\t\t\t<\/div>\n\t\t\t\t<\/div>\n\t\t\t\t\t<\/div>\n\t\t<\/div>\n\t\t\t\t\t<\/div>\n\t\t<\/section>\n\t\t\t\t<\/div>\n\t\t","protected":false},"excerpt":{"rendered":"<p>2 Sep Admin Pourquoi l\u2019application Joyn demande-t-elle acc\u00e8s \u00e0 mon appareil photo ? Afin de pouvoir scanner le QR code sur la tablette ou le smartphone du commer\u00e7ant, l\u2019application a besoin d\u2019acc\u00e9der \u00e0 votre appareil photo. Vous devez pour cela donner votre 2 Sep Admin Pourquoi l\u2019application Joyn demande-t-elle acc\u00e8s \u00e0 ma localisation ? Lorsque [&hellip;]<\/p>\n","protected":false},"author":1,"featured_media":0,"parent":32095,"menu_order":0,"comment_status":"closed","ping_status":"closed","template":"","meta":{"_acf_changed":false,"inline_featured_image":false,"footnotes":""},"class_list":["post-49230","page","type-page","status-publish","hentry"],"acf":[],"yoast_head":"<!-- This site is optimized with the Yoast SEO plugin v27.4 - https:\/\/yoast.com\/product\/yoast-seo-wordpress\/ -->\n<title>App Joyn - Joyn<\/title>\n<meta name=\"robots\" content=\"noindex, follow, max-snippet:-1, max-image-preview:large, max-video-preview:-1\" \/>\n<meta property=\"og:locale\" content=\"fr_FR\" \/>\n<meta property=\"og:type\" content=\"article\" \/>\n<meta property=\"og:title\" content=\"App Joyn - Joyn\" \/>\n<meta property=\"og:description\" content=\"2 Sep Admin Pourquoi l\u2019application Joyn demande-t-elle acc\u00e8s \u00e0 mon appareil photo ? Afin de pouvoir scanner le QR code sur la tablette ou le smartphone du commer\u00e7ant, l\u2019application a besoin d\u2019acc\u00e9der \u00e0 votre appareil photo. Vous devez pour cela donner votre 2 Sep Admin Pourquoi l\u2019application Joyn demande-t-elle acc\u00e8s \u00e0 ma localisation ? Lorsque [&hellip;]\" \/>\n<meta property=\"og:url\" content=\"https:\/\/staging.joyn.eu\/fr-be\/consument-old\/centre-daide\/app-joyn\/\" \/>\n<meta property=\"og:site_name\" content=\"Joyn\" \/>\n<meta property=\"article:modified_time\" content=\"2025-04-30T10:26:16+00:00\" \/>\n<meta name=\"twitter:card\" content=\"summary_large_image\" \/>\n<meta name=\"twitter:label1\" content=\"Dur\u00e9e de lecture est.\" \/>\n\t<meta name=\"twitter:data1\" content=\"1 minute\" \/>\n<script type=\"application\/ld+json\" class=\"yoast-schema-graph\">{\"@context\":\"https:\\\/\\\/schema.org\",\"@graph\":[{\"@type\":\"WebPage\",\"@id\":\"https:\\\/\\\/staging.joyn.eu\\\/fr-be\\\/consument-old\\\/centre-daide\\\/app-joyn\\\/\",\"url\":\"https:\\\/\\\/staging.joyn.eu\\\/fr-be\\\/consument-old\\\/centre-daide\\\/app-joyn\\\/\",\"name\":\"App Joyn - Joyn\",\"isPartOf\":{\"@id\":\"https:\\\/\\\/staging.joyn.eu\\\/fr-be\\\/#website\"},\"datePublished\":\"2021-09-07T15:43:57+00:00\",\"dateModified\":\"2025-04-30T10:26:16+00:00\",\"breadcrumb\":{\"@id\":\"https:\\\/\\\/staging.joyn.eu\\\/fr-be\\\/consument-old\\\/centre-daide\\\/app-joyn\\\/#breadcrumb\"},\"inLanguage\":\"fr-BE\",\"potentialAction\":[{\"@type\":\"ReadAction\",\"target\":[\"https:\\\/\\\/staging.joyn.eu\\\/fr-be\\\/consument-old\\\/centre-daide\\\/app-joyn\\\/\"]}]},{\"@type\":\"BreadcrumbList\",\"@id\":\"https:\\\/\\\/staging.joyn.eu\\\/fr-be\\\/consument-old\\\/centre-daide\\\/app-joyn\\\/#breadcrumb\",\"itemListElement\":[{\"@type\":\"ListItem\",\"position\":1,\"name\":\"Home\",\"item\":\"https:\\\/\\\/staging.joyn.eu\\\/fr-be\\\/home-merchant-new-fr\\\/\"},{\"@type\":\"ListItem\",\"position\":2,\"name\":\"consument BE FR\",\"item\":\"https:\\\/\\\/staging.joyn.eu\\\/fr-be\\\/consument-old\\\/\"},{\"@type\":\"ListItem\",\"position\":3,\"name\":\"Centre d\u2019aide\",\"item\":\"https:\\\/\\\/staging.joyn.eu\\\/fr-be\\\/consument-old\\\/centre-daide\\\/\"},{\"@type\":\"ListItem\",\"position\":4,\"name\":\"App Joyn\"}]},{\"@type\":\"WebSite\",\"@id\":\"https:\\\/\\\/staging.joyn.eu\\\/fr-be\\\/#website\",\"url\":\"https:\\\/\\\/staging.joyn.eu\\\/fr-be\\\/\",\"name\":\"Joyn\",\"description\":\"Quand vos clients deviennent des fans\",\"publisher\":{\"@id\":\"https:\\\/\\\/staging.joyn.eu\\\/fr-be\\\/#organization\"},\"potentialAction\":[{\"@type\":\"SearchAction\",\"target\":{\"@type\":\"EntryPoint\",\"urlTemplate\":\"https:\\\/\\\/staging.joyn.eu\\\/fr-be\\\/?s={search_term_string}\"},\"query-input\":{\"@type\":\"PropertyValueSpecification\",\"valueRequired\":true,\"valueName\":\"search_term_string\"}}],\"inLanguage\":\"fr-BE\"},{\"@type\":\"Organization\",\"@id\":\"https:\\\/\\\/staging.joyn.eu\\\/fr-be\\\/#organization\",\"name\":\"Joyn\",\"url\":\"https:\\\/\\\/staging.joyn.eu\\\/fr-be\\\/\",\"logo\":{\"@type\":\"ImageObject\",\"inLanguage\":\"fr-BE\",\"@id\":\"https:\\\/\\\/staging.joyn.eu\\\/fr-be\\\/#\\\/schema\\\/logo\\\/image\\\/\",\"url\":\"https:\\\/\\\/staging.joyn.eu\\\/wp-content\\\/uploads\\\/2021\\\/02\\\/Blue-green-h40.png\",\"contentUrl\":\"https:\\\/\\\/staging.joyn.eu\\\/wp-content\\\/uploads\\\/2021\\\/02\\\/Blue-green-h40.png\",\"width\":83,\"height\":40,\"caption\":\"Joyn\"},\"image\":{\"@id\":\"https:\\\/\\\/staging.joyn.eu\\\/fr-be\\\/#\\\/schema\\\/logo\\\/image\\\/\"}}]}<\/script>\n<!-- \/ Yoast SEO plugin. -->","yoast_head_json":{"title":"App Joyn - Joyn","robots":{"index":"noindex","follow":"follow","max-snippet":"max-snippet:-1","max-image-preview":"max-image-preview:large","max-video-preview":"max-video-preview:-1"},"og_locale":"fr_FR","og_type":"article","og_title":"App Joyn - Joyn","og_description":"2 Sep Admin Pourquoi l\u2019application Joyn demande-t-elle acc\u00e8s \u00e0 mon appareil photo ? Afin de pouvoir scanner le QR code sur la tablette ou le smartphone du commer\u00e7ant, l\u2019application a besoin d\u2019acc\u00e9der \u00e0 votre appareil photo. Vous devez pour cela donner votre 2 Sep Admin Pourquoi l\u2019application Joyn demande-t-elle acc\u00e8s \u00e0 ma localisation ? Lorsque [&hellip;]","og_url":"https:\/\/staging.joyn.eu\/fr-be\/consument-old\/centre-daide\/app-joyn\/","og_site_name":"Joyn","article_modified_time":"2025-04-30T10:26:16+00:00","twitter_card":"summary_large_image","twitter_misc":{"Dur\u00e9e de lecture est.":"1 minute"},"schema":{"@context":"https:\/\/schema.org","@graph":[{"@type":"WebPage","@id":"https:\/\/staging.joyn.eu\/fr-be\/consument-old\/centre-daide\/app-joyn\/","url":"https:\/\/staging.joyn.eu\/fr-be\/consument-old\/centre-daide\/app-joyn\/","name":"App Joyn - Joyn","isPartOf":{"@id":"https:\/\/staging.joyn.eu\/fr-be\/#website"},"datePublished":"2021-09-07T15:43:57+00:00","dateModified":"2025-04-30T10:26:16+00:00","breadcrumb":{"@id":"https:\/\/staging.joyn.eu\/fr-be\/consument-old\/centre-daide\/app-joyn\/#breadcrumb"},"inLanguage":"fr-BE","potentialAction":[{"@type":"ReadAction","target":["https:\/\/staging.joyn.eu\/fr-be\/consument-old\/centre-daide\/app-joyn\/"]}]},{"@type":"BreadcrumbList","@id":"https:\/\/staging.joyn.eu\/fr-be\/consument-old\/centre-daide\/app-joyn\/#breadcrumb","itemListElement":[{"@type":"ListItem","position":1,"name":"Home","item":"https:\/\/staging.joyn.eu\/fr-be\/home-merchant-new-fr\/"},{"@type":"ListItem","position":2,"name":"consument BE FR","item":"https:\/\/staging.joyn.eu\/fr-be\/consument-old\/"},{"@type":"ListItem","position":3,"name":"Centre d\u2019aide","item":"https:\/\/staging.joyn.eu\/fr-be\/consument-old\/centre-daide\/"},{"@type":"ListItem","position":4,"name":"App Joyn"}]},{"@type":"WebSite","@id":"https:\/\/staging.joyn.eu\/fr-be\/#website","url":"https:\/\/staging.joyn.eu\/fr-be\/","name":"Joyn","description":"Quand vos clients deviennent des fans","publisher":{"@id":"https:\/\/staging.joyn.eu\/fr-be\/#organization"},"potentialAction":[{"@type":"SearchAction","target":{"@type":"EntryPoint","urlTemplate":"https:\/\/staging.joyn.eu\/fr-be\/?s={search_term_string}"},"query-input":{"@type":"PropertyValueSpecification","valueRequired":true,"valueName":"search_term_string"}}],"inLanguage":"fr-BE"},{"@type":"Organization","@id":"https:\/\/staging.joyn.eu\/fr-be\/#organization","name":"Joyn","url":"https:\/\/staging.joyn.eu\/fr-be\/","logo":{"@type":"ImageObject","inLanguage":"fr-BE","@id":"https:\/\/staging.joyn.eu\/fr-be\/#\/schema\/logo\/image\/","url":"https:\/\/staging.joyn.eu\/wp-content\/uploads\/2021\/02\/Blue-green-h40.png","contentUrl":"https:\/\/staging.joyn.eu\/wp-content\/uploads\/2021\/02\/Blue-green-h40.png","width":83,"height":40,"caption":"Joyn"},"image":{"@id":"https:\/\/staging.joyn.eu\/fr-be\/#\/schema\/logo\/image\/"}}]}},"_links":{"self":[{"href":"https:\/\/staging.joyn.eu\/fr-be\/wp-json\/wp\/v2\/pages\/49230","targetHints":{"allow":["GET"]}}],"collection":[{"href":"https:\/\/staging.joyn.eu\/fr-be\/wp-json\/wp\/v2\/pages"}],"about":[{"href":"https:\/\/staging.joyn.eu\/fr-be\/wp-json\/wp\/v2\/types\/page"}],"author":[{"embeddable":true,"href":"https:\/\/staging.joyn.eu\/fr-be\/wp-json\/wp\/v2\/users\/1"}],"replies":[{"embeddable":true,"href":"https:\/\/staging.joyn.eu\/fr-be\/wp-json\/wp\/v2\/comments?post=49230"}],"version-history":[{"count":7,"href":"https:\/\/staging.joyn.eu\/fr-be\/wp-json\/wp\/v2\/pages\/49230\/revisions"}],"predecessor-version":[{"id":106366,"href":"https:\/\/staging.joyn.eu\/fr-be\/wp-json\/wp\/v2\/pages\/49230\/revisions\/106366"}],"up":[{"embeddable":true,"href":"https:\/\/staging.joyn.eu\/fr-be\/wp-json\/wp\/v2\/pages\/32095"}],"wp:attachment":[{"href":"https:\/\/staging.joyn.eu\/fr-be\/wp-json\/wp\/v2\/media?parent=49230"}],"curies":[{"name":"wp","href":"https:\/\/api.w.org\/{rel}","templated":true}]}}