{"id":43945,"date":"2021-09-16T11:17:51","date_gmt":"2021-09-16T11:17:51","guid":{"rendered":"https:\/\/staging.joyn.eu\/?page_id=43945"},"modified":"2025-04-28T13:55:59","modified_gmt":"2025-04-28T13:55:59","slug":"epargner-des-point-avec-kbc-cbc-mobile","status":"publish","type":"page","link":"https:\/\/staging.joyn.eu\/fr-be\/epargner-des-point-avec-kbc-cbc-mobile\/","title":{"rendered":"\u00c9pargner des point avec KBC\/CBC Mobile"},"content":{"rendered":"\t\t<div data-elementor-type=\"wp-page\" data-elementor-id=\"43945\" class=\"elementor elementor-43945\" data-elementor-post-type=\"page\">\n\t\t\t\t<div class=\"elementor-element elementor-element-2fd5acb e-flex e-con-boxed e-con e-parent\" data-id=\"2fd5acb\" data-element_type=\"container\" data-e-type=\"container\">\n\t\t\t\t\t<div class=\"e-con-inner\">\n\t\t\t\t<div class=\"elementor-element elementor-element-1085a98 elementor-widget elementor-widget-qi_addons_for_elementor_blog_list\" data-id=\"1085a98\" data-element_type=\"widget\" data-e-type=\"widget\" data-widget_type=\"qi_addons_for_elementor_blog_list.default\">\n\t\t\t\t<div class=\"elementor-widget-container\">\n\t\t\t\t\t<div class=\"qodef-shortcode qodef-m qodef-addons-blog-list qodef-info-no-icons qodef-image--hover-zoom qodef-qi-grid qodef-layout--qi-columns qodef-col-num--3 qodef-item-layout--boxed qodef-responsive--predefined\" >\n\t<div class=\"qodef-grid-inner\">\n\t\t<article class=\"qodef-e qodef-blog-item qodef-grid-item qodef-item--square post-43266 post type-post status-publish format-standard hentry category-centre-daide category-kbc-cbc-fr-be category-recompenses\">\n\t<div class=\"qodef-e-inner\">\n\t\t<div class=\"qodef-e-media-holder\">\n\t\t\t<div class=\"qodef-e-media\">\n\t<\/div>\n<div itemprop=\"dateCreated\" class=\"qodef-e-info-item qodef-e-info-date entry-date \">\n\t<a itemprop=\"url\" href=\"https:\/\/staging.joyn.eu\/fr-be\/2021\/09\/\">\n\t\t1 Sep\t<\/a>\n<\/div>\n\t\t<\/div>\n\t\t<div class=\"qodef-e-content\">\n\t\t\t\t\t\t\t<div class=\"qodef-e-info qodef-info--top\">\n\t\t\t\t\t<div class=\"qodef-e-info-item qodef-e-info-author\">\n\t<a itemprop=\"author\" class=\"qodef-e-info-author-link\" href=\"https:\/\/staging.joyn.eu\/fr-be\/author\/joyn-admin\/\">\n\t\t\t\tAdmin\t<\/a>\n<\/div>\n\t\t\t\t<\/div>\n\t\t\t\t\t\t<div class=\"qodef-e-text\">\n\t\t\t\t<h5 itemprop=\"name\" class=\"qodef-e-title entry-title\">\n\t<a itemprop=\"url\" class=\"qodef-e-title-link\" href=\"https:\/\/staging.joyn.eu\/fr-be\/comment-prendre-une-recompenses-avec-kbc-cbc-mobile\/\">\n\t\tComment prendre une r\u00e9compenses avec KBC\/CBC Mobile ?\t<\/a>\n<\/h5>\n\t\t<p itemprop=\"description\" class=\"qodef-e-excerpt\">\n\t\t\tWanneer je bij de handelaar aan de kassa staat doe je het volgende:\u00a0 1. Open KBC\/CBC Mobile.\u00a0 2. Druk rechts onderaan op \u2018Extra diensten\u2019.\u00a0 3. Selecteer Joyn. 4. Druk op de\t\t<\/p>\n\t\t\t\t<\/div>\n\t\t\t\t\t<\/div>\n\t<\/div>\n<\/article>\n<article class=\"qodef-e qodef-blog-item qodef-grid-item qodef-item--square post-42341 post type-post status-publish format-standard hentry category-centre-daide category-kbc-cbc-fr-be\">\n\t<div class=\"qodef-e-inner\">\n\t\t<div class=\"qodef-e-media-holder\">\n\t\t\t<div class=\"qodef-e-media\">\n\t<\/div>\n<div itemprop=\"dateCreated\" class=\"qodef-e-info-item qodef-e-info-date entry-date \">\n\t<a itemprop=\"url\" href=\"https:\/\/staging.joyn.eu\/fr-be\/2021\/09\/\">\n\t\t2 Sep\t<\/a>\n<\/div>\n\t\t<\/div>\n\t\t<div class=\"qodef-e-content\">\n\t\t\t\t\t\t\t<div class=\"qodef-e-info qodef-info--top\">\n\t\t\t\t\t<div class=\"qodef-e-info-item qodef-e-info-author\">\n\t<a itemprop=\"author\" class=\"qodef-e-info-author-link\" href=\"https:\/\/staging.joyn.eu\/fr-be\/author\/joyn-admin\/\">\n\t\t\t\tAdmin\t<\/a>\n<\/div>\n\t\t\t\t<\/div>\n\t\t\t\t\t\t<div class=\"qodef-e-text\">\n\t\t\t\t<h5 itemprop=\"name\" class=\"qodef-e-title entry-title\">\n\t<a itemprop=\"url\" class=\"qodef-e-title-link\" href=\"https:\/\/staging.joyn.eu\/fr-be\/quest-ce-que-kbc-cbc-mobile\/\">\n\t\tQu\u2019est-ce que KBC\/CBC Mobile ?\t<\/a>\n<\/h5>\n\t\t<p itemprop=\"description\" class=\"qodef-e-excerpt\">\n\t\t\tKBC Mobile et CBC Mobile sont les apps bancaires respectives de KBC Bank &amp; Verzekeringen et CBC Banque &amp; Assurance.Ces apps vous permettent de g\u00e9rer facilement vos op\u00e9rat\t\t<\/p>\n\t\t\t\t<\/div>\n\t\t\t\t\t<\/div>\n\t<\/div>\n<\/article>\n<article class=\"qodef-e qodef-blog-item qodef-grid-item qodef-item--square post-42347 post type-post status-publish format-standard hentry category-centre-daide category-kbc-cbc-fr-be\">\n\t<div class=\"qodef-e-inner\">\n\t\t<div class=\"qodef-e-media-holder\">\n\t\t\t<div class=\"qodef-e-media\">\n\t<\/div>\n<div itemprop=\"dateCreated\" class=\"qodef-e-info-item qodef-e-info-date entry-date \">\n\t<a itemprop=\"url\" href=\"https:\/\/staging.joyn.eu\/fr-be\/2021\/09\/\">\n\t\t2 Sep\t<\/a>\n<\/div>\n\t\t<\/div>\n\t\t<div class=\"qodef-e-content\">\n\t\t\t\t\t\t\t<div class=\"qodef-e-info qodef-info--top\">\n\t\t\t\t\t<div class=\"qodef-e-info-item qodef-e-info-author\">\n\t<a itemprop=\"author\" class=\"qodef-e-info-author-link\" href=\"https:\/\/staging.joyn.eu\/fr-be\/author\/joyn-admin\/\">\n\t\t\t\tAdmin\t<\/a>\n<\/div>\n\t\t\t\t<\/div>\n\t\t\t\t\t\t<div class=\"qodef-e-text\">\n\t\t\t\t<h5 itemprop=\"name\" class=\"qodef-e-title entry-title\">\n\t<a itemprop=\"url\" class=\"qodef-e-title-link\" href=\"https:\/\/staging.joyn.eu\/fr-be\/comment-lier-mon-compte-joyn-existant-sur-kbc-cbc-mobile\/\">\n\t\tComment lier mon compte Joyn existant sur KBC\/CBC Mobile ?\t<\/a>\n<\/h5>\n\t\t<p itemprop=\"description\" class=\"qodef-e-excerpt\">\n\t\t\tSuivez les \u00e9tapes suivantes pour lier votre compte Joyn existant \u00e0 KBC\/CBC Mobile : Ouvrez KBC\/CBC Mobile. Cliquez en bas \u00e0 droite sur \u00ab Services suppl\u00e9mentaires \u00bb. S\u00e9lectio\t\t<\/p>\n\t\t\t\t<\/div>\n\t\t\t\t\t<\/div>\n\t<\/div>\n<\/article>\n<article class=\"qodef-e qodef-blog-item qodef-grid-item qodef-item--square post-42355 post type-post status-publish format-standard hentry category-centre-daide category-kbc-cbc-fr-be\">\n\t<div class=\"qodef-e-inner\">\n\t\t<div class=\"qodef-e-media-holder\">\n\t\t\t<div class=\"qodef-e-media\">\n\t<\/div>\n<div itemprop=\"dateCreated\" class=\"qodef-e-info-item qodef-e-info-date entry-date \">\n\t<a itemprop=\"url\" href=\"https:\/\/staging.joyn.eu\/fr-be\/2021\/09\/\">\n\t\t2 Sep\t<\/a>\n<\/div>\n\t\t<\/div>\n\t\t<div class=\"qodef-e-content\">\n\t\t\t\t\t\t\t<div class=\"qodef-e-info qodef-info--top\">\n\t\t\t\t\t<div class=\"qodef-e-info-item qodef-e-info-author\">\n\t<a itemprop=\"author\" class=\"qodef-e-info-author-link\" href=\"https:\/\/staging.joyn.eu\/fr-be\/author\/joyn-admin\/\">\n\t\t\t\tAdmin\t<\/a>\n<\/div>\n\t\t\t\t<\/div>\n\t\t\t\t\t\t<div class=\"qodef-e-text\">\n\t\t\t\t<h5 itemprop=\"name\" class=\"qodef-e-title entry-title\">\n\t<a itemprop=\"url\" class=\"qodef-e-title-link\" href=\"https:\/\/staging.joyn.eu\/fr-be\/puis-je-lier-une-carte-physique-au-compte-joyn-que-jai-cree-via-kbc-cbc\/\">\n\t\tPuis-je lier une carte physique au compte Joyn que j\u2019ai cr\u00e9\u00e9 via KBC\/CBC ?\t<\/a>\n<\/h5>\n\t\t<p itemprop=\"description\" class=\"qodef-e-excerpt\">\n\t\t\tNeen, dat kan niet. Vous pouvez le faire si vous cr\u00e9ez un compte dans l\u2019app Joyn et que vous liez la carte. Vous pouvez ensuite utiliser ce compte pour vous connecter \u00e0 KBC\/CBC\t\t<\/p>\n\t\t\t\t<\/div>\n\t\t\t\t\t<\/div>\n\t<\/div>\n<\/article>\n<article class=\"qodef-e qodef-blog-item qodef-grid-item qodef-item--square post-42359 post type-post status-publish format-standard hentry category-centre-daide category-kbc-cbc-fr-be\">\n\t<div class=\"qodef-e-inner\">\n\t\t<div class=\"qodef-e-media-holder\">\n\t\t\t<div class=\"qodef-e-media\">\n\t<\/div>\n<div itemprop=\"dateCreated\" class=\"qodef-e-info-item qodef-e-info-date entry-date \">\n\t<a itemprop=\"url\" href=\"https:\/\/staging.joyn.eu\/fr-be\/2021\/09\/\">\n\t\t2 Sep\t<\/a>\n<\/div>\n\t\t<\/div>\n\t\t<div class=\"qodef-e-content\">\n\t\t\t\t\t\t\t<div class=\"qodef-e-info qodef-info--top\">\n\t\t\t\t\t<div class=\"qodef-e-info-item qodef-e-info-author\">\n\t<a itemprop=\"author\" class=\"qodef-e-info-author-link\" href=\"https:\/\/staging.joyn.eu\/fr-be\/author\/joyn-admin\/\">\n\t\t\t\tAdmin\t<\/a>\n<\/div>\n\t\t\t\t<\/div>\n\t\t\t\t\t\t<div class=\"qodef-e-text\">\n\t\t\t\t<h5 itemprop=\"name\" class=\"qodef-e-title entry-title\">\n\t<a itemprop=\"url\" class=\"qodef-e-title-link\" href=\"https:\/\/staging.joyn.eu\/fr-be\/comment-creer-un-nouveau-compte-utilisateur-avec-kbc-cbc-mobile\/\">\n\t\tComment cr\u00e9er un nouveau compte utilisateur avec KBC\/CBC Mobile ?\t<\/a>\n<\/h5>\n\t\t<p itemprop=\"description\" class=\"qodef-e-excerpt\">\n\t\t\tOuvrez KBC\/CBC Mobile. Cliquez en bas \u00e0 droite sur \u00ab Services suppl\u00e9mentaires \u00bb. S\u00e9lectionnez Joyn. Choisissez \u00ab Cr\u00e9er un nouveau compte \u00bb. Choisissez \u00ab Comment \u00e7a marche\t\t<\/p>\n\t\t\t\t<\/div>\n\t\t\t\t\t<\/div>\n\t<\/div>\n<\/article>\n<article class=\"qodef-e qodef-blog-item qodef-grid-item qodef-item--square post-42367 post type-post status-publish format-standard hentry category-centre-daide category-kbc-cbc-fr-be\">\n\t<div class=\"qodef-e-inner\">\n\t\t<div class=\"qodef-e-media-holder\">\n\t\t\t<div class=\"qodef-e-media\">\n\t<\/div>\n<div itemprop=\"dateCreated\" class=\"qodef-e-info-item qodef-e-info-date entry-date \">\n\t<a itemprop=\"url\" href=\"https:\/\/staging.joyn.eu\/fr-be\/2021\/09\/\">\n\t\t2 Sep\t<\/a>\n<\/div>\n\t\t<\/div>\n\t\t<div class=\"qodef-e-content\">\n\t\t\t\t\t\t\t<div class=\"qodef-e-info qodef-info--top\">\n\t\t\t\t\t<div class=\"qodef-e-info-item qodef-e-info-author\">\n\t<a itemprop=\"author\" class=\"qodef-e-info-author-link\" href=\"https:\/\/staging.joyn.eu\/fr-be\/author\/joyn-admin\/\">\n\t\t\t\tAdmin\t<\/a>\n<\/div>\n\t\t\t\t<\/div>\n\t\t\t\t\t\t<div class=\"qodef-e-text\">\n\t\t\t\t<h5 itemprop=\"name\" class=\"qodef-e-title entry-title\">\n\t<a itemprop=\"url\" class=\"qodef-e-title-link\" href=\"https:\/\/staging.joyn.eu\/fr-be\/puis-je-me-connecter-dans-lapp-joyn-avec-le-compte-que-jai-cree-dans-kbc-cbc-mobile\/\">\n\t\tPuis-je me connecter dans l\u2019app Joyn avec le compte que j\u2019ai cr\u00e9\u00e9 dans KBC\/CBC Mobile ?\t<\/a>\n<\/h5>\n\t\t<p itemprop=\"description\" class=\"qodef-e-excerpt\">\n\t\t\tCe n\u2019est pas encore possible actuellement. Si vous souhaitez utiliser l\u2019app Joyn, nous vous conseillons de cr\u00e9er votre compte dans l\u2019app Joyn et pas via KBC\/CBC Mobile.\t\t<\/p>\n\t\t\t\t<\/div>\n\t\t\t\t\t<\/div>\n\t<\/div>\n<\/article>\n<article class=\"qodef-e qodef-blog-item qodef-grid-item qodef-item--square post-42371 post type-post status-publish format-standard hentry category-centre-daide category-kbc-cbc-fr-be\">\n\t<div class=\"qodef-e-inner\">\n\t\t<div class=\"qodef-e-media-holder\">\n\t\t\t<div class=\"qodef-e-media\">\n\t<\/div>\n<div itemprop=\"dateCreated\" class=\"qodef-e-info-item qodef-e-info-date entry-date \">\n\t<a itemprop=\"url\" href=\"https:\/\/staging.joyn.eu\/fr-be\/2021\/09\/\">\n\t\t2 Sep\t<\/a>\n<\/div>\n\t\t<\/div>\n\t\t<div class=\"qodef-e-content\">\n\t\t\t\t\t\t\t<div class=\"qodef-e-info qodef-info--top\">\n\t\t\t\t\t<div class=\"qodef-e-info-item qodef-e-info-author\">\n\t<a itemprop=\"author\" class=\"qodef-e-info-author-link\" href=\"https:\/\/staging.joyn.eu\/fr-be\/author\/joyn-admin\/\">\n\t\t\t\tAdmin\t<\/a>\n<\/div>\n\t\t\t\t<\/div>\n\t\t\t\t\t\t<div class=\"qodef-e-text\">\n\t\t\t\t<h5 itemprop=\"name\" class=\"qodef-e-title entry-title\">\n\t<a itemprop=\"url\" class=\"qodef-e-title-link\" href=\"https:\/\/staging.joyn.eu\/fr-be\/jai-cree-un-compte-dans-kbc-cbc-mobile-mais-jai-deja-un-compte-joyn-puis-je-les-fusionner\/\">\n\t\tJ\u2019ai cr\u00e9\u00e9 un compte dans KBC\/CBC Mobile mais j&rsquo;ai d\u00e9j\u00e0 un compte Joyn. Puis-je les fusionner ?\t<\/a>\n<\/h5>\n\t\t<p itemprop=\"description\" class=\"qodef-e-excerpt\">\n\t\t\tCe n\u2019est pas encore possible actuellement. Pour toutes les fonctionnalit\u00e9s, mieux vaut utiliser le compte que vous avez cr\u00e9\u00e9 via Joyn. Avec ce compte, vous pouvez \u00e9galement v\t\t<\/p>\n\t\t\t\t<\/div>\n\t\t\t\t\t<\/div>\n\t<\/div>\n<\/article>\n<article class=\"qodef-e qodef-blog-item qodef-grid-item qodef-item--square post-42375 post type-post status-publish format-standard hentry category-centre-daide category-kbc-cbc-fr-be\">\n\t<div class=\"qodef-e-inner\">\n\t\t<div class=\"qodef-e-media-holder\">\n\t\t\t<div class=\"qodef-e-media\">\n\t<\/div>\n<div itemprop=\"dateCreated\" class=\"qodef-e-info-item qodef-e-info-date entry-date \">\n\t<a itemprop=\"url\" href=\"https:\/\/staging.joyn.eu\/fr-be\/2021\/09\/\">\n\t\t2 Sep\t<\/a>\n<\/div>\n\t\t<\/div>\n\t\t<div class=\"qodef-e-content\">\n\t\t\t\t\t\t\t<div class=\"qodef-e-info qodef-info--top\">\n\t\t\t\t\t<div class=\"qodef-e-info-item qodef-e-info-author\">\n\t<a itemprop=\"author\" class=\"qodef-e-info-author-link\" href=\"https:\/\/staging.joyn.eu\/fr-be\/author\/joyn-admin\/\">\n\t\t\t\tAdmin\t<\/a>\n<\/div>\n\t\t\t\t<\/div>\n\t\t\t\t\t\t<div class=\"qodef-e-text\">\n\t\t\t\t<h5 itemprop=\"name\" class=\"qodef-e-title entry-title\">\n\t<a itemprop=\"url\" class=\"qodef-e-title-link\" href=\"https:\/\/staging.joyn.eu\/fr-be\/ou-puis-je-trouver-un-apercu-de-tous-les-commercants-joyn-dans-kbc-cbc-mobile\/\">\n\t\tO\u00f9 puis-je trouver un aper\u00e7u de tous les commer\u00e7ants Joyn dans KBC\/CBC Mobile ?\t<\/a>\n<\/h5>\n\t\t<p itemprop=\"description\" class=\"qodef-e-excerpt\">\n\t\t\t\u00ab\u00a0Voici comment chercher les commer\u00e7ants via KBC\/CBC Mobile : Ouvrez KBC\/CBC Mobile. Cliquez en bas \u00e0 droite sur \u00ab Services suppl\u00e9mentaires \u00bb. S\u00e9lectionnez Joyn. Sur l\u2019\u00e9\t\t<\/p>\n\t\t\t\t<\/div>\n\t\t\t\t\t<\/div>\n\t<\/div>\n<\/article>\n<article class=\"qodef-e qodef-blog-item qodef-grid-item qodef-item--square post-42383 post type-post status-publish format-standard hentry category-centre-daide category-kbc-cbc-fr-be\">\n\t<div class=\"qodef-e-inner\">\n\t\t<div class=\"qodef-e-media-holder\">\n\t\t\t<div class=\"qodef-e-media\">\n\t<\/div>\n<div itemprop=\"dateCreated\" class=\"qodef-e-info-item qodef-e-info-date entry-date \">\n\t<a itemprop=\"url\" href=\"https:\/\/staging.joyn.eu\/fr-be\/2021\/09\/\">\n\t\t2 Sep\t<\/a>\n<\/div>\n\t\t<\/div>\n\t\t<div class=\"qodef-e-content\">\n\t\t\t\t\t\t\t<div class=\"qodef-e-info qodef-info--top\">\n\t\t\t\t\t<div class=\"qodef-e-info-item qodef-e-info-author\">\n\t<a itemprop=\"author\" class=\"qodef-e-info-author-link\" href=\"https:\/\/staging.joyn.eu\/fr-be\/author\/joyn-admin\/\">\n\t\t\t\tAdmin\t<\/a>\n<\/div>\n\t\t\t\t<\/div>\n\t\t\t\t\t\t<div class=\"qodef-e-text\">\n\t\t\t\t<h5 itemprop=\"name\" class=\"qodef-e-title entry-title\">\n\t<a itemprop=\"url\" class=\"qodef-e-title-link\" href=\"https:\/\/staging.joyn.eu\/fr-be\/comment-puis-je-epargner-des-points-avec-kbc-cbc-mobile\/\">\n\t\tComment puis-je \u00e9pargner des points avec KBC\/CBC Mobile ?\t<\/a>\n<\/h5>\n\t\t<p itemprop=\"description\" class=\"qodef-e-excerpt\">\n\t\t\tWanneer je bij de handelaar aan de kassa staat doe je het volgende: Ouvrez KBC\/CBC Mobile. Cliquez en bas \u00e0 droite sur \u00ab Services suppl\u00e9mentaires \u00bb. S\u00e9lectionnez Joyn. Cliquez\t\t<\/p>\n\t\t\t\t<\/div>\n\t\t\t\t\t<\/div>\n\t<\/div>\n<\/article>\n\t<\/div>\n\t\t<div class=\"qodef-addons-m-pagination qodef--standard\">\n\t\t<nav class=\"navigation pagination\" role=\"navigation\" aria-label=\"Posts\">\n\t\t\t<h2 class=\"screen-reader-text\">Posts navigation<\/h2>\n\t\t\t<div class=\"nav-links\">\n\t\t\t\t<span aria-current=\"page\" class=\"page-numbers current\">1<\/span>\n<a class=\"page-numbers\" href=\"https:\/\/staging.joyn.eu\/fr-be\/wp-json\/wp\/v2\/pages\/43945\/page\/2\/\">2<\/a>\n<a class=\"next page-numbers\" href=\"https:\/\/staging.joyn.eu\/fr-be\/wp-json\/wp\/v2\/pages\/43945\/page\/2\/\"><svg class=\"qodef-m-pagination-icon\" xmlns=\"http:\/\/www.w3.org\/2000\/svg\" x=\"0px\" y=\"0px\" viewBox=\"0 0 34.2 32.3\" xml:space=\"preserve\" style=\"stroke-width: 2;\"><line x1=\"0\" y1=\"16\" x2=\"33\" y2=\"16\"\/><line x1=\"17.3\" y1=\"0.7\" x2=\"33.2\" y2=\"16.5\"\/><line x1=\"17.3\" y1=\"31.6\" x2=\"33.5\" y2=\"15.4\"\/><\/svg><\/a>\t\t\t<\/div>\n\t\t<\/nav>\n\t<\/div>\n<\/div>\n\t\t\t\t<\/div>\n\t\t\t\t<\/div>\n\t\t\t\t\t<\/div>\n\t\t\t\t<\/div>\n\t\t\t\t<\/div>\n\t\t","protected":false},"excerpt":{"rendered":"<p>1 Sep Admin Comment prendre une r\u00e9compenses avec KBC\/CBC Mobile ? Wanneer je bij de handelaar aan de kassa staat doe je het volgende:\u00a0 1. Open KBC\/CBC Mobile.\u00a0 2. Druk rechts onderaan op \u2018Extra diensten\u2019.\u00a0 3. Selecteer Joyn. 4. Druk op de 2 Sep Admin Qu\u2019est-ce que KBC\/CBC Mobile ? KBC Mobile et CBC Mobile [&hellip;]<\/p>\n","protected":false},"author":1,"featured_media":0,"parent":0,"menu_order":0,"comment_status":"closed","ping_status":"closed","template":"","meta":{"_acf_changed":false,"inline_featured_image":false,"footnotes":""},"class_list":["post-43945","page","type-page","status-publish","hentry"],"acf":[],"yoast_head":"<!-- This site is optimized with the Yoast SEO plugin v27.4 - https:\/\/yoast.com\/product\/yoast-seo-wordpress\/ -->\n<title>\u00c9pargner des point avec KBC\/CBC Mobile - Joyn<\/title>\n<meta name=\"robots\" content=\"noindex, follow, max-snippet:-1, max-image-preview:large, max-video-preview:-1\" \/>\n<meta property=\"og:locale\" content=\"fr_FR\" \/>\n<meta property=\"og:type\" content=\"article\" \/>\n<meta property=\"og:title\" content=\"\u00c9pargner des point avec KBC\/CBC Mobile - Joyn\" \/>\n<meta property=\"og:description\" content=\"1 Sep Admin Comment prendre une r\u00e9compenses avec KBC\/CBC Mobile ? Wanneer je bij de handelaar aan de kassa staat doe je het volgende:\u00a0 1. Open KBC\/CBC Mobile.\u00a0 2. Druk rechts onderaan op \u2018Extra diensten\u2019.\u00a0 3. Selecteer Joyn. 4. Druk op de 2 Sep Admin Qu\u2019est-ce que KBC\/CBC Mobile ? KBC Mobile et CBC Mobile [&hellip;]\" \/>\n<meta property=\"og:url\" content=\"https:\/\/staging.joyn.eu\/fr-be\/epargner-des-point-avec-kbc-cbc-mobile\/\" \/>\n<meta property=\"og:site_name\" content=\"Joyn\" \/>\n<meta property=\"article:modified_time\" content=\"2025-04-28T13:55:59+00:00\" \/>\n<meta name=\"twitter:card\" content=\"summary_large_image\" \/>\n<meta name=\"twitter:label1\" content=\"Dur\u00e9e de lecture est.\" \/>\n\t<meta name=\"twitter:data1\" content=\"1 minute\" \/>\n<script type=\"application\/ld+json\" class=\"yoast-schema-graph\">{\"@context\":\"https:\\\/\\\/schema.org\",\"@graph\":[{\"@type\":\"WebPage\",\"@id\":\"https:\\\/\\\/staging.joyn.eu\\\/fr-be\\\/epargner-des-point-avec-kbc-cbc-mobile\\\/\",\"url\":\"https:\\\/\\\/staging.joyn.eu\\\/fr-be\\\/epargner-des-point-avec-kbc-cbc-mobile\\\/\",\"name\":\"\u00c9pargner des point avec KBC\\\/CBC Mobile - Joyn\",\"isPartOf\":{\"@id\":\"https:\\\/\\\/staging.joyn.eu\\\/fr-be\\\/#website\"},\"datePublished\":\"2021-09-16T11:17:51+00:00\",\"dateModified\":\"2025-04-28T13:55:59+00:00\",\"breadcrumb\":{\"@id\":\"https:\\\/\\\/staging.joyn.eu\\\/fr-be\\\/epargner-des-point-avec-kbc-cbc-mobile\\\/#breadcrumb\"},\"inLanguage\":\"fr-BE\",\"potentialAction\":[{\"@type\":\"ReadAction\",\"target\":[\"https:\\\/\\\/staging.joyn.eu\\\/fr-be\\\/epargner-des-point-avec-kbc-cbc-mobile\\\/\"]}]},{\"@type\":\"BreadcrumbList\",\"@id\":\"https:\\\/\\\/staging.joyn.eu\\\/fr-be\\\/epargner-des-point-avec-kbc-cbc-mobile\\\/#breadcrumb\",\"itemListElement\":[{\"@type\":\"ListItem\",\"position\":1,\"name\":\"Home\",\"item\":\"https:\\\/\\\/staging.joyn.eu\\\/fr-be\\\/home-merchant-new-fr\\\/\"},{\"@type\":\"ListItem\",\"position\":2,\"name\":\"\u00c9pargner des point avec KBC\\\/CBC Mobile\"}]},{\"@type\":\"WebSite\",\"@id\":\"https:\\\/\\\/staging.joyn.eu\\\/fr-be\\\/#website\",\"url\":\"https:\\\/\\\/staging.joyn.eu\\\/fr-be\\\/\",\"name\":\"Joyn\",\"description\":\"Quand vos clients deviennent des fans\",\"publisher\":{\"@id\":\"https:\\\/\\\/staging.joyn.eu\\\/fr-be\\\/#organization\"},\"potentialAction\":[{\"@type\":\"SearchAction\",\"target\":{\"@type\":\"EntryPoint\",\"urlTemplate\":\"https:\\\/\\\/staging.joyn.eu\\\/fr-be\\\/?s={search_term_string}\"},\"query-input\":{\"@type\":\"PropertyValueSpecification\",\"valueRequired\":true,\"valueName\":\"search_term_string\"}}],\"inLanguage\":\"fr-BE\"},{\"@type\":\"Organization\",\"@id\":\"https:\\\/\\\/staging.joyn.eu\\\/fr-be\\\/#organization\",\"name\":\"Joyn\",\"url\":\"https:\\\/\\\/staging.joyn.eu\\\/fr-be\\\/\",\"logo\":{\"@type\":\"ImageObject\",\"inLanguage\":\"fr-BE\",\"@id\":\"https:\\\/\\\/staging.joyn.eu\\\/fr-be\\\/#\\\/schema\\\/logo\\\/image\\\/\",\"url\":\"https:\\\/\\\/staging.joyn.eu\\\/wp-content\\\/uploads\\\/2021\\\/02\\\/Blue-green-h40.png\",\"contentUrl\":\"https:\\\/\\\/staging.joyn.eu\\\/wp-content\\\/uploads\\\/2021\\\/02\\\/Blue-green-h40.png\",\"width\":83,\"height\":40,\"caption\":\"Joyn\"},\"image\":{\"@id\":\"https:\\\/\\\/staging.joyn.eu\\\/fr-be\\\/#\\\/schema\\\/logo\\\/image\\\/\"}}]}<\/script>\n<!-- \/ Yoast SEO plugin. -->","yoast_head_json":{"title":"\u00c9pargner des point avec KBC\/CBC Mobile - Joyn","robots":{"index":"noindex","follow":"follow","max-snippet":"max-snippet:-1","max-image-preview":"max-image-preview:large","max-video-preview":"max-video-preview:-1"},"og_locale":"fr_FR","og_type":"article","og_title":"\u00c9pargner des point avec KBC\/CBC Mobile - Joyn","og_description":"1 Sep Admin Comment prendre une r\u00e9compenses avec KBC\/CBC Mobile ? Wanneer je bij de handelaar aan de kassa staat doe je het volgende:\u00a0 1. Open KBC\/CBC Mobile.\u00a0 2. Druk rechts onderaan op \u2018Extra diensten\u2019.\u00a0 3. Selecteer Joyn. 4. Druk op de 2 Sep Admin Qu\u2019est-ce que KBC\/CBC Mobile ? KBC Mobile et CBC Mobile [&hellip;]","og_url":"https:\/\/staging.joyn.eu\/fr-be\/epargner-des-point-avec-kbc-cbc-mobile\/","og_site_name":"Joyn","article_modified_time":"2025-04-28T13:55:59+00:00","twitter_card":"summary_large_image","twitter_misc":{"Dur\u00e9e de lecture est.":"1 minute"},"schema":{"@context":"https:\/\/schema.org","@graph":[{"@type":"WebPage","@id":"https:\/\/staging.joyn.eu\/fr-be\/epargner-des-point-avec-kbc-cbc-mobile\/","url":"https:\/\/staging.joyn.eu\/fr-be\/epargner-des-point-avec-kbc-cbc-mobile\/","name":"\u00c9pargner des point avec KBC\/CBC Mobile - Joyn","isPartOf":{"@id":"https:\/\/staging.joyn.eu\/fr-be\/#website"},"datePublished":"2021-09-16T11:17:51+00:00","dateModified":"2025-04-28T13:55:59+00:00","breadcrumb":{"@id":"https:\/\/staging.joyn.eu\/fr-be\/epargner-des-point-avec-kbc-cbc-mobile\/#breadcrumb"},"inLanguage":"fr-BE","potentialAction":[{"@type":"ReadAction","target":["https:\/\/staging.joyn.eu\/fr-be\/epargner-des-point-avec-kbc-cbc-mobile\/"]}]},{"@type":"BreadcrumbList","@id":"https:\/\/staging.joyn.eu\/fr-be\/epargner-des-point-avec-kbc-cbc-mobile\/#breadcrumb","itemListElement":[{"@type":"ListItem","position":1,"name":"Home","item":"https:\/\/staging.joyn.eu\/fr-be\/home-merchant-new-fr\/"},{"@type":"ListItem","position":2,"name":"\u00c9pargner des point avec KBC\/CBC Mobile"}]},{"@type":"WebSite","@id":"https:\/\/staging.joyn.eu\/fr-be\/#website","url":"https:\/\/staging.joyn.eu\/fr-be\/","name":"Joyn","description":"Quand vos clients deviennent des fans","publisher":{"@id":"https:\/\/staging.joyn.eu\/fr-be\/#organization"},"potentialAction":[{"@type":"SearchAction","target":{"@type":"EntryPoint","urlTemplate":"https:\/\/staging.joyn.eu\/fr-be\/?s={search_term_string}"},"query-input":{"@type":"PropertyValueSpecification","valueRequired":true,"valueName":"search_term_string"}}],"inLanguage":"fr-BE"},{"@type":"Organization","@id":"https:\/\/staging.joyn.eu\/fr-be\/#organization","name":"Joyn","url":"https:\/\/staging.joyn.eu\/fr-be\/","logo":{"@type":"ImageObject","inLanguage":"fr-BE","@id":"https:\/\/staging.joyn.eu\/fr-be\/#\/schema\/logo\/image\/","url":"https:\/\/staging.joyn.eu\/wp-content\/uploads\/2021\/02\/Blue-green-h40.png","contentUrl":"https:\/\/staging.joyn.eu\/wp-content\/uploads\/2021\/02\/Blue-green-h40.png","width":83,"height":40,"caption":"Joyn"},"image":{"@id":"https:\/\/staging.joyn.eu\/fr-be\/#\/schema\/logo\/image\/"}}]}},"_links":{"self":[{"href":"https:\/\/staging.joyn.eu\/fr-be\/wp-json\/wp\/v2\/pages\/43945","targetHints":{"allow":["GET"]}}],"collection":[{"href":"https:\/\/staging.joyn.eu\/fr-be\/wp-json\/wp\/v2\/pages"}],"about":[{"href":"https:\/\/staging.joyn.eu\/fr-be\/wp-json\/wp\/v2\/types\/page"}],"author":[{"embeddable":true,"href":"https:\/\/staging.joyn.eu\/fr-be\/wp-json\/wp\/v2\/users\/1"}],"replies":[{"embeddable":true,"href":"https:\/\/staging.joyn.eu\/fr-be\/wp-json\/wp\/v2\/comments?post=43945"}],"version-history":[{"count":8,"href":"https:\/\/staging.joyn.eu\/fr-be\/wp-json\/wp\/v2\/pages\/43945\/revisions"}],"predecessor-version":[{"id":106350,"href":"https:\/\/staging.joyn.eu\/fr-be\/wp-json\/wp\/v2\/pages\/43945\/revisions\/106350"}],"wp:attachment":[{"href":"https:\/\/staging.joyn.eu\/fr-be\/wp-json\/wp\/v2\/media?parent=43945"}],"curies":[{"name":"wp","href":"https:\/\/api.w.org\/{rel}","templated":true}]}}