{"id":43883,"date":"2021-09-16T11:04:24","date_gmt":"2021-09-16T11:04:24","guid":{"rendered":"https:\/\/staging.joyn.eu\/?page_id=43883"},"modified":"2025-04-28T13:26:56","modified_gmt":"2025-04-28T13:26:56","slug":"securite-et-intimite","status":"publish","type":"page","link":"https:\/\/staging.joyn.eu\/fr-be\/securite-et-intimite\/","title":{"rendered":"S\u00e9curit\u00e9 et intimit\u00e9"},"content":{"rendered":"\t\t<div data-elementor-type=\"wp-page\" data-elementor-id=\"43883\" class=\"elementor elementor-43883\" data-elementor-post-type=\"page\">\n\t\t\t\t\t\t<section class=\"elementor-section elementor-top-section elementor-element elementor-element-39f0e69 elementor-section-boxed elementor-section-height-default elementor-section-height-default\" data-id=\"39f0e69\" data-element_type=\"section\" data-e-type=\"section\">\n\t\t\t\t\t\t<div class=\"elementor-container elementor-column-gap-default\">\n\t\t\t\t\t<div class=\"elementor-column elementor-col-100 elementor-top-column elementor-element elementor-element-d19a2d3\" data-id=\"d19a2d3\" data-element_type=\"column\" data-e-type=\"column\">\n\t\t\t<div class=\"elementor-widget-wrap elementor-element-populated\">\n\t\t\t\t\t\t<div class=\"elementor-element elementor-element-0f3bbd4 elementor-widget elementor-widget-qi_addons_for_elementor_blog_list\" data-id=\"0f3bbd4\" data-element_type=\"widget\" data-e-type=\"widget\" data-widget_type=\"qi_addons_for_elementor_blog_list.default\">\n\t\t\t\t<div class=\"elementor-widget-container\">\n\t\t\t\t\t<div class=\"qodef-shortcode qodef-m qodef-addons-blog-list qodef-info-no-icons qodef-image--hover-zoom qodef-qi-grid qodef-layout--qi-columns qodef-col-num--3 qodef-item-layout--boxed qodef-responsive--predefined\" >\n\t<div class=\"qodef-grid-inner\">\n\t\t<article class=\"qodef-e qodef-blog-item qodef-grid-item qodef-item--square post-41910 post type-post status-publish format-standard hentry category-centre-daide category-helpcenter-fr-be category-securite-et-intimite category-veiligheid-en-privacy-fr-be\">\n\t<div class=\"qodef-e-inner\">\n\t\t<div class=\"qodef-e-media-holder\">\n\t\t\t<div class=\"qodef-e-media\">\n\t<\/div>\n<div itemprop=\"dateCreated\" class=\"qodef-e-info-item qodef-e-info-date entry-date \">\n\t<a itemprop=\"url\" href=\"https:\/\/staging.joyn.eu\/fr-be\/2021\/09\/\">\n\t\t2 Sep\t<\/a>\n<\/div>\n\t\t<\/div>\n\t\t<div class=\"qodef-e-content\">\n\t\t\t\t\t\t\t<div class=\"qodef-e-info qodef-info--top\">\n\t\t\t\t\t<div class=\"qodef-e-info-item qodef-e-info-author\">\n\t<a itemprop=\"author\" class=\"qodef-e-info-author-link\" href=\"https:\/\/staging.joyn.eu\/fr-be\/author\/joyn-admin\/\">\n\t\t\t\tAdmin\t<\/a>\n<\/div>\n\t\t\t\t<\/div>\n\t\t\t\t\t\t<div class=\"qodef-e-text\">\n\t\t\t\t<h5 itemprop=\"name\" class=\"qodef-e-title entry-title\">\n\t<a itemprop=\"url\" class=\"qodef-e-title-link\" href=\"https:\/\/staging.joyn.eu\/fr-be\/joyn-est-il-sur\/\">\n\t\tJoyn est-il s\u00fbr ?\t<\/a>\n<\/h5>\n\t\t<p itemprop=\"description\" class=\"qodef-e-excerpt\">\n\t\t\tJoyn a deux grandes priorit\u00e9s : nouveaut\u00e9 et s\u00e9curit\u00e9. Chaque jour, l\u2019\u00e9quipe Joyn se concentre sur votre s\u00e9curit\u00e9 en ligne. C\u2019est vous qui choisissez les informations qu\t\t<\/p>\n\t\t\t\t<\/div>\n\t\t\t\t\t<\/div>\n\t<\/div>\n<\/article>\n<article class=\"qodef-e qodef-blog-item qodef-grid-item qodef-item--square post-41924 post type-post status-publish format-standard hentry category-centre-daide category-securite-et-intimite\">\n\t<div class=\"qodef-e-inner\">\n\t\t<div class=\"qodef-e-media-holder\">\n\t\t\t<div class=\"qodef-e-media\">\n\t<\/div>\n<div itemprop=\"dateCreated\" class=\"qodef-e-info-item qodef-e-info-date entry-date \">\n\t<a itemprop=\"url\" href=\"https:\/\/staging.joyn.eu\/fr-be\/2021\/09\/\">\n\t\t2 Sep\t<\/a>\n<\/div>\n\t\t<\/div>\n\t\t<div class=\"qodef-e-content\">\n\t\t\t\t\t\t\t<div class=\"qodef-e-info qodef-info--top\">\n\t\t\t\t\t<div class=\"qodef-e-info-item qodef-e-info-author\">\n\t<a itemprop=\"author\" class=\"qodef-e-info-author-link\" href=\"https:\/\/staging.joyn.eu\/fr-be\/author\/joyn-admin\/\">\n\t\t\t\tAdmin\t<\/a>\n<\/div>\n\t\t\t\t<\/div>\n\t\t\t\t\t\t<div class=\"qodef-e-text\">\n\t\t\t\t<h5 itemprop=\"name\" class=\"qodef-e-title entry-title\">\n\t<a itemprop=\"url\" class=\"qodef-e-title-link\" href=\"https:\/\/staging.joyn.eu\/fr-be\/quelles-sont-les-donnees-a-caractere-personnel-qui-se-trouvent-dans-lapp-joyn\/\">\n\t\tQuelles sont les donn\u00e9es \u00e0 caract\u00e8re personnel qui se trouvent dans l\u2019app Joyn ?\t<\/a>\n<\/h5>\n\t\t<p itemprop=\"description\" class=\"qodef-e-excerpt\">\n\t\t\tC\u2019est vous qui choisissez les donn\u00e9es personnelles que vous voulez partager avec Joyn et votre commer\u00e7ant. personnalis\u00e9s. Pour compl\u00e9ter votre inscription, vous devez obligat\t\t<\/p>\n\t\t\t\t<\/div>\n\t\t\t\t\t<\/div>\n\t<\/div>\n<\/article>\n<article class=\"qodef-e qodef-blog-item qodef-grid-item qodef-item--square post-41934 post type-post status-publish format-standard hentry category-centre-daide category-securite-et-intimite\">\n\t<div class=\"qodef-e-inner\">\n\t\t<div class=\"qodef-e-media-holder\">\n\t\t\t<div class=\"qodef-e-media\">\n\t<\/div>\n<div itemprop=\"dateCreated\" class=\"qodef-e-info-item qodef-e-info-date entry-date \">\n\t<a itemprop=\"url\" href=\"https:\/\/staging.joyn.eu\/fr-be\/2021\/09\/\">\n\t\t2 Sep\t<\/a>\n<\/div>\n\t\t<\/div>\n\t\t<div class=\"qodef-e-content\">\n\t\t\t\t\t\t\t<div class=\"qodef-e-info qodef-info--top\">\n\t\t\t\t\t<div class=\"qodef-e-info-item qodef-e-info-author\">\n\t<a itemprop=\"author\" class=\"qodef-e-info-author-link\" href=\"https:\/\/staging.joyn.eu\/fr-be\/author\/joyn-admin\/\">\n\t\t\t\tAdmin\t<\/a>\n<\/div>\n\t\t\t\t<\/div>\n\t\t\t\t\t\t<div class=\"qodef-e-text\">\n\t\t\t\t<h5 itemprop=\"name\" class=\"qodef-e-title entry-title\">\n\t<a itemprop=\"url\" class=\"qodef-e-title-link\" href=\"https:\/\/staging.joyn.eu\/fr-be\/joyn-est-il-conforme-au-rgpd\/\">\n\t\tJoyn est-il conforme au RGPD ?\t<\/a>\n<\/h5>\n\t\t<p itemprop=\"description\" class=\"qodef-e-excerpt\">\n\t\t\tJoyn est totalement conforme au RGPD. Lorsque vous utilisez Joyn, vous n\u2019avez aucun souci \u00e0 vous faire. Au contraire ! Gr\u00e2ce \u00e0 la nouvelle app, nous avons cr\u00e9\u00e9 une solution\t\t<\/p>\n\t\t\t\t<\/div>\n\t\t\t\t\t<\/div>\n\t<\/div>\n<\/article>\n<article class=\"qodef-e qodef-blog-item qodef-grid-item qodef-item--square post-41945 post type-post status-publish format-standard hentry category-centre-daide category-securite-et-intimite\">\n\t<div class=\"qodef-e-inner\">\n\t\t<div class=\"qodef-e-media-holder\">\n\t\t\t<div class=\"qodef-e-media\">\n\t<\/div>\n<div itemprop=\"dateCreated\" class=\"qodef-e-info-item qodef-e-info-date entry-date \">\n\t<a itemprop=\"url\" href=\"https:\/\/staging.joyn.eu\/fr-be\/2021\/09\/\">\n\t\t2 Sep\t<\/a>\n<\/div>\n\t\t<\/div>\n\t\t<div class=\"qodef-e-content\">\n\t\t\t\t\t\t\t<div class=\"qodef-e-info qodef-info--top\">\n\t\t\t\t\t<div class=\"qodef-e-info-item qodef-e-info-author\">\n\t<a itemprop=\"author\" class=\"qodef-e-info-author-link\" href=\"https:\/\/staging.joyn.eu\/fr-be\/author\/joyn-admin\/\">\n\t\t\t\tAdmin\t<\/a>\n<\/div>\n\t\t\t\t<\/div>\n\t\t\t\t\t\t<div class=\"qodef-e-text\">\n\t\t\t\t<h5 itemprop=\"name\" class=\"qodef-e-title entry-title\">\n\t<a itemprop=\"url\" class=\"qodef-e-title-link\" href=\"https:\/\/staging.joyn.eu\/fr-be\/jai-perdu-mon-smartphone-que-faire\/\">\n\t\tJ\u2019ai perdu mon smartphone, que faire ?\t<\/a>\n<\/h5>\n\t\t<p itemprop=\"description\" class=\"qodef-e-excerpt\">\n\t\t\tQuel dommage! Dans ce cas, vous avez deux options : &#8211; Installez l\u2019app Joyn sur un autre appareil et connectez-vous \u00e0 nouveau.&#8211; Vous n\u2019avez pas de nouvel appareil ?\t\t<\/p>\n\t\t\t\t<\/div>\n\t\t\t\t\t<\/div>\n\t<\/div>\n<\/article>\n<article class=\"qodef-e qodef-blog-item qodef-grid-item qodef-item--square post-41957 post type-post status-publish format-standard hentry category-centre-daide category-securite-et-intimite\">\n\t<div class=\"qodef-e-inner\">\n\t\t<div class=\"qodef-e-media-holder\">\n\t\t\t<div class=\"qodef-e-media\">\n\t<\/div>\n<div itemprop=\"dateCreated\" class=\"qodef-e-info-item qodef-e-info-date entry-date \">\n\t<a itemprop=\"url\" href=\"https:\/\/staging.joyn.eu\/fr-be\/2021\/09\/\">\n\t\t2 Sep\t<\/a>\n<\/div>\n\t\t<\/div>\n\t\t<div class=\"qodef-e-content\">\n\t\t\t\t\t\t\t<div class=\"qodef-e-info qodef-info--top\">\n\t\t\t\t\t<div class=\"qodef-e-info-item qodef-e-info-author\">\n\t<a itemprop=\"author\" class=\"qodef-e-info-author-link\" href=\"https:\/\/staging.joyn.eu\/fr-be\/author\/joyn-admin\/\">\n\t\t\t\tAdmin\t<\/a>\n<\/div>\n\t\t\t\t<\/div>\n\t\t\t\t\t\t<div class=\"qodef-e-text\">\n\t\t\t\t<h5 itemprop=\"name\" class=\"qodef-e-title entry-title\">\n\t<a itemprop=\"url\" class=\"qodef-e-title-link\" href=\"https:\/\/staging.joyn.eu\/fr-be\/mon-smartphone-a-ete-vole-que-faire\/\">\n\t\tMon smartphone a \u00e9t\u00e9 vol\u00e9, que faire ?\t<\/a>\n<\/h5>\n\t\t<p itemprop=\"description\" class=\"qodef-e-excerpt\">\n\t\t\tQuel dommage! Dans ce cas, vous avez deux options : &#8211; Installez l\u2019app Joyn sur un autre appareil et connectez-vous \u00e0 nouveau.&#8211; Vous n\u2019avez pas de nouvel appareil ?\t\t<\/p>\n\t\t\t\t<\/div>\n\t\t\t\t\t<\/div>\n\t<\/div>\n<\/article>\n<article class=\"qodef-e qodef-blog-item qodef-grid-item qodef-item--square post-42007 post type-post status-publish format-standard hentry category-centre-daide category-securite-et-intimite\">\n\t<div class=\"qodef-e-inner\">\n\t\t<div class=\"qodef-e-media-holder\">\n\t\t\t<div class=\"qodef-e-media\">\n\t<\/div>\n<div itemprop=\"dateCreated\" class=\"qodef-e-info-item qodef-e-info-date entry-date \">\n\t<a itemprop=\"url\" href=\"https:\/\/staging.joyn.eu\/fr-be\/2021\/09\/\">\n\t\t2 Sep\t<\/a>\n<\/div>\n\t\t<\/div>\n\t\t<div class=\"qodef-e-content\">\n\t\t\t\t\t\t\t<div class=\"qodef-e-info qodef-info--top\">\n\t\t\t\t\t<div class=\"qodef-e-info-item qodef-e-info-author\">\n\t<a itemprop=\"author\" class=\"qodef-e-info-author-link\" href=\"https:\/\/staging.joyn.eu\/fr-be\/author\/joyn-admin\/\">\n\t\t\t\tAdmin\t<\/a>\n<\/div>\n\t\t\t\t<\/div>\n\t\t\t\t\t\t<div class=\"qodef-e-text\">\n\t\t\t\t<h5 itemprop=\"name\" class=\"qodef-e-title entry-title\">\n\t<a itemprop=\"url\" class=\"qodef-e-title-link\" href=\"https:\/\/staging.joyn.eu\/fr-be\/jai-perdu-ma-carte-joyn-que-faire\/\">\n\t\tJ\u2019ai perdu ma carte Joyn, que faire ?\t<\/a>\n<\/h5>\n\t\t<p itemprop=\"description\" class=\"qodef-e-excerpt\">\n\t\t\tDat is vervelend &#8230; Heureusement, vous pouvez facilement r\u00e9cup\u00e9rer les points d\u2019une carte enregistr\u00e9e. Voici comment faire : Voici comment faire : 1. T\u00e9l\u00e9chargez l\u2019ap\t\t<\/p>\n\t\t\t\t<\/div>\n\t\t\t\t\t<\/div>\n\t<\/div>\n<\/article>\n<article class=\"qodef-e qodef-blog-item qodef-grid-item qodef-item--square post-42061 post type-post status-publish format-standard hentry category-centre-daide category-securite-et-intimite\">\n\t<div class=\"qodef-e-inner\">\n\t\t<div class=\"qodef-e-media-holder\">\n\t\t\t<div class=\"qodef-e-media\">\n\t<\/div>\n<div itemprop=\"dateCreated\" class=\"qodef-e-info-item qodef-e-info-date entry-date \">\n\t<a itemprop=\"url\" href=\"https:\/\/staging.joyn.eu\/fr-be\/2021\/09\/\">\n\t\t2 Sep\t<\/a>\n<\/div>\n\t\t<\/div>\n\t\t<div class=\"qodef-e-content\">\n\t\t\t\t\t\t\t<div class=\"qodef-e-info qodef-info--top\">\n\t\t\t\t\t<div class=\"qodef-e-info-item qodef-e-info-author\">\n\t<a itemprop=\"author\" class=\"qodef-e-info-author-link\" href=\"https:\/\/staging.joyn.eu\/fr-be\/author\/joyn-admin\/\">\n\t\t\t\tAdmin\t<\/a>\n<\/div>\n\t\t\t\t<\/div>\n\t\t\t\t\t\t<div class=\"qodef-e-text\">\n\t\t\t\t<h5 itemprop=\"name\" class=\"qodef-e-title entry-title\">\n\t<a itemprop=\"url\" class=\"qodef-e-title-link\" href=\"https:\/\/staging.joyn.eu\/fr-be\/comment-bloquer-mon-compte-joyn\/\">\n\t\tComment bloquer mon compte Joyn ?\t<\/a>\n<\/h5>\n\t\t<p itemprop=\"description\" class=\"qodef-e-excerpt\">\n\t\t\tVous pouvez facilement le faire avec l\u2019app Joyn :&nbsp; 1. Cliquez sur l\u2019ic\u00f4ne param\u00e8tres dans le coin sup\u00e9rieur gauche&nbsp; 2. S\u00e9lectionnez \u00ab Votre compte \u00bb.&nbsp; 3. C\t\t<\/p>\n\t\t\t\t<\/div>\n\t\t\t\t\t<\/div>\n\t<\/div>\n<\/article>\n\t<\/div>\n\t<\/div>\n\t\t\t\t<\/div>\n\t\t\t\t<\/div>\n\t\t\t\t\t<\/div>\n\t\t<\/div>\n\t\t\t\t\t<\/div>\n\t\t<\/section>\n\t\t\t\t<\/div>\n\t\t","protected":false},"excerpt":{"rendered":"<p>2 Sep Admin Joyn est-il s\u00fbr ? Joyn a deux grandes priorit\u00e9s : nouveaut\u00e9 et s\u00e9curit\u00e9. Chaque jour, l\u2019\u00e9quipe Joyn se concentre sur votre s\u00e9curit\u00e9 en ligne. C\u2019est vous qui choisissez les informations qu 2 Sep Admin Quelles sont les donn\u00e9es \u00e0 caract\u00e8re personnel qui se trouvent dans l\u2019app Joyn ? C\u2019est vous qui choisissez [&hellip;]<\/p>\n","protected":false},"author":1,"featured_media":0,"parent":0,"menu_order":0,"comment_status":"closed","ping_status":"closed","template":"","meta":{"_acf_changed":false,"inline_featured_image":false,"footnotes":""},"class_list":["post-43883","page","type-page","status-publish","hentry"],"acf":[],"yoast_head":"<!-- This site is optimized with the Yoast SEO plugin v27.4 - https:\/\/yoast.com\/product\/yoast-seo-wordpress\/ -->\n<title>S\u00e9curit\u00e9 et intimit\u00e9 - Joyn<\/title>\n<meta name=\"robots\" content=\"noindex, follow, max-snippet:-1, max-image-preview:large, max-video-preview:-1\" \/>\n<meta property=\"og:locale\" content=\"fr_FR\" \/>\n<meta property=\"og:type\" content=\"article\" \/>\n<meta property=\"og:title\" content=\"S\u00e9curit\u00e9 et intimit\u00e9 - Joyn\" \/>\n<meta property=\"og:description\" content=\"2 Sep Admin Joyn est-il s\u00fbr ? Joyn a deux grandes priorit\u00e9s : nouveaut\u00e9 et s\u00e9curit\u00e9. Chaque jour, l\u2019\u00e9quipe Joyn se concentre sur votre s\u00e9curit\u00e9 en ligne. C\u2019est vous qui choisissez les informations qu 2 Sep Admin Quelles sont les donn\u00e9es \u00e0 caract\u00e8re personnel qui se trouvent dans l\u2019app Joyn ? C\u2019est vous qui choisissez [&hellip;]\" \/>\n<meta property=\"og:url\" content=\"https:\/\/staging.joyn.eu\/fr-be\/securite-et-intimite\/\" \/>\n<meta property=\"og:site_name\" content=\"Joyn\" \/>\n<meta property=\"article:modified_time\" content=\"2025-04-28T13:26:56+00:00\" \/>\n<meta property=\"og:image\" content=\"https:\/\/staging.joyn.eu\/wp-content\/uploads\/2021\/12\/Webshop-650x650.jpg\" \/>\n<meta name=\"twitter:card\" content=\"summary_large_image\" \/>\n<meta name=\"twitter:label1\" content=\"Dur\u00e9e de lecture est.\" \/>\n\t<meta name=\"twitter:data1\" content=\"2 minutes\" \/>\n<script type=\"application\/ld+json\" class=\"yoast-schema-graph\">{\"@context\":\"https:\\\/\\\/schema.org\",\"@graph\":[{\"@type\":\"WebPage\",\"@id\":\"https:\\\/\\\/staging.joyn.eu\\\/fr-be\\\/securite-et-intimite\\\/\",\"url\":\"https:\\\/\\\/staging.joyn.eu\\\/fr-be\\\/securite-et-intimite\\\/\",\"name\":\"S\u00e9curit\u00e9 et intimit\u00e9 - Joyn\",\"isPartOf\":{\"@id\":\"https:\\\/\\\/staging.joyn.eu\\\/fr-be\\\/#website\"},\"datePublished\":\"2021-09-16T11:04:24+00:00\",\"dateModified\":\"2025-04-28T13:26:56+00:00\",\"breadcrumb\":{\"@id\":\"https:\\\/\\\/staging.joyn.eu\\\/fr-be\\\/securite-et-intimite\\\/#breadcrumb\"},\"inLanguage\":\"fr-BE\",\"potentialAction\":[{\"@type\":\"ReadAction\",\"target\":[\"https:\\\/\\\/staging.joyn.eu\\\/fr-be\\\/securite-et-intimite\\\/\"]}]},{\"@type\":\"BreadcrumbList\",\"@id\":\"https:\\\/\\\/staging.joyn.eu\\\/fr-be\\\/securite-et-intimite\\\/#breadcrumb\",\"itemListElement\":[{\"@type\":\"ListItem\",\"position\":1,\"name\":\"Home\",\"item\":\"https:\\\/\\\/staging.joyn.eu\\\/fr-be\\\/home-merchant-new-fr\\\/\"},{\"@type\":\"ListItem\",\"position\":2,\"name\":\"S\u00e9curit\u00e9 et intimit\u00e9\"}]},{\"@type\":\"WebSite\",\"@id\":\"https:\\\/\\\/staging.joyn.eu\\\/fr-be\\\/#website\",\"url\":\"https:\\\/\\\/staging.joyn.eu\\\/fr-be\\\/\",\"name\":\"Joyn\",\"description\":\"Quand vos clients deviennent des fans\",\"publisher\":{\"@id\":\"https:\\\/\\\/staging.joyn.eu\\\/fr-be\\\/#organization\"},\"potentialAction\":[{\"@type\":\"SearchAction\",\"target\":{\"@type\":\"EntryPoint\",\"urlTemplate\":\"https:\\\/\\\/staging.joyn.eu\\\/fr-be\\\/?s={search_term_string}\"},\"query-input\":{\"@type\":\"PropertyValueSpecification\",\"valueRequired\":true,\"valueName\":\"search_term_string\"}}],\"inLanguage\":\"fr-BE\"},{\"@type\":\"Organization\",\"@id\":\"https:\\\/\\\/staging.joyn.eu\\\/fr-be\\\/#organization\",\"name\":\"Joyn\",\"url\":\"https:\\\/\\\/staging.joyn.eu\\\/fr-be\\\/\",\"logo\":{\"@type\":\"ImageObject\",\"inLanguage\":\"fr-BE\",\"@id\":\"https:\\\/\\\/staging.joyn.eu\\\/fr-be\\\/#\\\/schema\\\/logo\\\/image\\\/\",\"url\":\"https:\\\/\\\/staging.joyn.eu\\\/wp-content\\\/uploads\\\/2021\\\/02\\\/Blue-green-h40.png\",\"contentUrl\":\"https:\\\/\\\/staging.joyn.eu\\\/wp-content\\\/uploads\\\/2021\\\/02\\\/Blue-green-h40.png\",\"width\":83,\"height\":40,\"caption\":\"Joyn\"},\"image\":{\"@id\":\"https:\\\/\\\/staging.joyn.eu\\\/fr-be\\\/#\\\/schema\\\/logo\\\/image\\\/\"}}]}<\/script>\n<!-- \/ Yoast SEO plugin. -->","yoast_head_json":{"title":"S\u00e9curit\u00e9 et intimit\u00e9 - Joyn","robots":{"index":"noindex","follow":"follow","max-snippet":"max-snippet:-1","max-image-preview":"max-image-preview:large","max-video-preview":"max-video-preview:-1"},"og_locale":"fr_FR","og_type":"article","og_title":"S\u00e9curit\u00e9 et intimit\u00e9 - Joyn","og_description":"2 Sep Admin Joyn est-il s\u00fbr ? Joyn a deux grandes priorit\u00e9s : nouveaut\u00e9 et s\u00e9curit\u00e9. Chaque jour, l\u2019\u00e9quipe Joyn se concentre sur votre s\u00e9curit\u00e9 en ligne. C\u2019est vous qui choisissez les informations qu 2 Sep Admin Quelles sont les donn\u00e9es \u00e0 caract\u00e8re personnel qui se trouvent dans l\u2019app Joyn ? C\u2019est vous qui choisissez [&hellip;]","og_url":"https:\/\/staging.joyn.eu\/fr-be\/securite-et-intimite\/","og_site_name":"Joyn","article_modified_time":"2025-04-28T13:26:56+00:00","og_image":[{"url":"https:\/\/staging.joyn.eu\/wp-content\/uploads\/2021\/12\/Webshop-650x650.jpg","type":"","width":"","height":""}],"twitter_card":"summary_large_image","twitter_misc":{"Dur\u00e9e de lecture est.":"2 minutes"},"schema":{"@context":"https:\/\/schema.org","@graph":[{"@type":"WebPage","@id":"https:\/\/staging.joyn.eu\/fr-be\/securite-et-intimite\/","url":"https:\/\/staging.joyn.eu\/fr-be\/securite-et-intimite\/","name":"S\u00e9curit\u00e9 et intimit\u00e9 - Joyn","isPartOf":{"@id":"https:\/\/staging.joyn.eu\/fr-be\/#website"},"datePublished":"2021-09-16T11:04:24+00:00","dateModified":"2025-04-28T13:26:56+00:00","breadcrumb":{"@id":"https:\/\/staging.joyn.eu\/fr-be\/securite-et-intimite\/#breadcrumb"},"inLanguage":"fr-BE","potentialAction":[{"@type":"ReadAction","target":["https:\/\/staging.joyn.eu\/fr-be\/securite-et-intimite\/"]}]},{"@type":"BreadcrumbList","@id":"https:\/\/staging.joyn.eu\/fr-be\/securite-et-intimite\/#breadcrumb","itemListElement":[{"@type":"ListItem","position":1,"name":"Home","item":"https:\/\/staging.joyn.eu\/fr-be\/home-merchant-new-fr\/"},{"@type":"ListItem","position":2,"name":"S\u00e9curit\u00e9 et intimit\u00e9"}]},{"@type":"WebSite","@id":"https:\/\/staging.joyn.eu\/fr-be\/#website","url":"https:\/\/staging.joyn.eu\/fr-be\/","name":"Joyn","description":"Quand vos clients deviennent des fans","publisher":{"@id":"https:\/\/staging.joyn.eu\/fr-be\/#organization"},"potentialAction":[{"@type":"SearchAction","target":{"@type":"EntryPoint","urlTemplate":"https:\/\/staging.joyn.eu\/fr-be\/?s={search_term_string}"},"query-input":{"@type":"PropertyValueSpecification","valueRequired":true,"valueName":"search_term_string"}}],"inLanguage":"fr-BE"},{"@type":"Organization","@id":"https:\/\/staging.joyn.eu\/fr-be\/#organization","name":"Joyn","url":"https:\/\/staging.joyn.eu\/fr-be\/","logo":{"@type":"ImageObject","inLanguage":"fr-BE","@id":"https:\/\/staging.joyn.eu\/fr-be\/#\/schema\/logo\/image\/","url":"https:\/\/staging.joyn.eu\/wp-content\/uploads\/2021\/02\/Blue-green-h40.png","contentUrl":"https:\/\/staging.joyn.eu\/wp-content\/uploads\/2021\/02\/Blue-green-h40.png","width":83,"height":40,"caption":"Joyn"},"image":{"@id":"https:\/\/staging.joyn.eu\/fr-be\/#\/schema\/logo\/image\/"}}]}},"_links":{"self":[{"href":"https:\/\/staging.joyn.eu\/fr-be\/wp-json\/wp\/v2\/pages\/43883","targetHints":{"allow":["GET"]}}],"collection":[{"href":"https:\/\/staging.joyn.eu\/fr-be\/wp-json\/wp\/v2\/pages"}],"about":[{"href":"https:\/\/staging.joyn.eu\/fr-be\/wp-json\/wp\/v2\/types\/page"}],"author":[{"embeddable":true,"href":"https:\/\/staging.joyn.eu\/fr-be\/wp-json\/wp\/v2\/users\/1"}],"replies":[{"embeddable":true,"href":"https:\/\/staging.joyn.eu\/fr-be\/wp-json\/wp\/v2\/comments?post=43883"}],"version-history":[{"count":13,"href":"https:\/\/staging.joyn.eu\/fr-be\/wp-json\/wp\/v2\/pages\/43883\/revisions"}],"predecessor-version":[{"id":106328,"href":"https:\/\/staging.joyn.eu\/fr-be\/wp-json\/wp\/v2\/pages\/43883\/revisions\/106328"}],"wp:attachment":[{"href":"https:\/\/staging.joyn.eu\/fr-be\/wp-json\/wp\/v2\/media?parent=43883"}],"curies":[{"name":"wp","href":"https:\/\/api.w.org\/{rel}","templated":true}]}}