{"id":42848,"date":"2021-09-07T09:50:52","date_gmt":"2021-09-07T09:50:52","guid":{"rendered":"https:\/\/staging.joyn.eu\/centre-daide\/over-joyn\/"},"modified":"2025-04-28T13:26:28","modified_gmt":"2025-04-28T13:26:28","slug":"a-propos-de-joyn","status":"publish","type":"page","link":"https:\/\/staging.joyn.eu\/fr-be\/consument-old\/centre-daide\/a-propos-de-joyn\/","title":{"rendered":"\u00c0 propos de Joyn"},"content":{"rendered":"\t\t<div data-elementor-type=\"wp-page\" data-elementor-id=\"42848\" class=\"elementor elementor-42848 elementor-42632\" data-elementor-post-type=\"page\">\n\t\t\t\t\t\t<section class=\"elementor-section elementor-top-section elementor-element elementor-element-0e7e060 elementor-section-boxed elementor-section-height-default elementor-section-height-default\" data-id=\"0e7e060\" data-element_type=\"section\" data-e-type=\"section\">\n\t\t\t\t\t\t<div class=\"elementor-container elementor-column-gap-default\">\n\t\t\t\t\t<div class=\"elementor-column elementor-col-100 elementor-top-column elementor-element elementor-element-0ce051a\" data-id=\"0ce051a\" data-element_type=\"column\" data-e-type=\"column\">\n\t\t\t<div class=\"elementor-widget-wrap elementor-element-populated\">\n\t\t\t\t\t\t<div class=\"elementor-element elementor-element-ad8dc28 elementor-widget elementor-widget-qi_addons_for_elementor_blog_list\" data-id=\"ad8dc28\" data-element_type=\"widget\" data-e-type=\"widget\" data-widget_type=\"qi_addons_for_elementor_blog_list.default\">\n\t\t\t\t<div class=\"elementor-widget-container\">\n\t\t\t\t\t<div class=\"qodef-shortcode qodef-m qodef-addons-blog-list qodef-info-no-icons qodef-image--hover-zoom qodef-qi-grid qodef-layout--qi-columns qodef-col-num--3 qodef-item-layout--boxed qodef-responsive--predefined\" >\n\t<div class=\"qodef-grid-inner\">\n\t\t<article class=\"qodef-e qodef-blog-item qodef-grid-item qodef-item--square post-40271 post type-post status-publish format-standard hentry category-a-propos-de-joyn category-centre-daide\">\n\t<div class=\"qodef-e-inner\">\n\t\t<div class=\"qodef-e-media-holder\">\n\t\t\t<div class=\"qodef-e-media\">\n\t<\/div>\n<div itemprop=\"dateCreated\" class=\"qodef-e-info-item qodef-e-info-date entry-date \">\n\t<a itemprop=\"url\" href=\"https:\/\/staging.joyn.eu\/fr-be\/2021\/09\/\">\n\t\t2 Sep\t<\/a>\n<\/div>\n\t\t<\/div>\n\t\t<div class=\"qodef-e-content\">\n\t\t\t\t\t\t\t<div class=\"qodef-e-info qodef-info--top\">\n\t\t\t\t\t<div class=\"qodef-e-info-item qodef-e-info-author\">\n\t<a itemprop=\"author\" class=\"qodef-e-info-author-link\" href=\"https:\/\/staging.joyn.eu\/fr-be\/author\/joyn-admin\/\">\n\t\t\t\tAdmin\t<\/a>\n<\/div>\n\t\t\t\t<\/div>\n\t\t\t\t\t\t<div class=\"qodef-e-text\">\n\t\t\t\t<h5 itemprop=\"name\" class=\"qodef-e-title entry-title\">\n\t<a itemprop=\"url\" class=\"qodef-e-title-link\" href=\"https:\/\/staging.joyn.eu\/fr-be\/qui-se-cache-derriere-joyn\/\">\n\t\tQui se cache derri\u00e8re Joyn ?\t<\/a>\n<\/h5>\n\t\t<p itemprop=\"description\" class=\"qodef-e-excerpt\">\n\t\t\tJoyn a \u00e9t\u00e9 cr\u00e9\u00e9 en 2014 sous le nom \u00ab CityLife \u00bb, une spin-off de Mobile Vikings. La vision des cr\u00e9ateurs Frank Bekkers et Koen Desmedt \u00e9tait la suivante : Rapprocher davan\t\t<\/p>\n\t\t\t\t<\/div>\n\t\t\t\t\t<\/div>\n\t<\/div>\n<\/article>\n<article class=\"qodef-e qodef-blog-item qodef-grid-item qodef-item--square post-40249 post type-post status-publish format-standard hentry category-a-propos-de-joyn category-centre-daide\">\n\t<div class=\"qodef-e-inner\">\n\t\t<div class=\"qodef-e-media-holder\">\n\t\t\t<div class=\"qodef-e-media\">\n\t<\/div>\n<div itemprop=\"dateCreated\" class=\"qodef-e-info-item qodef-e-info-date entry-date \">\n\t<a itemprop=\"url\" href=\"https:\/\/staging.joyn.eu\/fr-be\/2021\/09\/\">\n\t\t2 Sep\t<\/a>\n<\/div>\n\t\t<\/div>\n\t\t<div class=\"qodef-e-content\">\n\t\t\t\t\t\t\t<div class=\"qodef-e-info qodef-info--top\">\n\t\t\t\t\t<div class=\"qodef-e-info-item qodef-e-info-author\">\n\t<a itemprop=\"author\" class=\"qodef-e-info-author-link\" href=\"https:\/\/staging.joyn.eu\/fr-be\/author\/joyn-admin\/\">\n\t\t\t\tAdmin\t<\/a>\n<\/div>\n\t\t\t\t<\/div>\n\t\t\t\t\t\t<div class=\"qodef-e-text\">\n\t\t\t\t<h5 itemprop=\"name\" class=\"qodef-e-title entry-title\">\n\t<a itemprop=\"url\" class=\"qodef-e-title-link\" href=\"https:\/\/staging.joyn.eu\/fr-be\/joyn-cest-quoi\/\">\n\t\tJoyn, c\u2019est quoi ?\t<\/a>\n<\/h5>\n\t\t<p itemprop=\"description\" class=\"qodef-e-excerpt\">\n\t\t\tJoyn est une plateforme de fid\u00e9lisation et un leader sur le march\u00e9 en Belgique. Avec une seule carte, vous pouvez facilement scanner chez plusieurs commer\u00e7ants pr\u00e8s de chez vou\t\t<\/p>\n\t\t\t\t<\/div>\n\t\t\t\t\t<\/div>\n\t<\/div>\n<\/article>\n<article class=\"qodef-e qodef-blog-item qodef-grid-item qodef-item--square post-41735 post type-post status-publish format-standard hentry category-a-propos-de-joyn category-centre-daide\">\n\t<div class=\"qodef-e-inner\">\n\t\t<div class=\"qodef-e-media-holder\">\n\t\t\t<div class=\"qodef-e-media\">\n\t<\/div>\n<div itemprop=\"dateCreated\" class=\"qodef-e-info-item qodef-e-info-date entry-date \">\n\t<a itemprop=\"url\" href=\"https:\/\/staging.joyn.eu\/fr-be\/2021\/09\/\">\n\t\t2 Sep\t<\/a>\n<\/div>\n\t\t<\/div>\n\t\t<div class=\"qodef-e-content\">\n\t\t\t\t\t\t\t<div class=\"qodef-e-info qodef-info--top\">\n\t\t\t\t\t<div class=\"qodef-e-info-item qodef-e-info-author\">\n\t<a itemprop=\"author\" class=\"qodef-e-info-author-link\" href=\"https:\/\/staging.joyn.eu\/fr-be\/author\/joyn-admin\/\">\n\t\t\t\tAdmin\t<\/a>\n<\/div>\n\t\t\t\t<\/div>\n\t\t\t\t\t\t<div class=\"qodef-e-text\">\n\t\t\t\t<h5 itemprop=\"name\" class=\"qodef-e-title entry-title\">\n\t<a itemprop=\"url\" class=\"qodef-e-title-link\" href=\"https:\/\/staging.joyn.eu\/fr-be\/quels-sont-les-avantages-de-joyn-compare-aux-autres-programmes-de-fidelite\/\">\n\t\tQuels sont les avantages de Joyn compar\u00e9 aux autres programmes de fid\u00e9lit\u00e9 ?\t<\/a>\n<\/h5>\n\t\t<p itemprop=\"description\" class=\"qodef-e-excerpt\">\n\t\t\tLe programme de fid\u00e9lit\u00e9 de Joyn est tr\u00e8s avantageux, tant pour vous que pour votre commer\u00e7ant. En tant que leader du march\u00e9 europ\u00e9en dans les programmes de fid\u00e9lit\u00e9, il vo\t\t<\/p>\n\t\t\t\t<\/div>\n\t\t\t\t\t<\/div>\n\t<\/div>\n<\/article>\n<article class=\"qodef-e qodef-blog-item qodef-grid-item qodef-item--square post-41741 post type-post status-publish format-standard hentry category-a-propos-de-joyn category-centre-daide\">\n\t<div class=\"qodef-e-inner\">\n\t\t<div class=\"qodef-e-media-holder\">\n\t\t\t<div class=\"qodef-e-media\">\n\t<\/div>\n<div itemprop=\"dateCreated\" class=\"qodef-e-info-item qodef-e-info-date entry-date \">\n\t<a itemprop=\"url\" href=\"https:\/\/staging.joyn.eu\/fr-be\/2021\/09\/\">\n\t\t2 Sep\t<\/a>\n<\/div>\n\t\t<\/div>\n\t\t<div class=\"qodef-e-content\">\n\t\t\t\t\t\t\t<div class=\"qodef-e-info qodef-info--top\">\n\t\t\t\t\t<div class=\"qodef-e-info-item qodef-e-info-author\">\n\t<a itemprop=\"author\" class=\"qodef-e-info-author-link\" href=\"https:\/\/staging.joyn.eu\/fr-be\/author\/joyn-admin\/\">\n\t\t\t\tAdmin\t<\/a>\n<\/div>\n\t\t\t\t<\/div>\n\t\t\t\t\t\t<div class=\"qodef-e-text\">\n\t\t\t\t<h5 itemprop=\"name\" class=\"qodef-e-title entry-title\">\n\t<a itemprop=\"url\" class=\"qodef-e-title-link\" href=\"https:\/\/staging.joyn.eu\/fr-be\/en-quoi-joyn-se-distingue-t-il-des-autres-programmes-de-fidelite\/\">\n\t\tEn quoi Joyn se distingue-t-il des autres programmes de fid\u00e9lit\u00e9 ?\t<\/a>\n<\/h5>\n\t\t<p itemprop=\"description\" class=\"qodef-e-excerpt\">\n\t\t\tLa grande diff\u00e9rence avec les autres programmes de fid\u00e9lit\u00e9, c\u2019est que Joyn propose une plateforme globale pour les commer\u00e7ants. Fini d\u2019avoir un programme de fid\u00e9lit\u00e9 dif\t\t<\/p>\n\t\t\t\t<\/div>\n\t\t\t\t\t<\/div>\n\t<\/div>\n<\/article>\n<article class=\"qodef-e qodef-blog-item qodef-grid-item qodef-item--square post-41792 post type-post status-publish format-standard hentry category-a-propos-de-joyn category-centre-daide\">\n\t<div class=\"qodef-e-inner\">\n\t\t<div class=\"qodef-e-media-holder\">\n\t\t\t<div class=\"qodef-e-media\">\n\t<\/div>\n<div itemprop=\"dateCreated\" class=\"qodef-e-info-item qodef-e-info-date entry-date \">\n\t<a itemprop=\"url\" href=\"https:\/\/staging.joyn.eu\/fr-be\/2021\/09\/\">\n\t\t2 Sep\t<\/a>\n<\/div>\n\t\t<\/div>\n\t\t<div class=\"qodef-e-content\">\n\t\t\t\t\t\t\t<div class=\"qodef-e-info qodef-info--top\">\n\t\t\t\t\t<div class=\"qodef-e-info-item qodef-e-info-author\">\n\t<a itemprop=\"author\" class=\"qodef-e-info-author-link\" href=\"https:\/\/staging.joyn.eu\/fr-be\/author\/joyn-admin\/\">\n\t\t\t\tAdmin\t<\/a>\n<\/div>\n\t\t\t\t<\/div>\n\t\t\t\t\t\t<div class=\"qodef-e-text\">\n\t\t\t\t<h5 itemprop=\"name\" class=\"qodef-e-title entry-title\">\n\t<a itemprop=\"url\" class=\"qodef-e-title-link\" href=\"https:\/\/staging.joyn.eu\/fr-be\/qui-utilise-joyn\/\">\n\t\tQui utilise Joyn?\t<\/a>\n<\/h5>\n\t\t<p itemprop=\"description\" class=\"qodef-e-excerpt\">\n\t\t\tVotre boulanger du coin ou le fleuriste au bout de la rue. Et encore bien d\u2019autres commer\u00e7ants pr\u00e8s de chez vous ou en ville, du chocolatier au p\u00e2tissier, en passant par l\u2019e\t\t<\/p>\n\t\t\t\t<\/div>\n\t\t\t\t\t<\/div>\n\t<\/div>\n<\/article>\n<article class=\"qodef-e qodef-blog-item qodef-grid-item qodef-item--square post-41804 post type-post status-publish format-standard hentry category-a-propos-de-joyn category-centre-daide\">\n\t<div class=\"qodef-e-inner\">\n\t\t<div class=\"qodef-e-media-holder\">\n\t\t\t<div class=\"qodef-e-media\">\n\t<\/div>\n<div itemprop=\"dateCreated\" class=\"qodef-e-info-item qodef-e-info-date entry-date \">\n\t<a itemprop=\"url\" href=\"https:\/\/staging.joyn.eu\/fr-be\/2021\/09\/\">\n\t\t2 Sep\t<\/a>\n<\/div>\n\t\t<\/div>\n\t\t<div class=\"qodef-e-content\">\n\t\t\t\t\t\t\t<div class=\"qodef-e-info qodef-info--top\">\n\t\t\t\t\t<div class=\"qodef-e-info-item qodef-e-info-author\">\n\t<a itemprop=\"author\" class=\"qodef-e-info-author-link\" href=\"https:\/\/staging.joyn.eu\/fr-be\/author\/joyn-admin\/\">\n\t\t\t\tAdmin\t<\/a>\n<\/div>\n\t\t\t\t<\/div>\n\t\t\t\t\t\t<div class=\"qodef-e-text\">\n\t\t\t\t<h5 itemprop=\"name\" class=\"qodef-e-title entry-title\">\n\t<a itemprop=\"url\" class=\"qodef-e-title-link\" href=\"https:\/\/staging.joyn.eu\/fr-be\/de-quoi-ai-je-besoin-pour-utiliser-joyn\/\">\n\t\tDe quoi ai-je besoin pour utiliser Joyn ?\t<\/a>\n<\/h5>\n\t\t<p itemprop=\"description\" class=\"qodef-e-excerpt\">\n\t\t\tUn smartphone ou une carte suffit. T\u00e9l\u00e9chargez l\u2019application Joyn sur votre smartphone via l\u2019App Store ou Google Play Store et profitez de tous les avantages de cette applica\t\t<\/p>\n\t\t\t\t<\/div>\n\t\t\t\t\t<\/div>\n\t<\/div>\n<\/article>\n<article class=\"qodef-e qodef-blog-item qodef-grid-item qodef-item--square post-41854 post type-post status-publish format-standard hentry category-a-propos-de-joyn category-centre-daide\">\n\t<div class=\"qodef-e-inner\">\n\t\t<div class=\"qodef-e-media-holder\">\n\t\t\t<div class=\"qodef-e-media\">\n\t<\/div>\n<div itemprop=\"dateCreated\" class=\"qodef-e-info-item qodef-e-info-date entry-date \">\n\t<a itemprop=\"url\" href=\"https:\/\/staging.joyn.eu\/fr-be\/2021\/09\/\">\n\t\t2 Sep\t<\/a>\n<\/div>\n\t\t<\/div>\n\t\t<div class=\"qodef-e-content\">\n\t\t\t\t\t\t\t<div class=\"qodef-e-info qodef-info--top\">\n\t\t\t\t\t<div class=\"qodef-e-info-item qodef-e-info-author\">\n\t<a itemprop=\"author\" class=\"qodef-e-info-author-link\" href=\"https:\/\/staging.joyn.eu\/fr-be\/author\/joyn-admin\/\">\n\t\t\t\tAdmin\t<\/a>\n<\/div>\n\t\t\t\t<\/div>\n\t\t\t\t\t\t<div class=\"qodef-e-text\">\n\t\t\t\t<h5 itemprop=\"name\" class=\"qodef-e-title entry-title\">\n\t<a itemprop=\"url\" class=\"qodef-e-title-link\" href=\"https:\/\/staging.joyn.eu\/fr-be\/sur-quels-smartphones-puis-je-installer-lapp-joyn\/\">\n\t\tSur quels smartphones puis-je installer l\u2019app Joyn ?\t<\/a>\n<\/h5>\n\t\t<p itemprop=\"description\" class=\"qodef-e-excerpt\">\n\t\t\tVous pouvez t\u00e9l\u00e9charger et installer l\u2019application Joyn sur des smartphones avec iOS et Android. Selon vos param\u00e8tres, vous pouvez mettre \u00e0 jour l\u2019app automatiquement ou ma\t\t<\/p>\n\t\t\t\t<\/div>\n\t\t\t\t\t<\/div>\n\t<\/div>\n<\/article>\n<article class=\"qodef-e qodef-blog-item qodef-grid-item qodef-item--square post-41876 post type-post status-publish format-standard hentry category-a-propos-de-joyn category-centre-daide\">\n\t<div class=\"qodef-e-inner\">\n\t\t<div class=\"qodef-e-media-holder\">\n\t\t\t<div class=\"qodef-e-media\">\n\t<\/div>\n<div itemprop=\"dateCreated\" class=\"qodef-e-info-item qodef-e-info-date entry-date \">\n\t<a itemprop=\"url\" href=\"https:\/\/staging.joyn.eu\/fr-be\/2021\/09\/\">\n\t\t2 Sep\t<\/a>\n<\/div>\n\t\t<\/div>\n\t\t<div class=\"qodef-e-content\">\n\t\t\t\t\t\t\t<div class=\"qodef-e-info qodef-info--top\">\n\t\t\t\t\t<div class=\"qodef-e-info-item qodef-e-info-author\">\n\t<a itemprop=\"author\" class=\"qodef-e-info-author-link\" href=\"https:\/\/staging.joyn.eu\/fr-be\/author\/joyn-admin\/\">\n\t\t\t\tAdmin\t<\/a>\n<\/div>\n\t\t\t\t<\/div>\n\t\t\t\t\t\t<div class=\"qodef-e-text\">\n\t\t\t\t<h5 itemprop=\"name\" class=\"qodef-e-title entry-title\">\n\t<a itemprop=\"url\" class=\"qodef-e-title-link\" href=\"https:\/\/staging.joyn.eu\/fr-be\/jai-deja-utilise-joyn-par-le-passe-quelles-sont-les-nouveautes\/\">\n\t\tJ\u2019ai d\u00e9j\u00e0 utilis\u00e9 Joyn par le pass\u00e9. Quelles sont les nouveaut\u00e9s ?\t<\/a>\n<\/h5>\n\t\t<p itemprop=\"description\" class=\"qodef-e-excerpt\">\n\t\t\tChaque jour, Joyn s\u2019engage \u00e0 rendre vos visites chez votre commer\u00e7ant pr\u00e9f\u00e9r\u00e9 aussi agr\u00e9ables que possible ! Gr\u00e2ce \u00e0 des applications Joyn mises \u00e0 jour et optimis\u00e9es, v\t\t<\/p>\n\t\t\t\t<\/div>\n\t\t\t\t\t<\/div>\n\t<\/div>\n<\/article>\n<article class=\"qodef-e qodef-blog-item qodef-grid-item qodef-item--square post-41884 post type-post status-publish format-standard hentry category-a-propos-de-joyn category-centre-daide\">\n\t<div class=\"qodef-e-inner\">\n\t\t<div class=\"qodef-e-media-holder\">\n\t\t\t<div class=\"qodef-e-media\">\n\t<\/div>\n<div itemprop=\"dateCreated\" class=\"qodef-e-info-item qodef-e-info-date entry-date \">\n\t<a itemprop=\"url\" href=\"https:\/\/staging.joyn.eu\/fr-be\/2021\/09\/\">\n\t\t2 Sep\t<\/a>\n<\/div>\n\t\t<\/div>\n\t\t<div class=\"qodef-e-content\">\n\t\t\t\t\t\t\t<div class=\"qodef-e-info qodef-info--top\">\n\t\t\t\t\t<div class=\"qodef-e-info-item qodef-e-info-author\">\n\t<a itemprop=\"author\" class=\"qodef-e-info-author-link\" href=\"https:\/\/staging.joyn.eu\/fr-be\/author\/joyn-admin\/\">\n\t\t\t\tAdmin\t<\/a>\n<\/div>\n\t\t\t\t<\/div>\n\t\t\t\t\t\t<div class=\"qodef-e-text\">\n\t\t\t\t<h5 itemprop=\"name\" class=\"qodef-e-title entry-title\">\n\t<a itemprop=\"url\" class=\"qodef-e-title-link\" href=\"https:\/\/staging.joyn.eu\/fr-be\/combien-ca-coute-dutiliser-lapp-joyn\/\">\n\t\tCombien \u00e7a co\u00fbte d\u2019utiliser l\u2019app Joyn ?\t<\/a>\n<\/h5>\n\t\t<p itemprop=\"description\" class=\"qodef-e-excerpt\">\n\t\t\tL\u2019app Joyn est enti\u00e8rement gratuite ! Chaque jour, Joyn s\u2019engage \u00e0 rendre vos visites chez votre commer\u00e7ant pr\u00e9f\u00e9r\u00e9 aussi agr\u00e9able que possible ! Plus de 7 500 commer\u00e7a\t\t<\/p>\n\t\t\t\t<\/div>\n\t\t\t\t\t<\/div>\n\t<\/div>\n<\/article>\n\t<\/div>\n\t<\/div>\n\t\t\t\t<\/div>\n\t\t\t\t<\/div>\n\t\t\t\t\t<\/div>\n\t\t<\/div>\n\t\t\t\t\t<\/div>\n\t\t<\/section>\n\t\t\t\t<\/div>\n\t\t","protected":false},"excerpt":{"rendered":"<p>2 Sep Admin Qui se cache derri\u00e8re Joyn ? Joyn a \u00e9t\u00e9 cr\u00e9\u00e9 en 2014 sous le nom \u00ab CityLife \u00bb, une spin-off de Mobile Vikings. La vision des cr\u00e9ateurs Frank Bekkers et Koen Desmedt \u00e9tait la suivante : Rapprocher davan 2 Sep Admin Joyn, c\u2019est quoi ? Joyn est une plateforme de fid\u00e9lisation et [&hellip;]<\/p>\n","protected":false},"author":1,"featured_media":0,"parent":32095,"menu_order":0,"comment_status":"closed","ping_status":"closed","template":"","meta":{"_acf_changed":false,"inline_featured_image":false,"footnotes":""},"class_list":["post-42848","page","type-page","status-publish","hentry"],"acf":[],"yoast_head":"<!-- This site is optimized with the Yoast SEO plugin v27.4 - https:\/\/yoast.com\/product\/yoast-seo-wordpress\/ -->\n<title>\u00c0 propos de Joyn - Joyn<\/title>\n<meta name=\"robots\" content=\"noindex, follow, max-snippet:-1, max-image-preview:large, max-video-preview:-1\" \/>\n<meta property=\"og:locale\" content=\"fr_FR\" \/>\n<meta property=\"og:type\" content=\"article\" \/>\n<meta property=\"og:title\" content=\"\u00c0 propos de Joyn - Joyn\" \/>\n<meta property=\"og:description\" content=\"2 Sep Admin Qui se cache derri\u00e8re Joyn ? Joyn a \u00e9t\u00e9 cr\u00e9\u00e9 en 2014 sous le nom \u00ab CityLife \u00bb, une spin-off de Mobile Vikings. La vision des cr\u00e9ateurs Frank Bekkers et Koen Desmedt \u00e9tait la suivante : Rapprocher davan 2 Sep Admin Joyn, c\u2019est quoi ? Joyn est une plateforme de fid\u00e9lisation et [&hellip;]\" \/>\n<meta property=\"og:url\" content=\"https:\/\/staging.joyn.eu\/fr-be\/consument-old\/centre-daide\/a-propos-de-joyn\/\" \/>\n<meta property=\"og:site_name\" content=\"Joyn\" \/>\n<meta property=\"article:modified_time\" content=\"2025-04-28T13:26:28+00:00\" \/>\n<meta property=\"og:image\" content=\"https:\/\/staging.joyn.eu\/wp-content\/uploads\/2021\/12\/Webshop-650x650.jpg\" \/>\n<meta name=\"twitter:card\" content=\"summary_large_image\" \/>\n<meta name=\"twitter:label1\" content=\"Dur\u00e9e de lecture est.\" \/>\n\t<meta name=\"twitter:data1\" content=\"2 minutes\" \/>\n<script type=\"application\/ld+json\" class=\"yoast-schema-graph\">{\"@context\":\"https:\\\/\\\/schema.org\",\"@graph\":[{\"@type\":\"WebPage\",\"@id\":\"https:\\\/\\\/staging.joyn.eu\\\/fr-be\\\/consument-old\\\/centre-daide\\\/a-propos-de-joyn\\\/\",\"url\":\"https:\\\/\\\/staging.joyn.eu\\\/fr-be\\\/consument-old\\\/centre-daide\\\/a-propos-de-joyn\\\/\",\"name\":\"\u00c0 propos de Joyn - Joyn\",\"isPartOf\":{\"@id\":\"https:\\\/\\\/staging.joyn.eu\\\/fr-be\\\/#website\"},\"datePublished\":\"2021-09-07T09:50:52+00:00\",\"dateModified\":\"2025-04-28T13:26:28+00:00\",\"breadcrumb\":{\"@id\":\"https:\\\/\\\/staging.joyn.eu\\\/fr-be\\\/consument-old\\\/centre-daide\\\/a-propos-de-joyn\\\/#breadcrumb\"},\"inLanguage\":\"fr-BE\",\"potentialAction\":[{\"@type\":\"ReadAction\",\"target\":[\"https:\\\/\\\/staging.joyn.eu\\\/fr-be\\\/consument-old\\\/centre-daide\\\/a-propos-de-joyn\\\/\"]}]},{\"@type\":\"BreadcrumbList\",\"@id\":\"https:\\\/\\\/staging.joyn.eu\\\/fr-be\\\/consument-old\\\/centre-daide\\\/a-propos-de-joyn\\\/#breadcrumb\",\"itemListElement\":[{\"@type\":\"ListItem\",\"position\":1,\"name\":\"Home\",\"item\":\"https:\\\/\\\/staging.joyn.eu\\\/fr-be\\\/home-merchant-new-fr\\\/\"},{\"@type\":\"ListItem\",\"position\":2,\"name\":\"consument BE FR\",\"item\":\"https:\\\/\\\/staging.joyn.eu\\\/fr-be\\\/consument-old\\\/\"},{\"@type\":\"ListItem\",\"position\":3,\"name\":\"Centre d\u2019aide\",\"item\":\"https:\\\/\\\/staging.joyn.eu\\\/fr-be\\\/consument-old\\\/centre-daide\\\/\"},{\"@type\":\"ListItem\",\"position\":4,\"name\":\"\u00c0 propos de Joyn\"}]},{\"@type\":\"WebSite\",\"@id\":\"https:\\\/\\\/staging.joyn.eu\\\/fr-be\\\/#website\",\"url\":\"https:\\\/\\\/staging.joyn.eu\\\/fr-be\\\/\",\"name\":\"Joyn\",\"description\":\"Quand vos clients deviennent des fans\",\"publisher\":{\"@id\":\"https:\\\/\\\/staging.joyn.eu\\\/fr-be\\\/#organization\"},\"potentialAction\":[{\"@type\":\"SearchAction\",\"target\":{\"@type\":\"EntryPoint\",\"urlTemplate\":\"https:\\\/\\\/staging.joyn.eu\\\/fr-be\\\/?s={search_term_string}\"},\"query-input\":{\"@type\":\"PropertyValueSpecification\",\"valueRequired\":true,\"valueName\":\"search_term_string\"}}],\"inLanguage\":\"fr-BE\"},{\"@type\":\"Organization\",\"@id\":\"https:\\\/\\\/staging.joyn.eu\\\/fr-be\\\/#organization\",\"name\":\"Joyn\",\"url\":\"https:\\\/\\\/staging.joyn.eu\\\/fr-be\\\/\",\"logo\":{\"@type\":\"ImageObject\",\"inLanguage\":\"fr-BE\",\"@id\":\"https:\\\/\\\/staging.joyn.eu\\\/fr-be\\\/#\\\/schema\\\/logo\\\/image\\\/\",\"url\":\"https:\\\/\\\/staging.joyn.eu\\\/wp-content\\\/uploads\\\/2021\\\/02\\\/Blue-green-h40.png\",\"contentUrl\":\"https:\\\/\\\/staging.joyn.eu\\\/wp-content\\\/uploads\\\/2021\\\/02\\\/Blue-green-h40.png\",\"width\":83,\"height\":40,\"caption\":\"Joyn\"},\"image\":{\"@id\":\"https:\\\/\\\/staging.joyn.eu\\\/fr-be\\\/#\\\/schema\\\/logo\\\/image\\\/\"}}]}<\/script>\n<!-- \/ Yoast SEO plugin. -->","yoast_head_json":{"title":"\u00c0 propos de Joyn - Joyn","robots":{"index":"noindex","follow":"follow","max-snippet":"max-snippet:-1","max-image-preview":"max-image-preview:large","max-video-preview":"max-video-preview:-1"},"og_locale":"fr_FR","og_type":"article","og_title":"\u00c0 propos de Joyn - Joyn","og_description":"2 Sep Admin Qui se cache derri\u00e8re Joyn ? Joyn a \u00e9t\u00e9 cr\u00e9\u00e9 en 2014 sous le nom \u00ab CityLife \u00bb, une spin-off de Mobile Vikings. La vision des cr\u00e9ateurs Frank Bekkers et Koen Desmedt \u00e9tait la suivante : Rapprocher davan 2 Sep Admin Joyn, c\u2019est quoi ? Joyn est une plateforme de fid\u00e9lisation et [&hellip;]","og_url":"https:\/\/staging.joyn.eu\/fr-be\/consument-old\/centre-daide\/a-propos-de-joyn\/","og_site_name":"Joyn","article_modified_time":"2025-04-28T13:26:28+00:00","og_image":[{"url":"https:\/\/staging.joyn.eu\/wp-content\/uploads\/2021\/12\/Webshop-650x650.jpg","type":"","width":"","height":""}],"twitter_card":"summary_large_image","twitter_misc":{"Dur\u00e9e de lecture est.":"2 minutes"},"schema":{"@context":"https:\/\/schema.org","@graph":[{"@type":"WebPage","@id":"https:\/\/staging.joyn.eu\/fr-be\/consument-old\/centre-daide\/a-propos-de-joyn\/","url":"https:\/\/staging.joyn.eu\/fr-be\/consument-old\/centre-daide\/a-propos-de-joyn\/","name":"\u00c0 propos de Joyn - Joyn","isPartOf":{"@id":"https:\/\/staging.joyn.eu\/fr-be\/#website"},"datePublished":"2021-09-07T09:50:52+00:00","dateModified":"2025-04-28T13:26:28+00:00","breadcrumb":{"@id":"https:\/\/staging.joyn.eu\/fr-be\/consument-old\/centre-daide\/a-propos-de-joyn\/#breadcrumb"},"inLanguage":"fr-BE","potentialAction":[{"@type":"ReadAction","target":["https:\/\/staging.joyn.eu\/fr-be\/consument-old\/centre-daide\/a-propos-de-joyn\/"]}]},{"@type":"BreadcrumbList","@id":"https:\/\/staging.joyn.eu\/fr-be\/consument-old\/centre-daide\/a-propos-de-joyn\/#breadcrumb","itemListElement":[{"@type":"ListItem","position":1,"name":"Home","item":"https:\/\/staging.joyn.eu\/fr-be\/home-merchant-new-fr\/"},{"@type":"ListItem","position":2,"name":"consument BE FR","item":"https:\/\/staging.joyn.eu\/fr-be\/consument-old\/"},{"@type":"ListItem","position":3,"name":"Centre d\u2019aide","item":"https:\/\/staging.joyn.eu\/fr-be\/consument-old\/centre-daide\/"},{"@type":"ListItem","position":4,"name":"\u00c0 propos de Joyn"}]},{"@type":"WebSite","@id":"https:\/\/staging.joyn.eu\/fr-be\/#website","url":"https:\/\/staging.joyn.eu\/fr-be\/","name":"Joyn","description":"Quand vos clients deviennent des fans","publisher":{"@id":"https:\/\/staging.joyn.eu\/fr-be\/#organization"},"potentialAction":[{"@type":"SearchAction","target":{"@type":"EntryPoint","urlTemplate":"https:\/\/staging.joyn.eu\/fr-be\/?s={search_term_string}"},"query-input":{"@type":"PropertyValueSpecification","valueRequired":true,"valueName":"search_term_string"}}],"inLanguage":"fr-BE"},{"@type":"Organization","@id":"https:\/\/staging.joyn.eu\/fr-be\/#organization","name":"Joyn","url":"https:\/\/staging.joyn.eu\/fr-be\/","logo":{"@type":"ImageObject","inLanguage":"fr-BE","@id":"https:\/\/staging.joyn.eu\/fr-be\/#\/schema\/logo\/image\/","url":"https:\/\/staging.joyn.eu\/wp-content\/uploads\/2021\/02\/Blue-green-h40.png","contentUrl":"https:\/\/staging.joyn.eu\/wp-content\/uploads\/2021\/02\/Blue-green-h40.png","width":83,"height":40,"caption":"Joyn"},"image":{"@id":"https:\/\/staging.joyn.eu\/fr-be\/#\/schema\/logo\/image\/"}}]}},"_links":{"self":[{"href":"https:\/\/staging.joyn.eu\/fr-be\/wp-json\/wp\/v2\/pages\/42848","targetHints":{"allow":["GET"]}}],"collection":[{"href":"https:\/\/staging.joyn.eu\/fr-be\/wp-json\/wp\/v2\/pages"}],"about":[{"href":"https:\/\/staging.joyn.eu\/fr-be\/wp-json\/wp\/v2\/types\/page"}],"author":[{"embeddable":true,"href":"https:\/\/staging.joyn.eu\/fr-be\/wp-json\/wp\/v2\/users\/1"}],"replies":[{"embeddable":true,"href":"https:\/\/staging.joyn.eu\/fr-be\/wp-json\/wp\/v2\/comments?post=42848"}],"version-history":[{"count":11,"href":"https:\/\/staging.joyn.eu\/fr-be\/wp-json\/wp\/v2\/pages\/42848\/revisions"}],"predecessor-version":[{"id":106325,"href":"https:\/\/staging.joyn.eu\/fr-be\/wp-json\/wp\/v2\/pages\/42848\/revisions\/106325"}],"up":[{"embeddable":true,"href":"https:\/\/staging.joyn.eu\/fr-be\/wp-json\/wp\/v2\/pages\/32095"}],"wp:attachment":[{"href":"https:\/\/staging.joyn.eu\/fr-be\/wp-json\/wp\/v2\/media?parent=42848"}],"curies":[{"name":"wp","href":"https:\/\/api.w.org\/{rel}","templated":true}]}}